{"id":80515,"date":"2025-07-14T15:58:33","date_gmt":"2025-07-14T12:58:33","guid":{"rendered":"https:\/\/demo8.ecube.lv\/sezona.lv\/products\/ziemas-kostims-alaskan-trophy-red-black\/"},"modified":"2025-07-14T15:58:33","modified_gmt":"2025-07-14T12:58:33","slug":"ziemas-kostims-alaskan-trophy-red-black","status":"publish","type":"product","link":"https:\/\/sezona.lv\/en\/products\/ziemas-kostims-alaskan-trophy-red-black\/","title":{"rendered":"Ziemas kost\u012bms Alaskan Trophy red\/black"},"content":{"rendered":"<p>Alaskan Trophy ir paredz\u0113ta &#8220;silt\u0101m&#8221; Eiropas ziem\u0101m (+5 l\u012bdz -15 C). Jaunais modernais modelis ir ide\u0101li piem\u0113rots zemledus mak&scaron;\u0137er\u0113&scaron;anai un pils\u0113tas apst\u0101k\u013ciem. Aug&scaron;da\u013cas audums ir 100% neilons ar Rip Stop tekst\u016bru. Jakai ir augsta kapuce ar regul\u0113jamu augstumu un platumu, ergonomiskas piedurknes ar iek&scaron;\u0113j\u0101m trikot\u0101\u017eas aproc\u0113m. Jaka iek&scaron;pus\u0113 ir mikrofliss. Jakai ir divas kabatas rok\u0101m, divas r\u0101v\u0113jsl\u0113dz\u0113ja aizdares kabatas aug&scaron;\u0113j\u0101 da\u013c\u0101, centr\u0101lais r\u0101v\u0113jsl\u0113dz\u0113js ar diviem sl\u012bd\u0146iem, sl\u0113pta centr\u0101l\u0101 v\u0113ja atloka. Uzvalka jostas labaj\u0101 pus\u0113 (blakus rokas kabatai) ir pusgredzens instrumentu piestiprin\u0101&scaron;anai.<\/p>\n<p>Tehnolo\u0123ijas:<\/p>\n<p>\u016adensnecaurlaid\u012bba: 10000 mm<\/p>\n<p>Elpojo&scaron;s: 5000 g\/m2<\/p>\n<p>Thermolite<\/p>\n","protected":false},"excerpt":{"rendered":"<p>Alaskan Trophy ir paredz\u0113ta &#8220;silt\u0101m&#8221; Eiropas ziem\u0101m (+5 l\u012bdz -15 C). Jaunais modernais modelis ir ide\u0101li piem\u0113rots zemledus mak&scaron;\u0137er\u0113&scaron;anai un pils\u0113tas apst\u0101k\u013ciem. Aug&scaron;da\u013cas audums ir 100% neilons ar Rip Stop tekst\u016bru. Jakai ir augsta kapuce ar regul\u0113jamu augstumu un platumu, ergonomiskas piedurknes ar iek&scaron;\u0113j\u0101m trikot\u0101\u017eas aproc\u0113m. Jaka iek&scaron;pus\u0113 ir mikrofliss. Jakai ir divas kabatas rok\u0101m, [&hellip;]<\/p>\n","protected":false},"featured_media":0,"template":"","meta":[],"product_brand":[],"product_cat":[4619,4640,4992,4993],"product_tag":[],"class_list":{"0":"post-80515","1":"product","2":"type-product","3":"status-publish","5":"product_cat-winter-clothes-recreation","6":"product_cat-recreation","7":"product_cat-alaskan-suits-winter-suits-for-fishing","8":"product_cat-winter-suits-for-fishing-winter-clothes-recreation","10":"first","11":"instock","12":"shipping-taxable","13":"purchasable","14":"product-type-simple"},"_links":{"self":[{"href":"https:\/\/sezona.lv\/en\/wp-json\/wp\/v2\/product\/80515","targetHints":{"allow":["GET"]}}],"collection":[{"href":"https:\/\/sezona.lv\/en\/wp-json\/wp\/v2\/product"}],"about":[{"href":"https:\/\/sezona.lv\/en\/wp-json\/wp\/v2\/types\/product"}],"wp:attachment":[{"href":"https:\/\/sezona.lv\/en\/wp-json\/wp\/v2\/media?parent=80515"}],"wp:term":[{"taxonomy":"product_brand","embeddable":true,"href":"https:\/\/sezona.lv\/en\/wp-json\/wp\/v2\/product_brand?post=80515"},{"taxonomy":"product_cat","embeddable":true,"href":"https:\/\/sezona.lv\/en\/wp-json\/wp\/v2\/product_cat?post=80515"},{"taxonomy":"product_tag","embeddable":true,"href":"https:\/\/sezona.lv\/en\/wp-json\/wp\/v2\/product_tag?post=80515"}],"curies":[{"name":"wp","href":"https:\/\/api.w.org\/{rel}","templated":true}]}}