{"id":80517,"date":"2025-07-14T15:58:35","date_gmt":"2025-07-14T12:58:35","guid":{"rendered":"https:\/\/demo8.ecube.lv\/sezona.lv\/products\/ziemas-kostims-alaskan-savoonga-black-gray\/"},"modified":"2025-07-14T15:58:35","modified_gmt":"2025-07-14T12:58:35","slug":"ziemas-kostims-alaskan-savoonga-black-gray","status":"publish","type":"product","link":"https:\/\/sezona.lv\/en\/products\/ziemas-kostims-alaskan-savoonga-black-gray\/","title":{"rendered":"Ziemas kost\u012bms Alaskan Savoonga black\/gray"},"content":{"rendered":"<p>Alaskan iepaz\u012bstina ar 2021. gada jaunumu &#8211; divda\u013c\u012bgo kost\u012bmu Savoonga. Temperat\u016bras diapazons l\u012bdz -35&deg;C. Jakai ir asimetrisks dizains. Liela kapuce ar regul\u0113jamu augstumu un platumu. Dzi\u013ca kr\u016b&scaron;u kabata ar \u016bdensnecaurlaid\u012bgu r\u0101v\u0113jsl\u0113dz\u0113ju un vilnas oder\u0113jumu. Kombin\u0113ta odere (folija + vilna). Jaka ir apr\u012bkota ar atstarojo&scaron;iem elementiem (mugur\u0101, kr\u016bt\u012bs un labaj\u0101 piedurkn\u0113). Kombinezonam ar biks\u0113m ir divas rokas kabatas ar \u016bdensnecaurlaid\u012bgiem r\u0101v\u0113jsl\u0113dz\u0113jiem, divda\u013c\u012bgs r\u0101v\u0113jsl\u0113dz\u0113js zem centr\u0101l\u0101s pretv\u0113ja joslas. Uzvalka aug&scaron;da\u013c\u0101 ir liela kabata mobilajam t\u0101lrunim. Ergonomiskie ce\u013cgali ir pastiprin\u0101ti ar no\u0146emam\u0101m put\u0101m. Ar\u012b uzvalka muguras da\u013ca ir pastiprin\u0101ta ar put\u0101m. Apak&scaron;\u0113j\u0101 k\u0101ju da\u013ca ir regul\u0113jama platum\u0101 (r\u0101v\u0113jsl\u0113dz\u0113js + Velcro).<\/p>\n<p>TEHLO\u0122IJAS:<\/p>\n<p>\u016adensiztur\u012bba 10000 mm<\/p>\n<p>Elpojam\u012bba 5000 g\/m2<\/p>\n<p>Klimata kontrole<\/p>\n<p>V\u0113ja aizsardz\u012bba<\/p>\n<p>AERO-TEX<\/p>\n<p>&nbsp;<\/p>\n","protected":false},"excerpt":{"rendered":"<p>Alaskan iepaz\u012bstina ar 2021. gada jaunumu &#8211; divda\u013c\u012bgo kost\u012bmu Savoonga. Temperat\u016bras diapazons l\u012bdz -35&deg;C. Jakai ir asimetrisks dizains. Liela kapuce ar regul\u0113jamu augstumu un platumu. Dzi\u013ca kr\u016b&scaron;u kabata ar \u016bdensnecaurlaid\u012bgu r\u0101v\u0113jsl\u0113dz\u0113ju un vilnas oder\u0113jumu. Kombin\u0113ta odere (folija + vilna). Jaka ir apr\u012bkota ar atstarojo&scaron;iem elementiem (mugur\u0101, kr\u016bt\u012bs un labaj\u0101 piedurkn\u0113). Kombinezonam ar biks\u0113m ir divas [&hellip;]<\/p>\n","protected":false},"featured_media":0,"template":"","meta":[],"product_brand":[],"product_cat":[4619,4640,4992,4993],"product_tag":[],"class_list":{"0":"post-80517","1":"product","2":"type-product","3":"status-publish","5":"product_cat-winter-clothes-recreation","6":"product_cat-recreation","7":"product_cat-alaskan-suits-winter-suits-for-fishing","8":"product_cat-winter-suits-for-fishing-winter-clothes-recreation","10":"first","11":"instock","12":"shipping-taxable","13":"purchasable","14":"product-type-simple"},"_links":{"self":[{"href":"https:\/\/sezona.lv\/en\/wp-json\/wp\/v2\/product\/80517","targetHints":{"allow":["GET"]}}],"collection":[{"href":"https:\/\/sezona.lv\/en\/wp-json\/wp\/v2\/product"}],"about":[{"href":"https:\/\/sezona.lv\/en\/wp-json\/wp\/v2\/types\/product"}],"wp:attachment":[{"href":"https:\/\/sezona.lv\/en\/wp-json\/wp\/v2\/media?parent=80517"}],"wp:term":[{"taxonomy":"product_brand","embeddable":true,"href":"https:\/\/sezona.lv\/en\/wp-json\/wp\/v2\/product_brand?post=80517"},{"taxonomy":"product_cat","embeddable":true,"href":"https:\/\/sezona.lv\/en\/wp-json\/wp\/v2\/product_cat?post=80517"},{"taxonomy":"product_tag","embeddable":true,"href":"https:\/\/sezona.lv\/en\/wp-json\/wp\/v2\/product_tag?post=80517"}],"curies":[{"name":"wp","href":"https:\/\/api.w.org\/{rel}","templated":true}]}}