{"id":80518,"date":"2025-07-14T15:58:36","date_gmt":"2025-07-14T12:58:36","guid":{"rendered":"https:\/\/demo8.ecube.lv\/sezona.lv\/products\/ziemas-kostims-alaskan-newpolarm\/"},"modified":"2025-07-14T15:58:36","modified_gmt":"2025-07-14T12:58:36","slug":"ziemas-kostims-alaskan-newpolarm","status":"publish","type":"product","link":"https:\/\/sezona.lv\/en\/products\/ziemas-kostims-alaskan-newpolarm\/","title":{"rendered":"Ziemas kost\u012bms Alaskan NewPolarM"},"content":{"rendered":"<p>NewPolarM ir p\u0101rveidota NewPolar mode\u013ca versija, kas paredz\u0113ta zvejai l\u012bdz -45 &deg;C temperat\u016br\u0101. Jakai ir centr\u0101l\u0101 aizsardz\u012bba pret v\u0113ju un s\u0101nu kabatu atloki ar magn\u0113tisku aizdari. Iek&scaron;\u0113j\u0101s aproces ir lab\u0101k uzs\u016bco&scaron;as nek\u0101 iepriek&scaron;\u0113jam modelim, un piegriezum\u0101 ir \u0113rtas atveres \u012bk&scaron;\u0137iem. Kapucei ir priek&scaron;\u0113j\u0101 d\u016briena fiks\u0101cija. Pateicoties AERO-TEX materi\u0101lam, kas ir \u016bdensnecaurlaid\u012bgs, v\u0113ja necaurlaid\u012bgs un ar augstu elpojam\u012bbu, kombinezons nodro&scaron;ina maksim\u0101lu komfortu ekstrem\u0101los apst\u0101k\u013cos. Visas &scaron;uves ir l\u012bm\u0113tas. Komplekt\u0101 ietilpst t\u0113rpa glab\u0101&scaron;anas soma un kokvilnas dvielis.<\/p>\n<p>TEHNOLO\u0122IJAS:<\/p>\n<p>\u016adensnecaurlaid\u012bba 10000 mm<\/p>\n<p>Elpojam\u012bba 8000 g\/m2<\/p>\n<p>Sint\u0113tisko p\u016bku bl\u012bvums 320<\/p>\n<p>Klimata kontrole<\/p>\n<p>V\u0113ja aizsardz\u012bba<\/p>\n<p>Materi\u0101ls AERO-TEX<\/p>\n","protected":false},"excerpt":{"rendered":"<p>NewPolarM ir p\u0101rveidota NewPolar mode\u013ca versija, kas paredz\u0113ta zvejai l\u012bdz -45 &deg;C temperat\u016br\u0101. Jakai ir centr\u0101l\u0101 aizsardz\u012bba pret v\u0113ju un s\u0101nu kabatu atloki ar magn\u0113tisku aizdari. Iek&scaron;\u0113j\u0101s aproces ir lab\u0101k uzs\u016bco&scaron;as nek\u0101 iepriek&scaron;\u0113jam modelim, un piegriezum\u0101 ir \u0113rtas atveres \u012bk&scaron;\u0137iem. Kapucei ir priek&scaron;\u0113j\u0101 d\u016briena fiks\u0101cija. Pateicoties AERO-TEX materi\u0101lam, kas ir \u016bdensnecaurlaid\u012bgs, v\u0113ja necaurlaid\u012bgs un ar [&hellip;]<\/p>\n","protected":false},"featured_media":0,"template":"","meta":[],"product_brand":[],"product_cat":[4619,4640,4992,4993],"product_tag":[],"class_list":{"0":"post-80518","1":"product","2":"type-product","3":"status-publish","5":"product_cat-winter-clothes-recreation","6":"product_cat-recreation","7":"product_cat-alaskan-suits-winter-suits-for-fishing","8":"product_cat-winter-suits-for-fishing-winter-clothes-recreation","10":"first","11":"instock","12":"shipping-taxable","13":"product-type-simple"},"_links":{"self":[{"href":"https:\/\/sezona.lv\/en\/wp-json\/wp\/v2\/product\/80518","targetHints":{"allow":["GET"]}}],"collection":[{"href":"https:\/\/sezona.lv\/en\/wp-json\/wp\/v2\/product"}],"about":[{"href":"https:\/\/sezona.lv\/en\/wp-json\/wp\/v2\/types\/product"}],"wp:attachment":[{"href":"https:\/\/sezona.lv\/en\/wp-json\/wp\/v2\/media?parent=80518"}],"wp:term":[{"taxonomy":"product_brand","embeddable":true,"href":"https:\/\/sezona.lv\/en\/wp-json\/wp\/v2\/product_brand?post=80518"},{"taxonomy":"product_cat","embeddable":true,"href":"https:\/\/sezona.lv\/en\/wp-json\/wp\/v2\/product_cat?post=80518"},{"taxonomy":"product_tag","embeddable":true,"href":"https:\/\/sezona.lv\/en\/wp-json\/wp\/v2\/product_tag?post=80518"}],"curies":[{"name":"wp","href":"https:\/\/api.w.org\/{rel}","templated":true}]}}