{"id":80519,"date":"2025-07-14T15:58:37","date_gmt":"2025-07-14T12:58:37","guid":{"rendered":"https:\/\/demo8.ecube.lv\/sezona.lv\/products\/ziemas-kostims-alaskan-new-polar-2-0\/"},"modified":"2025-07-14T15:58:37","modified_gmt":"2025-07-14T12:58:37","slug":"ziemas-kostims-alaskan-new-polar-2-0","status":"publish","type":"product","link":"https:\/\/sezona.lv\/en\/products\/ziemas-kostims-alaskan-new-polar-2-0\/","title":{"rendered":"Ziemas kost\u012bms Alaskan New Polar 2.0"},"content":{"rendered":"<p>Izol\u0113ts divda\u013c\u012bgs ziemas zvejas kost\u012bms. Lieliska aizsardz\u012bba pret aukstumu l\u012bdz pat -45&deg;C temperat\u016br\u0101. &#8220;NewPolar&#8221; kombinezonam 2.0 versij\u0101 ir moderns dizains un uzlabota funkcionalit\u0101te. Tagad t\u0113rps ir pieejams tr\u012bs kr\u0101su kombin\u0101cij\u0101s (sarkan\u0101\/pel\u0113k\u0101\/meln\u0101). Ir palielin\u0101ts jakas kabatu skaits. Jaunaj\u0101 model\u012b gandr\u012bz vis\u0101m kabat\u0101m ir magn\u0113tiska aizdare. Iek&scaron;\u0113j\u0101s kabatas ir p\u0101rveidotas. Iek&scaron;\u0113j\u0101s aproces ir izgatavotas no higroskopiskas vilnas ar caurumu \u012bk&scaron;\u0137im. Kapucei ir fiksators priek&scaron;pus\u0113. Pateicoties AERO-TEX materi\u0101lam, kas ir \u016bdensnecaurlaid\u012bgs un v\u0113ja necaurlaid\u012bgs, k\u0101 ar\u012b tam piem\u012bt augstas &#8220;elpojam\u012bbas&#8221; \u012bpa&scaron;\u012bbas, kombinezons rada maksim\u0101lu komfortu ekstrem\u0101los apst\u0101k\u013cos. Visas &scaron;uves ir l\u012bm\u0113tas. Komplekt\u0101 ietilpst uzglab\u0101&scaron;anas soma un no\u0146emams kokvilnas dvielis.<\/p>\n<p>&nbsp;<\/p>\n<p>TEHNOLO\u0122IJAS:<\/p>\n<p>\u016adensnecaurlaid\u012bba 10000 mm<\/p>\n<p>Elpojam\u012bba 5000 g\/m2<\/p>\n<p>Klimata kontrole<\/p>\n<p>V\u0113ja aizsardz\u012bba<\/p>\n<p>AERO-TEX<\/p>\n","protected":false},"excerpt":{"rendered":"<p>Izol\u0113ts divda\u013c\u012bgs ziemas zvejas kost\u012bms. Lieliska aizsardz\u012bba pret aukstumu l\u012bdz pat -45&deg;C temperat\u016br\u0101. &#8220;NewPolar&#8221; kombinezonam 2.0 versij\u0101 ir moderns dizains un uzlabota funkcionalit\u0101te. Tagad t\u0113rps ir pieejams tr\u012bs kr\u0101su kombin\u0101cij\u0101s (sarkan\u0101\/pel\u0113k\u0101\/meln\u0101). Ir palielin\u0101ts jakas kabatu skaits. Jaunaj\u0101 model\u012b gandr\u012bz vis\u0101m kabat\u0101m ir magn\u0113tiska aizdare. Iek&scaron;\u0113j\u0101s kabatas ir p\u0101rveidotas. Iek&scaron;\u0113j\u0101s aproces ir izgatavotas no higroskopiskas vilnas [&hellip;]<\/p>\n","protected":false},"featured_media":0,"template":"","meta":[],"product_brand":[],"product_cat":[4619,4640,4992,4993],"product_tag":[],"class_list":{"0":"post-80519","1":"product","2":"type-product","3":"status-publish","5":"product_cat-winter-clothes-recreation","6":"product_cat-recreation","7":"product_cat-alaskan-suits-winter-suits-for-fishing","8":"product_cat-winter-suits-for-fishing-winter-clothes-recreation","10":"first","11":"instock","12":"shipping-taxable","13":"product-type-simple"},"_links":{"self":[{"href":"https:\/\/sezona.lv\/en\/wp-json\/wp\/v2\/product\/80519","targetHints":{"allow":["GET"]}}],"collection":[{"href":"https:\/\/sezona.lv\/en\/wp-json\/wp\/v2\/product"}],"about":[{"href":"https:\/\/sezona.lv\/en\/wp-json\/wp\/v2\/types\/product"}],"wp:attachment":[{"href":"https:\/\/sezona.lv\/en\/wp-json\/wp\/v2\/media?parent=80519"}],"wp:term":[{"taxonomy":"product_brand","embeddable":true,"href":"https:\/\/sezona.lv\/en\/wp-json\/wp\/v2\/product_brand?post=80519"},{"taxonomy":"product_cat","embeddable":true,"href":"https:\/\/sezona.lv\/en\/wp-json\/wp\/v2\/product_cat?post=80519"},{"taxonomy":"product_tag","embeddable":true,"href":"https:\/\/sezona.lv\/en\/wp-json\/wp\/v2\/product_tag?post=80519"}],"curies":[{"name":"wp","href":"https:\/\/api.w.org\/{rel}","templated":true}]}}