{"id":80520,"date":"2025-07-14T15:58:38","date_gmt":"2025-07-14T12:58:38","guid":{"rendered":"https:\/\/demo8.ecube.lv\/sezona.lv\/products\/ziemas-kostims-alaskan-dakota\/"},"modified":"2025-07-14T15:58:38","modified_gmt":"2025-07-14T12:58:38","slug":"ziemas-kostims-alaskan-dakota","status":"publish","type":"product","link":"https:\/\/sezona.lv\/en\/products\/ziemas-kostims-alaskan-dakota\/","title":{"rendered":"Ziemas kost\u012bms Alaskan Dakota"},"content":{"rendered":"<p>Silts, viegls (2,8 kg), v\u0113ja necaurlaid\u012bgs, sportiska dizaina uzvalks no \u016bdensnecaurlaid\u012bga auduma ar AERO-TEX membr\u0101nu zvejai mitr\u0101, aukst\u0101 laik\u0101 l\u012bdz -30 C. Visas &scaron;uves ir l\u012bm\u0113tas.<\/p>\n<p>&nbsp;<\/p>\n<p>Tehnolo\u0123ijas:<\/p>\n<p>AERO-TEX<\/p>\n<p>\u016adensnecaurlaid\u012bba 5000 mm<\/p>\n<p>Elpojo&scaron;s 3000 g\/m2<\/p>\n<p>Sint\u0113tisk\u0101s d\u016bnas 280 g<\/p>\n<p>Climat Control<\/p>\n<p>Wind Stopper<\/p>\n","protected":false},"excerpt":{"rendered":"<p>Silts, viegls (2,8 kg), v\u0113ja necaurlaid\u012bgs, sportiska dizaina uzvalks no \u016bdensnecaurlaid\u012bga auduma ar AERO-TEX membr\u0101nu zvejai mitr\u0101, aukst\u0101 laik\u0101 l\u012bdz -30 C. Visas &scaron;uves ir l\u012bm\u0113tas. &nbsp; Tehnolo\u0123ijas: AERO-TEX \u016adensnecaurlaid\u012bba 5000 mm Elpojo&scaron;s 3000 g\/m2 Sint\u0113tisk\u0101s d\u016bnas 280 g Climat Control Wind Stopper<\/p>\n","protected":false},"featured_media":0,"template":"","meta":[],"product_brand":[],"product_cat":[4619,4640,4992,4993],"product_tag":[],"class_list":{"0":"post-80520","1":"product","2":"type-product","3":"status-publish","5":"product_cat-winter-clothes-recreation","6":"product_cat-recreation","7":"product_cat-alaskan-suits-winter-suits-for-fishing","8":"product_cat-winter-suits-for-fishing-winter-clothes-recreation","10":"first","11":"instock","12":"shipping-taxable","13":"product-type-simple"},"_links":{"self":[{"href":"https:\/\/sezona.lv\/en\/wp-json\/wp\/v2\/product\/80520","targetHints":{"allow":["GET"]}}],"collection":[{"href":"https:\/\/sezona.lv\/en\/wp-json\/wp\/v2\/product"}],"about":[{"href":"https:\/\/sezona.lv\/en\/wp-json\/wp\/v2\/types\/product"}],"wp:attachment":[{"href":"https:\/\/sezona.lv\/en\/wp-json\/wp\/v2\/media?parent=80520"}],"wp:term":[{"taxonomy":"product_brand","embeddable":true,"href":"https:\/\/sezona.lv\/en\/wp-json\/wp\/v2\/product_brand?post=80520"},{"taxonomy":"product_cat","embeddable":true,"href":"https:\/\/sezona.lv\/en\/wp-json\/wp\/v2\/product_cat?post=80520"},{"taxonomy":"product_tag","embeddable":true,"href":"https:\/\/sezona.lv\/en\/wp-json\/wp\/v2\/product_tag?post=80520"}],"curies":[{"name":"wp","href":"https:\/\/api.w.org\/{rel}","templated":true}]}}