{"id":80521,"date":"2025-07-14T15:58:38","date_gmt":"2025-07-14T12:58:38","guid":{"rendered":"https:\/\/demo8.ecube.lv\/sezona.lv\/products\/peldosais-ziemas-kostims-alaskan-cherokee-red-black\/"},"modified":"2025-07-14T15:58:38","modified_gmt":"2025-07-14T12:58:38","slug":"peldosais-ziemas-kostims-alaskan-cherokee-red-black","status":"publish","type":"product","link":"https:\/\/sezona.lv\/en\/products\/peldosais-ziemas-kostims-alaskan-cherokee-red-black\/","title":{"rendered":"Peldo\u0161ais ziemas kost\u012bms Alaskan Cherokee red\/black"},"content":{"rendered":"<p>Peldo&scaron;ais ziemas kost\u012bms Alaskan Cherokee red\/black.<\/p>\n<p>Alaskan Cherokee kost\u012bma \u012bpa&scaron;\u0101 iez\u012bme ir t\u0101, ka jaka ir ar putuplasta ielikt\u0146iem priek&scaron;\u0113jos un aizmugur\u0113jos pane\u013cos. Jaka ir siltin\u0101ta ar sint\u0113tisko d\u016bnu izol\u0101ciju, tai ir ko&scaron;a kr\u0101su kombin\u0101cija un t\u0101 ir apr\u012bkota ar atstarojo&scaron;iem dekorat\u012bviem elementiem. Jakas piedurkn\u0113m ir iek&scaron;\u0113j\u0101s neopr\u0113na aproces. Puskombinezonam, t\u0101pat k\u0101 jakai, ir Synthetic Down izol\u0101cija, k\u0101 ar\u012b putuplasta ielikt\u0146i kombinezona mugurpus\u0113 un pie ce\u013cgaliem. Pateicoties AERO-TEX materi\u0101lam, kas ir \u016bdensnecaurlaid\u012bgs, v\u0113ja necaurlaid\u012bgs un labi elpojo&scaron;s, kombinezons nodro&scaron;ina maksim\u0101lu komfortu ekstrem\u0101los apst\u0101k\u013cos. Visas &scaron;uves ir l\u012bm\u0113tas.<\/p>\n<p>&#8220;Cherokee&#8221; kost\u012bms ir paredz\u0113ts lieto&scaron;anai temperat\u016br\u0101 l\u012bdz -30 C.<\/p>\n<p>&nbsp;<\/p>\n<p>Tehnolo\u0123ija:<\/p>\n<p>AERO-TEX audums;<\/p>\n<p>\u016adens caurlaid\u012bba 10000 mm;<\/p>\n<p>Gaisa caurlaid\u012bba 5000 g\/m2;<\/p>\n<p>Klimata kontrole;<\/p>\n<p>Aizsardz\u012bba pret v\u0113ju.<\/p>\n","protected":false},"excerpt":{"rendered":"<p>Peldo&scaron;ais ziemas kost\u012bms Alaskan Cherokee red\/black. Alaskan Cherokee kost\u012bma \u012bpa&scaron;\u0101 iez\u012bme ir t\u0101, ka jaka ir ar putuplasta ielikt\u0146iem priek&scaron;\u0113jos un aizmugur\u0113jos pane\u013cos. Jaka ir siltin\u0101ta ar sint\u0113tisko d\u016bnu izol\u0101ciju, tai ir ko&scaron;a kr\u0101su kombin\u0101cija un t\u0101 ir apr\u012bkota ar atstarojo&scaron;iem dekorat\u012bviem elementiem. Jakas piedurkn\u0113m ir iek&scaron;\u0113j\u0101s neopr\u0113na aproces. Puskombinezonam, t\u0101pat k\u0101 jakai, ir Synthetic [&hellip;]<\/p>\n","protected":false},"featured_media":0,"template":"","meta":[],"product_brand":[],"product_cat":[4619,4640,4992,4993],"product_tag":[],"class_list":{"0":"post-80521","1":"product","2":"type-product","3":"status-publish","5":"product_cat-winter-clothes-recreation","6":"product_cat-recreation","7":"product_cat-alaskan-suits-winter-suits-for-fishing","8":"product_cat-winter-suits-for-fishing-winter-clothes-recreation","10":"first","11":"instock","12":"shipping-taxable","13":"product-type-simple"},"_links":{"self":[{"href":"https:\/\/sezona.lv\/en\/wp-json\/wp\/v2\/product\/80521","targetHints":{"allow":["GET"]}}],"collection":[{"href":"https:\/\/sezona.lv\/en\/wp-json\/wp\/v2\/product"}],"about":[{"href":"https:\/\/sezona.lv\/en\/wp-json\/wp\/v2\/types\/product"}],"wp:attachment":[{"href":"https:\/\/sezona.lv\/en\/wp-json\/wp\/v2\/media?parent=80521"}],"wp:term":[{"taxonomy":"product_brand","embeddable":true,"href":"https:\/\/sezona.lv\/en\/wp-json\/wp\/v2\/product_brand?post=80521"},{"taxonomy":"product_cat","embeddable":true,"href":"https:\/\/sezona.lv\/en\/wp-json\/wp\/v2\/product_cat?post=80521"},{"taxonomy":"product_tag","embeddable":true,"href":"https:\/\/sezona.lv\/en\/wp-json\/wp\/v2\/product_tag?post=80521"}],"curies":[{"name":"wp","href":"https:\/\/api.w.org\/{rel}","templated":true}]}}