{"id":80524,"date":"2025-07-14T15:58:42","date_gmt":"2025-07-14T12:58:42","guid":{"rendered":"https:\/\/demo8.ecube.lv\/sezona.lv\/products\/juras-makskere-salmo-blaster-surf-200-3126-420\/"},"modified":"2025-07-14T15:58:42","modified_gmt":"2025-07-14T12:58:42","slug":"juras-makskere-salmo-blaster-surf-200-3126-420","status":"publish","type":"product","link":"https:\/\/sezona.lv\/en\/products\/juras-makskere-salmo-blaster-surf-200-3126-420\/","title":{"rendered":"J\u016bras mak\u0161\u0137ere Salmo Blaster SURF 200 (3126-420)"},"content":{"rendered":"<p>Jaud\u012bga j\u016bras mak&scaron;\u0137ere, piem\u0113rota j\u016bras mak&scaron;\u0137er\u0113&scaron;anai no krasta.<\/p>\n<ul>\n<li>Materi\u0101ls &#8211; kompoz\u012bts<\/li>\n<li>Akcija &#8211; \u0101tra (F)<\/li>\n<li>Kostrukcija &#8211; teleskopiska<\/li>\n<li>Spoles tur\u0113t\u0101js &#8211; skr\u016bv\u0113jama tipa<\/li>\n<li>Caurlaides gredzeni &#8211; stiprin\u0101tie, ar SIC p\u0101rkl\u0101jumu<\/li>\n<\/ul>\n<dt>Artikuls: 3126-420<\/dt>\n<dt>Svars: 530 g<\/dt>\n<dt>Tests: 100-200 g<\/dt>\n<dt>Garums: 4.20 m<\/dt>\n<dt>Sekciju skaits: 5<\/dt>\n<dt>Transport\u0113jamais garums: 130 cm<\/dt>\n<dd><\/dd>\n","protected":false},"excerpt":{"rendered":"<p>Jaud\u012bga j\u016bras mak&scaron;\u0137ere, piem\u0113rota j\u016bras mak&scaron;\u0137er\u0113&scaron;anai no krasta. Materi\u0101ls &#8211; kompoz\u012bts Akcija &#8211; \u0101tra (F) Kostrukcija &#8211; teleskopiska Spoles tur\u0113t\u0101js &#8211; skr\u016bv\u0113jama tipa Caurlaides gredzeni &#8211; stiprin\u0101tie, ar SIC p\u0101rkl\u0101jumu Artikuls: 3126-420 Svars: 530 g Tests: 100-200 g Garums: 4.20 m Sekciju skaits: 5 Transport\u0113jamais garums: 130 cm<\/p>\n","protected":false},"featured_media":0,"template":"","meta":[],"product_brand":[894],"product_cat":[4538,4540,4550,4640],"product_tag":[],"class_list":{"0":"post-80524","1":"product","2":"type-product","3":"status-publish","5":"product_brand-salmo","6":"product_cat-fishing-equipment-recreation","7":"product_cat-fishing-rods-fishing-equipment-recreation","8":"product_cat-fishing-rods-for-sea-2-fishing-rods-fishing-equipment-recreation","9":"product_cat-recreation","11":"first","12":"instock","13":"shipping-taxable","14":"purchasable","15":"product-type-simple"},"_links":{"self":[{"href":"https:\/\/sezona.lv\/en\/wp-json\/wp\/v2\/product\/80524","targetHints":{"allow":["GET"]}}],"collection":[{"href":"https:\/\/sezona.lv\/en\/wp-json\/wp\/v2\/product"}],"about":[{"href":"https:\/\/sezona.lv\/en\/wp-json\/wp\/v2\/types\/product"}],"wp:attachment":[{"href":"https:\/\/sezona.lv\/en\/wp-json\/wp\/v2\/media?parent=80524"}],"wp:term":[{"taxonomy":"product_brand","embeddable":true,"href":"https:\/\/sezona.lv\/en\/wp-json\/wp\/v2\/product_brand?post=80524"},{"taxonomy":"product_cat","embeddable":true,"href":"https:\/\/sezona.lv\/en\/wp-json\/wp\/v2\/product_cat?post=80524"},{"taxonomy":"product_tag","embeddable":true,"href":"https:\/\/sezona.lv\/en\/wp-json\/wp\/v2\/product_tag?post=80524"}],"curies":[{"name":"wp","href":"https:\/\/api.w.org\/{rel}","templated":true}]}}