{"id":80525,"date":"2025-07-11T17:29:00","date_gmt":"2025-07-11T14:29:00","guid":{"rendered":"https:\/\/demo8.ecube.lv\/sezona.lv\/products\/juras-makskere-baltic-tele-surf-100-300g\/"},"modified":"2025-07-14T15:58:43","modified_gmt":"2025-07-14T12:58:43","slug":"juras-makskere-baltic-tele-surf-100-300g","status":"publish","type":"product","link":"https:\/\/sezona.lv\/en\/products\/juras-makskere-baltic-tele-surf-100-300g\/","title":{"rendered":"J\u016bras mak\u0161\u0137ere BALTIC TELE SURF 100 &#8211; 300g"},"content":{"rendered":"<p>Jaud\u012bga j\u016bras mak&scaron;\u0137ere, piem\u0113rota j\u016bras mak&scaron;\u0137er\u0113&scaron;anai no krasta.<\/p>\n<dt>Svars: 500 g<\/dt>\n<dt>Tests: 100-300 g<\/dt>\n<dt>Garums: 4.20 m<\/dt>\n<dt>Sekciju skaits: 5<\/dt>\n<dt>Transport\u0113jamais garums: 130 cm<\/dt>\n<dd><\/dd>\n","protected":false},"excerpt":{"rendered":"<p>Jaud\u012bga j\u016bras mak&scaron;\u0137ere, piem\u0113rota j\u016bras mak&scaron;\u0137er\u0113&scaron;anai no krasta. Svars: 500 g Tests: 100-300 g Garums: 4.20 m Sekciju skaits: 5 Transport\u0113jamais garums: 130 cm<\/p>\n","protected":false},"featured_media":75482,"template":"","meta":[],"product_brand":[894],"product_cat":[4538,4540,4550],"product_tag":[],"class_list":{"0":"post-80525","1":"product","2":"type-product","3":"status-publish","4":"has-post-thumbnail","6":"product_brand-salmo","7":"product_cat-fishing-equipment-recreation","8":"product_cat-fishing-rods-fishing-equipment-recreation","9":"product_cat-fishing-rods-for-sea-2-fishing-rods-fishing-equipment-recreation","11":"first","12":"instock","13":"shipping-taxable","14":"purchasable","15":"product-type-simple"},"_links":{"self":[{"href":"https:\/\/sezona.lv\/en\/wp-json\/wp\/v2\/product\/80525","targetHints":{"allow":["GET"]}}],"collection":[{"href":"https:\/\/sezona.lv\/en\/wp-json\/wp\/v2\/product"}],"about":[{"href":"https:\/\/sezona.lv\/en\/wp-json\/wp\/v2\/types\/product"}],"wp:featuredmedia":[{"embeddable":true,"href":"https:\/\/sezona.lv\/en\/wp-json\/wp\/v2\/media\/75482"}],"wp:attachment":[{"href":"https:\/\/sezona.lv\/en\/wp-json\/wp\/v2\/media?parent=80525"}],"wp:term":[{"taxonomy":"product_brand","embeddable":true,"href":"https:\/\/sezona.lv\/en\/wp-json\/wp\/v2\/product_brand?post=80525"},{"taxonomy":"product_cat","embeddable":true,"href":"https:\/\/sezona.lv\/en\/wp-json\/wp\/v2\/product_cat?post=80525"},{"taxonomy":"product_tag","embeddable":true,"href":"https:\/\/sezona.lv\/en\/wp-json\/wp\/v2\/product_tag?post=80525"}],"curies":[{"name":"wp","href":"https:\/\/api.w.org\/{rel}","templated":true}]}}