{"id":80526,"date":"2025-07-14T15:58:46","date_gmt":"2025-07-14T12:58:46","guid":{"rendered":"https:\/\/demo8.ecube.lv\/sezona.lv\/products\/busu-makskeresanas-komplekts\/"},"modified":"2025-07-14T15:58:46","modified_gmt":"2025-07-14T12:58:46","slug":"busu-makskeresanas-komplekts","status":"publish","type":"product","link":"https:\/\/sezona.lv\/en\/products\/busu-makskeresanas-komplekts\/","title":{"rendered":"Bu\u0161u mak\u0161\u0137er\u0113\u0161anas komplekts"},"content":{"rendered":"<p class=\"MsoNormal\">Bu&scaron;u mak&scaron;\u0137er\u0113&scaron;anas komplekts.<\/p>\n<p class=\"MsoNormal\">&nbsp;<\/p>\n<p class=\"MsoNormal\">Ieg\u0101d\u0101joties &scaron;o komplektu J\u016bs sa\u0146emsiet:<\/p>\n<p class=\"MsoListParagraphCxSpFirst\"><span lang=\"LV\">1)&nbsp;&nbsp;&nbsp;&nbsp;&nbsp;&nbsp;&nbsp;<\/span><span lang=\"LV\">J\u016bras mak&scaron;\u0137eri Salmo Blaster Surf 200 (3126-420)<\/span><\/p>\n<p class=\"MsoListParagraphCxSpMiddle\"><span lang=\"LV\">2)&nbsp;&nbsp;&nbsp;&nbsp;&nbsp;&nbsp;&nbsp;<\/span><span lang=\"LV\">Spoli DAM Quick 1 6000 FS<\/span><\/p>\n<p class=\"MsoListParagraphCxSpMiddle\"><span lang=\"LV\">3)&nbsp;&nbsp;&nbsp;&nbsp;&nbsp;&nbsp;&nbsp;<\/span><span lang=\"LV\">Sufix p\u012bto auklu J\u016bsu izv\u0113l\u0113taj\u0101 diametr\u0101<\/span><\/p>\n<p class=\"MsoListParagraphCxSpLast\"><span lang=\"LV\">4)&nbsp;&nbsp;&nbsp;&nbsp;&nbsp;&nbsp;&nbsp;<\/span><span lang=\"LV\">Bu&scaron;u sist\u0113mu ar 3 \u0101\u0137iem<\/span><\/p>\n<p class=\"MsoListParagraphCxSpLast\">&nbsp;<\/p>\n<p class=\"MsoNormal\"><span lang=\"LV\"><br \/><\/span><\/p>\n<p class=\"MsoNormal\"><strong><span lang=\"LV\">J\u016bras mak&scaron;\u0137ere Salmo Blaster Surf 200 (3126-420):<\/span><\/strong><\/p>\n<p class=\"MsoNormal\"><span lang=\"LV\">Jaud\u012bga j\u016bras mak&scaron;\u0137ere, piem\u0113rota j\u016bras mak&scaron;\u0137er\u0113&scaron;anai no krasta.<\/span><\/p>\n<ul type=\"square\">\n<li class=\"MsoNormal\">Materi\u0101ls &#8211; kompoz\u012bts<\/li>\n<li class=\"MsoNormal\">Akcija &#8211; \u0101tra (F)<\/li>\n<li class=\"MsoNormal\">Kostrukcija &#8211; teleskopiska<\/li>\n<li class=\"MsoNormal\">Spoles tur\u0113t\u0101js &#8211; skr\u016bv\u0113jama tipa<\/li>\n<li class=\"MsoNormal\">Caurlaides gredzeni &#8211; stiprin\u0101tie, ar SIC p\u0101rkl\u0101jumu<\/li>\n<\/ul>\n<p class=\"MsoNormal\">&nbsp;<\/p>\n<p class=\"MsoNormal\">Artikuls: 3126-420<\/p>\n<p class=\"MsoNormal\">Svars: 530 g<\/p>\n<p class=\"MsoNormal\">Tests: 100-200 g<\/p>\n<p class=\"MsoNormal\">Garums: 4.20 m<\/p>\n<p class=\"MsoNormal\">Sekciju skaits: 5<\/p>\n<p class=\"MsoNormal\">Transport\u0113jamais garums: 130 cm<\/p>\n<p class=\"MsoNormal\">&nbsp;<\/p>\n<p class=\"MsoNormal\"><strong><span lang=\"LV\">Spole DAM Quick 1 6000 FS:<\/span><\/strong><\/p>\n<p class=\"MsoNormal\"><span lang=\"LV\">Ra\u017eot\u0101js: D. A. M.<\/span><span lang=\"LV\"><br \/>Izm\u0113rs: 6000<br \/>Gult\u0146u skaits 3+1<br \/>Spoles Ietilp\u012bba 0.35 mm\/340 m<br \/>P\u0101rnesumskaitlis 5.2:1<br \/>Svars 368 gr<\/span><\/p>\n<p class=\"MsoNormal\"><span lang=\"LV\">&nbsp;<\/span><\/p>\n<p class=\"MsoNormal\"><strong><span lang=\"LV\">Sufix SFX 4X p\u012bt\u0101 aukla:<\/span><\/strong><strong><\/strong><\/p>\n<p class=\"MsoNormal\"><span lang=\"LV\">Sufix SFX 4X p\u012bt\u0101 aukla ir izgatavota no 100% Jap\u0101nas UHMPE &scaron;\u0137iedras, ar augstu p\u0101rr\u0101vuma iztur\u012bbu un izcilu nodilumiztur\u012bbu. Ide\u0101li piem\u0113rota zvejai sare\u017e\u0123\u012btos apst\u0101k\u013cos un ar lieliem m\u0101nek\u013ciem.<\/span><\/p>\n<table class=\"MsoNormalTable\" border=\"1\" cellspacing=\"0\" cellpadding=\"0\">\n<tbody>\n<tr>\n<td width=\"113\" valign=\"top\">\n<p class=\"MsoNormal\" align=\"center\"><span lang=\"LV\">Diametrs (mm)<\/span><\/p>\n<\/td>\n<td width=\"104\" valign=\"top\">\n<p class=\"MsoNormal\" align=\"center\"><span lang=\"LV\">Tests (kg)<\/span><\/p>\n<\/td>\n<\/tr>\n<tr>\n<td width=\"113\" valign=\"top\">\n<p class=\"MsoNormal\" align=\"center\"><span lang=\"LV\">0.128<\/span><\/p>\n<\/td>\n<td width=\"104\" valign=\"top\">\n<p class=\"MsoNormal\" align=\"center\"><span lang=\"LV\">5.5<\/span><\/p>\n<\/td>\n<\/tr>\n<tr>\n<td width=\"113\" valign=\"top\">\n<p class=\"MsoNormal\" align=\"center\"><span lang=\"LV\">0.148<\/span><\/p>\n<\/td>\n<td width=\"104\" valign=\"top\">\n<p class=\"MsoNormal\" align=\"center\"><span lang=\"LV\">7.0<\/span><\/p>\n<\/td>\n<\/tr>\n<tr>\n<td width=\"113\" valign=\"top\">\n<p class=\"MsoNormal\" align=\"center\"><span lang=\"LV\">0.165<\/span><\/p>\n<\/td>\n<td width=\"104\" valign=\"top\">\n<p class=\"MsoNormal\" align=\"center\"><span lang=\"LV\">8.6<\/span><\/p>\n<\/td>\n<\/tr>\n<tr>\n<td width=\"113\" valign=\"top\">\n<p class=\"MsoNormal\" align=\"center\"><span lang=\"LV\">0.185<\/span><\/p>\n<\/td>\n<td width=\"104\" valign=\"top\">\n<p class=\"MsoNormal\" align=\"center\"><span lang=\"LV\">10.0<\/span><\/p>\n<\/td>\n<\/tr>\n<tr>\n<td width=\"113\" valign=\"top\">\n<p class=\"MsoNormal\" align=\"center\"><span lang=\"LV\">0.205<\/span><\/p>\n<\/td>\n<td width=\"104\" valign=\"top\">\n<p class=\"MsoNormal\" align=\"center\"><span lang=\"LV\">11.5<\/span><\/p>\n<\/td>\n<\/tr>\n<tr>\n<td width=\"113\" valign=\"top\">\n<p class=\"MsoNormal\" align=\"center\"><span lang=\"LV\">0.235<\/span><\/p>\n<\/td>\n<td width=\"104\" valign=\"top\">\n<p class=\"MsoNormal\" align=\"center\"><span lang=\"LV\">13.6<\/span><\/p>\n<\/td>\n<\/tr>\n<tr>\n<td width=\"113\" valign=\"top\">\n<p class=\"MsoNormal\" align=\"center\"><span lang=\"LV\">0.285<\/span><\/p>\n<\/td>\n<td width=\"104\" valign=\"top\">\n<p class=\"MsoNormal\" align=\"center\"><span lang=\"LV\">18.0<\/span><\/p>\n<\/td>\n<\/tr>\n<\/tbody>\n<\/table>\n<p class=\"MsoNormal\"><span lang=\"LV\">&nbsp;<\/span><\/p>\n<p class=\"MsoNormal\"><strong><span lang=\"LV\">Bu&scaron;u sist\u0113ma ar 3 \u0101\u0137iem un pretsav\u0113rp\u0113ju:<\/span><\/strong><\/p>\n<p>Galven\u0101 aukla 0.45 mm (tests: 17 kg);<\/p>\n<p>Pavadi\u0146as aukla 0.25 mm ar fluorkarbona p\u0101rkl\u0101jumu, samazina redzam\u012bbu \u016bden\u012b (tests: 7.8 kg);<\/p>\n<p>Ra\u017eots Latvij\u0101.<\/p>\n","protected":false},"excerpt":{"rendered":"<p>Bu&scaron;u mak&scaron;\u0137er\u0113&scaron;anas komplekts. &nbsp; Ieg\u0101d\u0101joties &scaron;o komplektu J\u016bs sa\u0146emsiet: 1)&nbsp;&nbsp;&nbsp;&nbsp;&nbsp;&nbsp;&nbsp;J\u016bras mak&scaron;\u0137eri Salmo Blaster Surf 200 (3126-420) 2)&nbsp;&nbsp;&nbsp;&nbsp;&nbsp;&nbsp;&nbsp;Spoli DAM Quick 1 6000 FS 3)&nbsp;&nbsp;&nbsp;&nbsp;&nbsp;&nbsp;&nbsp;Sufix p\u012bto auklu J\u016bsu izv\u0113l\u0113taj\u0101 diametr\u0101 4)&nbsp;&nbsp;&nbsp;&nbsp;&nbsp;&nbsp;&nbsp;Bu&scaron;u sist\u0113mu ar 3 \u0101\u0137iem &nbsp; J\u016bras mak&scaron;\u0137ere Salmo Blaster Surf 200 (3126-420): Jaud\u012bga j\u016bras mak&scaron;\u0137ere, piem\u0113rota j\u016bras mak&scaron;\u0137er\u0113&scaron;anai no krasta. Materi\u0101ls &#8211; kompoz\u012bts Akcija &#8211; \u0101tra [&hellip;]<\/p>\n","protected":false},"featured_media":0,"template":"","meta":[],"product_brand":[],"product_cat":[4538,4563,4640],"product_tag":[],"class_list":{"0":"post-80526","1":"product","2":"type-product","3":"status-publish","5":"product_cat-fishing-equipment-recreation","6":"product_cat-sets-fishing-equipment-recreation","7":"product_cat-recreation","9":"first","10":"instock","11":"shipping-taxable","12":"purchasable","13":"product-type-simple"},"_links":{"self":[{"href":"https:\/\/sezona.lv\/en\/wp-json\/wp\/v2\/product\/80526","targetHints":{"allow":["GET"]}}],"collection":[{"href":"https:\/\/sezona.lv\/en\/wp-json\/wp\/v2\/product"}],"about":[{"href":"https:\/\/sezona.lv\/en\/wp-json\/wp\/v2\/types\/product"}],"wp:attachment":[{"href":"https:\/\/sezona.lv\/en\/wp-json\/wp\/v2\/media?parent=80526"}],"wp:term":[{"taxonomy":"product_brand","embeddable":true,"href":"https:\/\/sezona.lv\/en\/wp-json\/wp\/v2\/product_brand?post=80526"},{"taxonomy":"product_cat","embeddable":true,"href":"https:\/\/sezona.lv\/en\/wp-json\/wp\/v2\/product_cat?post=80526"},{"taxonomy":"product_tag","embeddable":true,"href":"https:\/\/sezona.lv\/en\/wp-json\/wp\/v2\/product_tag?post=80526"}],"curies":[{"name":"wp","href":"https:\/\/api.w.org\/{rel}","templated":true}]}}