{"id":80527,"date":"2025-07-14T15:58:48","date_gmt":"2025-07-14T12:58:48","guid":{"rendered":"https:\/\/demo8.ecube.lv\/sezona.lv\/products\/ziemas-kostims-norfin-tornado-pro\/"},"modified":"2025-07-14T15:58:48","modified_gmt":"2025-07-14T12:58:48","slug":"ziemas-kostims-norfin-tornado-pro","status":"publish","type":"product","link":"https:\/\/sezona.lv\/en\/products\/ziemas-kostims-norfin-tornado-pro\/","title":{"rendered":"Ziemas kost\u012bms Norfin Tornado Pro"},"content":{"rendered":"<p><span>Silts un viegls kost\u012bms izgatavots no NORTEX BREATHABLE materi\u0101la ar Thinsulate siltin\u0101jumu, kas nodro&scaron;ina aizsardz\u012bbu pa&scaron;os ekstrem\u0101l\u0101kajos apst\u0101k\u013cos. Paredz\u0113ts izmanto&scaron;anai temperat\u016br\u0101 l\u012bdz -30C.<\/span><\/p>\n<p><span>JAKA:<\/span><\/p>\n<li>L\u012bm\u0113tas &scaron;uves<\/li>\n<li>Dubultais r\u0101v\u0113jsl\u0113dz\u0113js YKK ar atloku<\/li>\n<li>Kapuce stiprin\u0101ma ar r\u0101v\u0113jsl\u0113dz\u0113ju<\/li>\n<li>Divos l\u012bme\u0146os regul\u0113jama kapuce<\/li>\n<li>Regul\u0113jama jakas apak&scaron;da\u013ca<\/li>\n<li>\u0112rtas kabatas jakas iek&scaron;pus\u0113 un \u0101rpus\u0113<\/li>\n<li>Caursp\u012bd\u012bga kabata uz piedurknes telefonam<\/li>\n<li>Elast\u012bgas man\u017eetes<\/li>\n<li>Regul\u0113jamas \u0101r\u0113j\u0101s man\u017eetes piedurkn\u0113m<\/li>\n<li>\u0112rtas kabatas roku sasild\u012b&scaron;anai<\/li>\n<li>Gaismu atstarojo&scaron;as uz&scaron;uves dro&scaron;\u012bbai<\/li>\n<p><span>PUSKOMBINEZONS:<\/span><\/p>\n<li>Regul\u0113jamas lences<\/li>\n<li>Divas \u0101r\u0113j\u0101s kabatas ar r\u0101v\u0113jsl\u0113dz\u0113jiem<\/li>\n<li>Divas ietilp\u012bgas s\u0101nu kabatas<\/li>\n<li>Pastiprin\u0101ts materi\u0101ls ce\u013cgalu un s\u0113\u017eamvietas rajonos<\/li>\n<li>Iek&scaron;\u0113j\u0101s getras aizsardz\u012bbai pret sniegu<\/li>\n<li>Dubultais r\u0101v\u0113jsl\u0113dz\u0113js YKK ar aizsardz\u012bbu<\/li>\n<li>Bik&scaron;u staras attais\u0101mas ar r\u0101v\u0113jsl\u0113dz\u0113ju<\/li>\n<p>Materi\u0101ls: NORTEX BREATHABLE<br \/>Mitrumiztur\u012bba: 10 000 mm<br \/>Elpotsp\u0113ja: 8 000 g\/m&sup2;\/24h<br \/>Siltin\u0101jums: THINSULATE 3M<\/p>\n","protected":false},"excerpt":{"rendered":"<p>Silts un viegls kost\u012bms izgatavots no NORTEX BREATHABLE materi\u0101la ar Thinsulate siltin\u0101jumu, kas nodro&scaron;ina aizsardz\u012bbu pa&scaron;os ekstrem\u0101l\u0101kajos apst\u0101k\u013cos. Paredz\u0113ts izmanto&scaron;anai temperat\u016br\u0101 l\u012bdz -30C. JAKA: L\u012bm\u0113tas &scaron;uves Dubultais r\u0101v\u0113jsl\u0113dz\u0113js YKK ar atloku Kapuce stiprin\u0101ma ar r\u0101v\u0113jsl\u0113dz\u0113ju Divos l\u012bme\u0146os regul\u0113jama kapuce Regul\u0113jama jakas apak&scaron;da\u013ca \u0112rtas kabatas jakas iek&scaron;pus\u0113 un \u0101rpus\u0113 Caursp\u012bd\u012bga kabata uz piedurknes telefonam Elast\u012bgas man\u017eetes [&hellip;]<\/p>\n","protected":false},"featured_media":0,"template":"","meta":[],"product_brand":[899],"product_cat":[4619,4620,4640,4993],"product_tag":[],"class_list":{"0":"post-80527","1":"product","2":"type-product","3":"status-publish","5":"product_brand-norfin","6":"product_cat-winter-clothes-recreation","7":"product_cat-norfin-suits-winter-suits-for-fishing","8":"product_cat-recreation","9":"product_cat-winter-suits-for-fishing-winter-clothes-recreation","11":"first","12":"instock","13":"shipping-taxable","14":"purchasable","15":"product-type-simple"},"_links":{"self":[{"href":"https:\/\/sezona.lv\/en\/wp-json\/wp\/v2\/product\/80527","targetHints":{"allow":["GET"]}}],"collection":[{"href":"https:\/\/sezona.lv\/en\/wp-json\/wp\/v2\/product"}],"about":[{"href":"https:\/\/sezona.lv\/en\/wp-json\/wp\/v2\/types\/product"}],"wp:attachment":[{"href":"https:\/\/sezona.lv\/en\/wp-json\/wp\/v2\/media?parent=80527"}],"wp:term":[{"taxonomy":"product_brand","embeddable":true,"href":"https:\/\/sezona.lv\/en\/wp-json\/wp\/v2\/product_brand?post=80527"},{"taxonomy":"product_cat","embeddable":true,"href":"https:\/\/sezona.lv\/en\/wp-json\/wp\/v2\/product_cat?post=80527"},{"taxonomy":"product_tag","embeddable":true,"href":"https:\/\/sezona.lv\/en\/wp-json\/wp\/v2\/product_tag?post=80527"}],"curies":[{"name":"wp","href":"https:\/\/api.w.org\/{rel}","templated":true}]}}