{"id":80528,"date":"2025-07-14T15:58:48","date_gmt":"2025-07-14T12:58:48","guid":{"rendered":"https:\/\/demo8.ecube.lv\/sezona.lv\/products\/ziemas-kostims-norfin-discovery-3\/"},"modified":"2025-07-14T15:58:48","modified_gmt":"2025-07-14T12:58:48","slug":"ziemas-kostims-norfin-discovery-3","status":"publish","type":"product","link":"https:\/\/sezona.lv\/en\/products\/ziemas-kostims-norfin-discovery-3\/","title":{"rendered":"Ziemas kost\u012bms Norfin DISCOVERY 3"},"content":{"rendered":"<div id=\"tab-description\" class=\"woocommerce-Tabs-panel woocommerce-Tabs-panel--description panel entry-content wc-tab\">\n<div class=\"row\">\n<div class=\"col-xs-12\">\n<p><strong>&nbsp; &nbsp;&nbsp;<\/strong><span>Ziemas kost\u012bms mak&scaron;\u0137erniekiem izgatavots no notur\u012bg\u0101 Nortex Breathable materi\u0101la ar Hollofil siltin\u0101jumu nodro&scaron;in\u0101s komfortu l\u012bdz pat -35&deg;C. Papildus ielikt\u0146i uz ce\u013ciem un s\u0113\u017eamvietas nodro&scaron;in\u0101s komfortu pat akt\u012bvi mak&scaron;\u0137er\u0113jot. Siltin\u0101ta kapuce, augsta apkakle aizsarg\u0101s no v\u0113ja un sniega.<\/span><\/p>\n<p><span>JAKA:<\/span><\/p>\n<li>L\u012bm\u0113tas &scaron;uves<\/li>\n<li>Dubultais r\u0101v\u0113jsl\u0113dz\u0113js<\/li>\n<li>Kapuce stiprin\u0101ma ar r\u0101v\u0113jsl\u0113dz\u0113ju<\/li>\n<li>Divos l\u012bme\u0146os regul\u0113jama kapuce<\/li>\n<li>Jostas viet\u0101 savelkama jaka<\/li>\n<li>\u0112rtas kabatas jakas iek&scaron;pus\u0113 un \u0101rpus\u0113<\/li>\n<li>Divas \u0101r\u0113j\u0101s kabatas ar mitrumiztur\u012bgiem r\u0101v\u0113jsl\u0113dz\u0113jiem<\/li>\n<li>Elast\u012bgas man\u017eetes<\/li>\n<li>Regul\u0113jamas \u0101r\u0113j\u0101s man\u017eetes piedurkn\u0113m<\/li>\n<li>Pastiprin\u0101ts materi\u0101ls plecu rajon\u0101<\/li>\n<li>Gaismu atstarojo&scaron;as uz&scaron;uves dro&scaron;\u012bbai<\/li>\n<p><span>PUSKOMBINEZONS:<\/span><\/p>\n<li>Regul\u0113jamas lences<\/li>\n<li>Kr\u016b&scaron;u kabata<\/li>\n<li>Divas \u0101r\u0113j\u0101s kabatas ar r\u0101v\u0113jsl\u0113dz\u0113jiem<\/li>\n<li>Divas ietilp\u012bgas papildus kabatas<\/li>\n<li>Pastiprin\u0101ts materi\u0101ls ce\u013cgalu un s\u0113\u017eamvietas rajonos<\/li>\n<li>Iek&scaron;\u0113j\u0101s getras aizsardz\u012bbai pret sniegu<\/li>\n<p>Materi\u0101ls: NORTEX BREATHABLE<br \/>Mitrumiztur\u012bba: 8 000 mm<br \/>Elpotsp\u0113ja: 6 000 g\/m&sup2;\/24h<br \/>Siltin\u0101jums: HOLLOFIL<\/p>\n<\/div>\n<\/div>\n<\/div>\n","protected":false},"excerpt":{"rendered":"<p>&nbsp; &nbsp;&nbsp;Ziemas kost\u012bms mak&scaron;\u0137erniekiem izgatavots no notur\u012bg\u0101 Nortex Breathable materi\u0101la ar Hollofil siltin\u0101jumu nodro&scaron;in\u0101s komfortu l\u012bdz pat -35&deg;C. Papildus ielikt\u0146i uz ce\u013ciem un s\u0113\u017eamvietas nodro&scaron;in\u0101s komfortu pat akt\u012bvi mak&scaron;\u0137er\u0113jot. Siltin\u0101ta kapuce, augsta apkakle aizsarg\u0101s no v\u0113ja un sniega. JAKA: L\u012bm\u0113tas &scaron;uves Dubultais r\u0101v\u0113jsl\u0113dz\u0113js Kapuce stiprin\u0101ma ar r\u0101v\u0113jsl\u0113dz\u0113ju Divos l\u012bme\u0146os regul\u0113jama kapuce Jostas viet\u0101 savelkama jaka [&hellip;]<\/p>\n","protected":false},"featured_media":0,"template":"","meta":[],"product_brand":[899],"product_cat":[4619,4620,4640,4993],"product_tag":[],"class_list":{"0":"post-80528","1":"product","2":"type-product","3":"status-publish","5":"product_brand-norfin","6":"product_cat-winter-clothes-recreation","7":"product_cat-norfin-suits-winter-suits-for-fishing","8":"product_cat-recreation","9":"product_cat-winter-suits-for-fishing-winter-clothes-recreation","11":"first","12":"instock","13":"shipping-taxable","14":"purchasable","15":"product-type-simple"},"_links":{"self":[{"href":"https:\/\/sezona.lv\/en\/wp-json\/wp\/v2\/product\/80528","targetHints":{"allow":["GET"]}}],"collection":[{"href":"https:\/\/sezona.lv\/en\/wp-json\/wp\/v2\/product"}],"about":[{"href":"https:\/\/sezona.lv\/en\/wp-json\/wp\/v2\/types\/product"}],"wp:attachment":[{"href":"https:\/\/sezona.lv\/en\/wp-json\/wp\/v2\/media?parent=80528"}],"wp:term":[{"taxonomy":"product_brand","embeddable":true,"href":"https:\/\/sezona.lv\/en\/wp-json\/wp\/v2\/product_brand?post=80528"},{"taxonomy":"product_cat","embeddable":true,"href":"https:\/\/sezona.lv\/en\/wp-json\/wp\/v2\/product_cat?post=80528"},{"taxonomy":"product_tag","embeddable":true,"href":"https:\/\/sezona.lv\/en\/wp-json\/wp\/v2\/product_tag?post=80528"}],"curies":[{"name":"wp","href":"https:\/\/api.w.org\/{rel}","templated":true}]}}