{"id":80529,"date":"2025-07-14T15:58:49","date_gmt":"2025-07-14T12:58:49","guid":{"rendered":"https:\/\/demo8.ecube.lv\/sezona.lv\/products\/ziemas-kostims-norfin-signal-pro-2-peldosais\/"},"modified":"2025-07-14T15:58:49","modified_gmt":"2025-07-14T12:58:49","slug":"ziemas-kostims-norfin-signal-pro-2-peldosais","status":"publish","type":"product","link":"https:\/\/sezona.lv\/en\/products\/ziemas-kostims-norfin-signal-pro-2-peldosais\/","title":{"rendered":"Ziemas kost\u012bms Norfin Signal PRO 2 (peldo\u0161ais)"},"content":{"rendered":"<div class=\"col-xs-12\">\n<p><span>Kombinezons papildu dro&scaron;\u012bbai uz trausla ledus un mak&scaron;\u0137er\u0113jot laiv\u0101. Komfortabl\u0101 un br\u012bv\u0101 piegrieztne netrauc\u0113 kust\u0113ties ne mak&scaron;\u0137er\u0113jot, ne staig\u0101jot.<\/span><\/p>\n<ul>\n<li>\u016adensiztur\u012bgs materi\u0101ls<\/li>\n<li>Lamin\u0113tas &scaron;uves<\/li>\n<li>Regul\u0113jama kapuce ar nagu<\/li>\n<li>\u016adensiztur\u012bgs maci\u0146&scaron; telefonam<\/li>\n<li>Apkakle ar fl\u012bsa oderi<\/li>\n<li>\u010cetras lielas kabatas<\/li>\n<li>Neopr\u0113na man&scaron;etes piedurkn\u0113m<\/li>\n<li>Attais\u0101mi bik&scaron;u gali<\/li>\n<li>Gaismu atstarojo&scaron;i elementi uz jakas<\/li>\n<li>Sign\u0101lsvilpe<\/li>\n<\/ul>\n<\/div>\n<p>&nbsp;<\/p>\n<div class=\"col-xs-12\">\n<ul>\n<li>Materi\u0101ls: NORTEX BREATHABLE<\/li>\n<li>Siltin\u0101jums: THERMO GUARD, PU putas<\/li>\n<li>\u016adensiztur\u012bba: 10 000mm<\/li>\n<li>Elpotsp\u0113ja: 6 000 g\/m2\/24h<\/li>\n<\/ul>\n<\/div>\n","protected":false},"excerpt":{"rendered":"<p>Kombinezons papildu dro&scaron;\u012bbai uz trausla ledus un mak&scaron;\u0137er\u0113jot laiv\u0101. Komfortabl\u0101 un br\u012bv\u0101 piegrieztne netrauc\u0113 kust\u0113ties ne mak&scaron;\u0137er\u0113jot, ne staig\u0101jot. \u016adensiztur\u012bgs materi\u0101ls Lamin\u0113tas &scaron;uves Regul\u0113jama kapuce ar nagu \u016adensiztur\u012bgs maci\u0146&scaron; telefonam Apkakle ar fl\u012bsa oderi \u010cetras lielas kabatas Neopr\u0113na man&scaron;etes piedurkn\u0113m Attais\u0101mi bik&scaron;u gali Gaismu atstarojo&scaron;i elementi uz jakas Sign\u0101lsvilpe &nbsp; Materi\u0101ls: NORTEX BREATHABLE Siltin\u0101jums: THERMO [&hellip;]<\/p>\n","protected":false},"featured_media":0,"template":"","meta":[],"product_brand":[899],"product_cat":[4619,4620,4640,4993],"product_tag":[],"class_list":{"0":"post-80529","1":"product","2":"type-product","3":"status-publish","5":"product_brand-norfin","6":"product_cat-winter-clothes-recreation","7":"product_cat-norfin-suits-winter-suits-for-fishing","8":"product_cat-recreation","9":"product_cat-winter-suits-for-fishing-winter-clothes-recreation","11":"first","12":"instock","13":"shipping-taxable","14":"purchasable","15":"product-type-simple"},"_links":{"self":[{"href":"https:\/\/sezona.lv\/en\/wp-json\/wp\/v2\/product\/80529","targetHints":{"allow":["GET"]}}],"collection":[{"href":"https:\/\/sezona.lv\/en\/wp-json\/wp\/v2\/product"}],"about":[{"href":"https:\/\/sezona.lv\/en\/wp-json\/wp\/v2\/types\/product"}],"wp:attachment":[{"href":"https:\/\/sezona.lv\/en\/wp-json\/wp\/v2\/media?parent=80529"}],"wp:term":[{"taxonomy":"product_brand","embeddable":true,"href":"https:\/\/sezona.lv\/en\/wp-json\/wp\/v2\/product_brand?post=80529"},{"taxonomy":"product_cat","embeddable":true,"href":"https:\/\/sezona.lv\/en\/wp-json\/wp\/v2\/product_cat?post=80529"},{"taxonomy":"product_tag","embeddable":true,"href":"https:\/\/sezona.lv\/en\/wp-json\/wp\/v2\/product_tag?post=80529"}],"curies":[{"name":"wp","href":"https:\/\/api.w.org\/{rel}","templated":true}]}}