{"id":80530,"date":"2025-07-14T15:58:50","date_gmt":"2025-07-14T12:58:50","guid":{"rendered":"https:\/\/demo8.ecube.lv\/sezona.lv\/products\/zippo-heatbank-9s-uzladejams-roku-silditajs-power-bank\/"},"modified":"2025-07-14T15:58:50","modified_gmt":"2025-07-14T12:58:50","slug":"zippo-heatbank-9s-uzladejams-roku-silditajs-power-bank","status":"publish","type":"product","link":"https:\/\/sezona.lv\/en\/products\/zippo-heatbank-9s-uzladejams-roku-silditajs-power-bank\/","title":{"rendered":"Zippo HeatBank\u00ae 9s Uzl\u0101d\u0113jams Roku Sild\u012bt\u0101js + Power Bank"},"content":{"rendered":"<p class=\"a\"><span>ZIPPO HEATBANK&reg; 9S UZL\u0100D\u0112JAMS ROKU SILD\u012aT\u0100JS + POWER BANK<\/span><span><\/span><\/p>\n<p>Uzl\u0101d\u0113jams roku sild\u012bt\u0101js ar Power bank funkciju<\/p>\n<p>Zippo HeatBank&reg; ir ide\u0101ls kompakts kompanjons, kas nodro&scaron;ina siltumu, savienojumu un komfortu ar se&scaron;iem siltuma iestat\u012bjumiem un uzl\u0101des piesl\u0113gvietai.<\/p>\n<p>Saglab\u0101jiet savienojumu: nekad neizl\u0101d\u0113jieties ar USB sader\u012bg\u0101m ier\u012bc\u0113m, jo Zippo HeatBank&reg; ir ar\u012b akumulators. \u0112rta baro&scaron;anas banka \u013cauj uzl\u0101d\u0113t USB iesp\u0113jotas ier\u012bces, lai j\u016bs var\u0113tu uztur\u0113t savienojumu, izbaudot br\u012bni&scaron;\u0137\u012bgo dabu. \u0145emiet l\u012bdzi Zippo HeatBank&reg; uzl\u0101d\u0113jamo roku sild\u012bt\u0101ju jebkur\u0101 piedz\u012bvojum\u0101: med\u012bb\u0101s, mak&scaron;\u0137er\u0113&scaron;an\u0101, sporta pas\u0101kumos, kempingos un daudz\u0101s cit\u0101s aukst\u0101 laika aktivit\u0101t\u0113s.<\/p>\n<p><span>\u012aPA&Scaron;\u012aBAS<\/span><\/p>\n<p>Uzl\u0101d\u0113 ar USB sader\u012bgas ier\u012bces, tostarp mobilos t\u0101lru\u0146us, MP3 atska\u0146ot\u0101jus, plan&scaron;etdatorus, kameras utt.<\/p>\n<p>Divpus\u0113ja sild\u012b&scaron;ana l\u012bdz 50&deg;C (120&deg;F) darba temperat\u016brai ar se&scaron;iem (6) siltuma iestat\u012bjumiem regul\u0113jamam un komfortablam siltumam.<\/p>\n<p>Siltuma un akumulatora l\u012bme\u0146a indikatori<\/p>\n<p>Uzl\u0101d\u0113jams 5200 mAh litija jonu akumulators (iek\u013cauts) ilgsto&scaron;ai uzticamai uzsild\u012b&scaron;anai &#8211; l\u012bdz 9 stund\u0101m<\/p>\n<p><span>IEGUVUMI<\/span><\/p>\n<p>Atk\u0101rtoti lietojams produkts, maz\u0101k atkritumu sal\u012bdzin\u0101jum\u0101 ar vienreiz lietojam\u0101m sild\u012b&scaron;anas ier\u012bc\u0113m<\/p>\n<p>Ide\u0101li piem\u0113rots roku siltuma uztur\u0113&scaron;anai telp\u0101s vai ilgsto&scaron;\u0101m \u0101ra aktivit\u0101t\u0113m.<\/p>\n<p>Pietiekami silts, lai aukst\u0101 laik\u0101 rokas b\u016btu siltas<\/p>\n<p>\u0100tri par\u0101da izv\u0113l\u0113to apkures iestat\u012bjumu un atliku&scaron;o akumulatora jaudu<\/p>\n<p>\u013bauj piel\u0101got temperat\u016bru atbilsto&scaron;i apk\u0101rt\u0113jai videi<\/p>\n<p>HeatBank&reg; specifik\u0101cijas:<\/p>\n<p><span>Izm\u0113ri<\/span>: 12,4 x 6,1 x 2,4 cm<\/p>\n<p><span>Svars:<\/span>&nbsp;157g<\/p>\n<p><span>Kr\u0101sa:&nbsp;<\/span>Melna<\/p>\n<p><span>Piez\u012bme.<\/span>&nbsp;&Scaron;aj\u0101 izstr\u0101d\u0101jum\u0101 netiek izmantota degviela.<\/p>\n","protected":false},"excerpt":{"rendered":"<p>ZIPPO HEATBANK&reg; 9S UZL\u0100D\u0112JAMS ROKU SILD\u012aT\u0100JS + POWER BANK Uzl\u0101d\u0113jams roku sild\u012bt\u0101js ar Power bank funkciju Zippo HeatBank&reg; ir ide\u0101ls kompakts kompanjons, kas nodro&scaron;ina siltumu, savienojumu un komfortu ar se&scaron;iem siltuma iestat\u012bjumiem un uzl\u0101des piesl\u0113gvietai. Saglab\u0101jiet savienojumu: nekad neizl\u0101d\u0113jieties ar USB sader\u012bg\u0101m ier\u012bc\u0113m, jo Zippo HeatBank&reg; ir ar\u012b akumulators. \u0112rta baro&scaron;anas banka \u013cauj uzl\u0101d\u0113t USB [&hellip;]<\/p>\n","protected":false},"featured_media":0,"template":"","meta":[],"product_brand":[3440],"product_cat":[4558,4640,4720,4725],"product_tag":[],"class_list":{"0":"post-80530","1":"product","2":"type-product","3":"status-publish","5":"product_brand-zippo","6":"product_cat-for-tourism-recreation","7":"product_cat-recreation","8":"product_cat-gas-stoves-burners-lanterns-heaters-for-tourism-recreation","9":"product_cat-gas-and-gasoline-heaters-gas-stoves-burners-lanterns-heaters-for-tourism-recreation","11":"first","12":"instock","13":"shipping-taxable","14":"purchasable","15":"product-type-simple"},"_links":{"self":[{"href":"https:\/\/sezona.lv\/en\/wp-json\/wp\/v2\/product\/80530","targetHints":{"allow":["GET"]}}],"collection":[{"href":"https:\/\/sezona.lv\/en\/wp-json\/wp\/v2\/product"}],"about":[{"href":"https:\/\/sezona.lv\/en\/wp-json\/wp\/v2\/types\/product"}],"wp:attachment":[{"href":"https:\/\/sezona.lv\/en\/wp-json\/wp\/v2\/media?parent=80530"}],"wp:term":[{"taxonomy":"product_brand","embeddable":true,"href":"https:\/\/sezona.lv\/en\/wp-json\/wp\/v2\/product_brand?post=80530"},{"taxonomy":"product_cat","embeddable":true,"href":"https:\/\/sezona.lv\/en\/wp-json\/wp\/v2\/product_cat?post=80530"},{"taxonomy":"product_tag","embeddable":true,"href":"https:\/\/sezona.lv\/en\/wp-json\/wp\/v2\/product_tag?post=80530"}],"curies":[{"name":"wp","href":"https:\/\/api.w.org\/{rel}","templated":true}]}}