{"id":80535,"date":"2025-07-14T15:58:58","date_gmt":"2025-07-14T12:58:58","guid":{"rendered":"https:\/\/demo8.ecube.lv\/sezona.lv\/products\/zippo-roku-silditajs-12h-melns\/"},"modified":"2025-07-14T15:58:58","modified_gmt":"2025-07-14T12:58:58","slug":"zippo-roku-silditajs-12h-melns","status":"publish","type":"product","link":"https:\/\/sezona.lv\/en\/products\/zippo-roku-silditajs-12h-melns\/","title":{"rendered":"Zippo Roku sild\u012bt\u0101js 12h melns"},"content":{"rendered":"<div class=\"rte\">\n<p>Pavadiet ziemas sezonu ar komfortu kop\u0101 ar katal\u012btisko roku sild\u012bt\u0101ju Zippo Hand Warmer. Roku sild\u012bt\u0101js izmanto speci\u0101lu att\u012br\u012btu degvielu Zippo, un nodro&scaron;ina nep\u0101rtrauktu siltuma izdal\u012b&scaron;anu 12 stundu garum\u0101. Roku sild\u012bt\u0101jam ir kompakts dizains,&nbsp; tas var \u0113rti ievietoties kabat\u0101, cimd\u0101, vai cit\u0101 viet\u0101. \u013boti \u0113rti to izmantot ejot t\u016bristisk\u0101 p\u0101rg\u0101jien\u0101, ziemas mak&scaron;\u0137er\u0113&scaron;an\u0101, m\u0113d\u012bb\u0101s, apst\u0101k\u013cos, kuri ir sa\u012bst\u012bti ar darbiem \u0101r\u0101, ziemas sporta veidos, un t.t.<br \/>\u012apa&scaron;\u012bbas:<br \/>Draudz\u012bgs apk\u0101rt\u0113jai videi. Nav atkl\u0101tas liesmas. Stikla &scaron;\u0137iedras, p\u0101rkl\u0101tas ar plat\u012bna katalizatora k\u0101rtu, nodro&scaron;ina katal\u012btisku deg&scaron;anu ar siltuma izdal\u012b&scaron;anu, kad nav liesmas.<br \/>Augsta efektivit\u0101te. Visefekt\u012bv\u0101ks no visiem zin\u0101miem roku sild\u012b&scaron;anas ier\u012bc\u0113m.<br \/>Ekonomisks. P\u0113c vienas uzpildes&nbsp; ar 12 gramiem degvielas tas izdala siltumu 12 stundu garum\u0101.<br \/>\u0112rts izm\u0113rs.<\/p>\n<p lang=\"lv-LV\"><span style=\"color: #000000\"><span style=\"font-family: sans-serif, Arial\"><span style=\"font-size: small\">LAI ROKU SILD\u012aT\u0100JU VAR\u0112TU LIETOT, TAS IR J\u0100UZPILDA AR DEGVIELU.<\/span><\/span><\/span><\/p>\n<p lang=\"lv-LV\"><span style=\"color: #000000\"><span style=\"font-family: sans-serif, Arial\"><span style=\"font-size: small\">Izmantojiet tikai Zippo Premium Lighter degvielu.<\/span><\/span><\/span><\/p>\n<\/div>\n","protected":false},"excerpt":{"rendered":"<p>Pavadiet ziemas sezonu ar komfortu kop\u0101 ar katal\u012btisko roku sild\u012bt\u0101ju Zippo Hand Warmer. Roku sild\u012bt\u0101js izmanto speci\u0101lu att\u012br\u012btu degvielu Zippo, un nodro&scaron;ina nep\u0101rtrauktu siltuma izdal\u012b&scaron;anu 12 stundu garum\u0101. Roku sild\u012bt\u0101jam ir kompakts dizains,&nbsp; tas var \u0113rti ievietoties kabat\u0101, cimd\u0101, vai cit\u0101 viet\u0101. \u013boti \u0113rti to izmantot ejot t\u016bristisk\u0101 p\u0101rg\u0101jien\u0101, ziemas mak&scaron;\u0137er\u0113&scaron;an\u0101, m\u0113d\u012bb\u0101s, apst\u0101k\u013cos, kuri ir [&hellip;]<\/p>\n","protected":false},"featured_media":0,"template":"","meta":[],"product_brand":[3440],"product_cat":[4558,4640,4720,4725],"product_tag":[],"class_list":{"0":"post-80535","1":"product","2":"type-product","3":"status-publish","5":"product_brand-zippo","6":"product_cat-for-tourism-recreation","7":"product_cat-recreation","8":"product_cat-gas-stoves-burners-lanterns-heaters-for-tourism-recreation","9":"product_cat-gas-and-gasoline-heaters-gas-stoves-burners-lanterns-heaters-for-tourism-recreation","11":"first","12":"instock","13":"shipping-taxable","14":"purchasable","15":"product-type-simple"},"_links":{"self":[{"href":"https:\/\/sezona.lv\/en\/wp-json\/wp\/v2\/product\/80535","targetHints":{"allow":["GET"]}}],"collection":[{"href":"https:\/\/sezona.lv\/en\/wp-json\/wp\/v2\/product"}],"about":[{"href":"https:\/\/sezona.lv\/en\/wp-json\/wp\/v2\/types\/product"}],"wp:attachment":[{"href":"https:\/\/sezona.lv\/en\/wp-json\/wp\/v2\/media?parent=80535"}],"wp:term":[{"taxonomy":"product_brand","embeddable":true,"href":"https:\/\/sezona.lv\/en\/wp-json\/wp\/v2\/product_brand?post=80535"},{"taxonomy":"product_cat","embeddable":true,"href":"https:\/\/sezona.lv\/en\/wp-json\/wp\/v2\/product_cat?post=80535"},{"taxonomy":"product_tag","embeddable":true,"href":"https:\/\/sezona.lv\/en\/wp-json\/wp\/v2\/product_tag?post=80535"}],"curies":[{"name":"wp","href":"https:\/\/api.w.org\/{rel}","templated":true}]}}