{"id":80536,"date":"2025-07-14T15:58:59","date_gmt":"2025-07-14T12:58:59","guid":{"rendered":"https:\/\/demo8.ecube.lv\/sezona.lv\/products\/ziemas-makskeres-komplekts-lucky-john-predator-set\/"},"modified":"2025-07-14T15:58:59","modified_gmt":"2025-07-14T12:58:59","slug":"ziemas-makskeres-komplekts-lucky-john-predator-set","status":"publish","type":"product","link":"https:\/\/sezona.lv\/en\/products\/ziemas-makskeres-komplekts-lucky-john-predator-set\/","title":{"rendered":"Ziemas mak\u0161\u0137eres komplekts Lucky John PREDATOR SET"},"content":{"rendered":"<p><span>Lieto&scaron;anai gatavs ziemas mak&scaron;\u0137eres komplekts pl\u0113s\u012bgo zivju \u0137er&scaron;anai.<\/span><\/p>\n<p>Komplekt\u0101 ietilpst:<\/p>\n<li>ziemas mak&scaron;\u0137er\u012bte Lucky John C-TECH PIKE<\/li>\n<li>ziemas spole Lucky John MEBARU (diametrs &#8211; 7,5cm)<\/li>\n<li>ziemas aukla 0,265mm<\/li>\n<li>balansieris Lucky John Pro series MEBARU 57mm (kr\u0101sojums 305)\n<p>Lielisks variants gan ies\u0101c\u0113jiem, gan jau pieredz\u0113ju&scaron;iem mak&scaron;\u0137erniekiem. Laba ideja d\u0101vanai.<\/p>\n<\/li>\n","protected":false},"excerpt":{"rendered":"<p>Lieto&scaron;anai gatavs ziemas mak&scaron;\u0137eres komplekts pl\u0113s\u012bgo zivju \u0137er&scaron;anai. Komplekt\u0101 ietilpst: ziemas mak&scaron;\u0137er\u012bte Lucky John C-TECH PIKE ziemas spole Lucky John MEBARU (diametrs &#8211; 7,5cm) ziemas aukla 0,265mm balansieris Lucky John Pro series MEBARU 57mm (kr\u0101sojums 305) Lielisks variants gan ies\u0101c\u0113jiem, gan jau pieredz\u0113ju&scaron;iem mak&scaron;\u0137erniekiem. Laba ideja d\u0101vanai.<\/p>\n","protected":false},"featured_media":0,"template":"","meta":[],"product_brand":[],"product_cat":[4585,4640,5047],"product_tag":[],"class_list":{"0":"post-80536","1":"product","2":"type-product","3":"status-publish","5":"product_cat-winter-fishing-equipment-recreation","6":"product_cat-recreation","7":"product_cat-winter-sets-winter-fishing-equipment-recreation","9":"first","10":"instock","11":"shipping-taxable","12":"purchasable","13":"product-type-simple"},"_links":{"self":[{"href":"https:\/\/sezona.lv\/en\/wp-json\/wp\/v2\/product\/80536","targetHints":{"allow":["GET"]}}],"collection":[{"href":"https:\/\/sezona.lv\/en\/wp-json\/wp\/v2\/product"}],"about":[{"href":"https:\/\/sezona.lv\/en\/wp-json\/wp\/v2\/types\/product"}],"wp:attachment":[{"href":"https:\/\/sezona.lv\/en\/wp-json\/wp\/v2\/media?parent=80536"}],"wp:term":[{"taxonomy":"product_brand","embeddable":true,"href":"https:\/\/sezona.lv\/en\/wp-json\/wp\/v2\/product_brand?post=80536"},{"taxonomy":"product_cat","embeddable":true,"href":"https:\/\/sezona.lv\/en\/wp-json\/wp\/v2\/product_cat?post=80536"},{"taxonomy":"product_tag","embeddable":true,"href":"https:\/\/sezona.lv\/en\/wp-json\/wp\/v2\/product_tag?post=80536"}],"curies":[{"name":"wp","href":"https:\/\/api.w.org\/{rel}","templated":true}]}}