{"id":80537,"date":"2025-07-14T15:58:59","date_gmt":"2025-07-14T12:58:59","guid":{"rendered":"https:\/\/demo8.ecube.lv\/sezona.lv\/products\/ledusurbis-ar-adapteri-skruvpistolei-rextor-storm-long-150mm\/"},"modified":"2025-07-14T15:58:59","modified_gmt":"2025-07-14T12:58:59","slug":"ledusurbis-ar-adapteri-skruvpistolei-rextor-storm-long-150mm","status":"publish","type":"product","link":"https:\/\/sezona.lv\/en\/products\/ledusurbis-ar-adapteri-skruvpistolei-rextor-storm-long-150mm\/","title":{"rendered":"Ledusurbis ar adapteri skr\u016bvpistolei Rextor STORM Long 150mm"},"content":{"rendered":"<div class=\"std\">\n<p><span>Ledusurbis ar adapteri skr\u016bvpistolei Rextor STORM Long ir apr\u012bkots ar rokturi un adapteri, lai to var\u0113tu izmantot komplekt\u0101 ar skr\u016bvpistoli. Ledusurbjiem Rextor STORM ir sf\u0113riski ner\u016bs\u0113jo&scaron;\u0101 t\u0113rauda asme\u0146i, kas garant\u0113 vienm\u0113r\u012bgu un gludu urb&scaron;anu jebkur\u0101 led\u016b, gan sasalu&scaron;\u0101, gan ar \u016bdeni. Urb&scaron;anas virziens &#8211; pulkste\u0146r\u0101d\u012bt\u0101ja virzien\u0101.<\/span><\/p>\n<dt>Artikuls: RES-150L-AC<\/dt>\n<dt><\/dt>\n<dt>Izm\u0113rs: 150mm<\/dt>\n<dt><\/dt>\n<dt>Svars: 3,23kg<\/dt>\n<dt><\/dt>\n<dt>Garums: 1,30m<\/dt>\n<dt><\/dt>\n<dt>Transport\u0113jamais garums: 1,30m<\/dt>\n<\/div>\n<div class=\"std\"><span><\/p>\n<div class=\"ma-main-container col2-right-layout\">\n<div class=\"container\">\n<div class=\"main\"><\/div>\n<\/div>\n<\/div>\n<p><\/span><\/div>\n","protected":false},"excerpt":{"rendered":"<p>Ledusurbis ar adapteri skr\u016bvpistolei Rextor STORM Long ir apr\u012bkots ar rokturi un adapteri, lai to var\u0113tu izmantot komplekt\u0101 ar skr\u016bvpistoli. Ledusurbjiem Rextor STORM ir sf\u0113riski ner\u016bs\u0113jo&scaron;\u0101 t\u0113rauda asme\u0146i, kas garant\u0113 vienm\u0113r\u012bgu un gludu urb&scaron;anu jebkur\u0101 led\u016b, gan sasalu&scaron;\u0101, gan ar \u016bdeni. Urb&scaron;anas virziens &#8211; pulkste\u0146r\u0101d\u012bt\u0101ja virzien\u0101. Artikuls: RES-150L-AC Izm\u0113rs: 150mm Svars: 3,23kg Garums: 1,30m Transport\u0113jamais [&hellip;]<\/p>\n","protected":false},"featured_media":0,"template":"","meta":[],"product_brand":[],"product_cat":[4585,4613,4640],"product_tag":[],"class_list":{"0":"post-80537","1":"product","2":"type-product","3":"status-publish","5":"product_cat-winter-fishing-equipment-recreation","6":"product_cat-ice-drills-and-accessories-winter-fishing-equipment-recreation","7":"product_cat-recreation","9":"first","10":"instock","11":"shipping-taxable","12":"purchasable","13":"product-type-simple"},"_links":{"self":[{"href":"https:\/\/sezona.lv\/en\/wp-json\/wp\/v2\/product\/80537","targetHints":{"allow":["GET"]}}],"collection":[{"href":"https:\/\/sezona.lv\/en\/wp-json\/wp\/v2\/product"}],"about":[{"href":"https:\/\/sezona.lv\/en\/wp-json\/wp\/v2\/types\/product"}],"wp:attachment":[{"href":"https:\/\/sezona.lv\/en\/wp-json\/wp\/v2\/media?parent=80537"}],"wp:term":[{"taxonomy":"product_brand","embeddable":true,"href":"https:\/\/sezona.lv\/en\/wp-json\/wp\/v2\/product_brand?post=80537"},{"taxonomy":"product_cat","embeddable":true,"href":"https:\/\/sezona.lv\/en\/wp-json\/wp\/v2\/product_cat?post=80537"},{"taxonomy":"product_tag","embeddable":true,"href":"https:\/\/sezona.lv\/en\/wp-json\/wp\/v2\/product_tag?post=80537"}],"curies":[{"name":"wp","href":"https:\/\/api.w.org\/{rel}","templated":true}]}}