{"id":80539,"date":"2025-07-14T15:59:01","date_gmt":"2025-07-14T12:59:01","guid":{"rendered":"https:\/\/demo8.ecube.lv\/sezona.lv\/products\/susanas-piederumu-komplekts-mil-tec-16021121\/"},"modified":"2025-07-14T15:59:01","modified_gmt":"2025-07-14T12:59:01","slug":"susanas-piederumu-komplekts-mil-tec-16021121","status":"publish","type":"product","link":"https:\/\/sezona.lv\/en\/products\/susanas-piederumu-komplekts-mil-tec-16021121\/","title":{"rendered":"\u0160\u016b\u0161anas piederumu komplekts Mil Tec 16021121"},"content":{"rendered":"<p>&Scaron;\u016b&scaron;anas piederumu komplekts Mil Tec 16021121.<\/p>\n<p><span lang=\"LV\">&Scaron;\u016b&scaron;anas piederumu komplekts ir instrumentu un materi\u0101lu komplekts, kas paredz\u0113ts &scaron;\u016b&scaron;anas darbu veik&scaron;anai.<\/span><\/p>\n<p><span lang=\"LV\">Komplekt\u0101 3 adatas, melni un tum&scaron;i za\u013ci diegi, 6 dro&scaron;\u012bbas adatas.<\/span><\/p>\n<p>&nbsp;<\/p>\n<p class=\"MsoNormal\"><span lang=\"LV\">Komplekt\u0101 ir &scaron;\u0137\u0113res&nbsp;<\/span><span lang=\"LV\">auduma un citu materi\u0101lu sagrie&scaron;anai.<\/span><\/p>\n<p>&nbsp;<\/p>\n<p>&nbsp;<\/p>\n<p>&nbsp;<\/p>\n<p class=\"MsoNormal\"><span lang=\"LV\"><span lang=\"LV\">Komplet\u0101 ir pogu maisi\u0146&scaron; ar da\u017e\u0101da izm\u0113ra pog\u0101m.<\/span><\/span><\/p>\n","protected":false},"excerpt":{"rendered":"<p>&Scaron;\u016b&scaron;anas piederumu komplekts Mil Tec 16021121. &Scaron;\u016b&scaron;anas piederumu komplekts ir instrumentu un materi\u0101lu komplekts, kas paredz\u0113ts &scaron;\u016b&scaron;anas darbu veik&scaron;anai. Komplekt\u0101 3 adatas, melni un tum&scaron;i za\u013ci diegi, 6 dro&scaron;\u012bbas adatas. &nbsp; Komplekt\u0101 ir &scaron;\u0137\u0113res&nbsp;auduma un citu materi\u0101lu sagrie&scaron;anai. &nbsp; &nbsp; &nbsp; Komplet\u0101 ir pogu maisi\u0146&scaron; ar da\u017e\u0101da izm\u0113ra pog\u0101m.<\/p>\n","protected":false},"featured_media":0,"template":"","meta":[],"product_brand":[],"product_cat":[4558,4640,5057],"product_tag":[],"class_list":{"0":"post-80539","1":"product","2":"type-product","3":"status-publish","5":"product_cat-for-tourism-recreation","6":"product_cat-recreation","7":"product_cat-survival-for-tourism-recreation","9":"first","10":"instock","11":"shipping-taxable","12":"purchasable","13":"product-type-simple"},"_links":{"self":[{"href":"https:\/\/sezona.lv\/en\/wp-json\/wp\/v2\/product\/80539","targetHints":{"allow":["GET"]}}],"collection":[{"href":"https:\/\/sezona.lv\/en\/wp-json\/wp\/v2\/product"}],"about":[{"href":"https:\/\/sezona.lv\/en\/wp-json\/wp\/v2\/types\/product"}],"wp:attachment":[{"href":"https:\/\/sezona.lv\/en\/wp-json\/wp\/v2\/media?parent=80539"}],"wp:term":[{"taxonomy":"product_brand","embeddable":true,"href":"https:\/\/sezona.lv\/en\/wp-json\/wp\/v2\/product_brand?post=80539"},{"taxonomy":"product_cat","embeddable":true,"href":"https:\/\/sezona.lv\/en\/wp-json\/wp\/v2\/product_cat?post=80539"},{"taxonomy":"product_tag","embeddable":true,"href":"https:\/\/sezona.lv\/en\/wp-json\/wp\/v2\/product_tag?post=80539"}],"curies":[{"name":"wp","href":"https:\/\/api.w.org\/{rel}","templated":true}]}}