{"id":80540,"date":"2025-07-14T15:59:05","date_gmt":"2025-07-14T12:59:05","guid":{"rendered":"https:\/\/demo8.ecube.lv\/sezona.lv\/products\/susanas-piederumu-komplekts-mil-tec-16021000\/"},"modified":"2025-07-14T15:59:05","modified_gmt":"2025-07-14T12:59:05","slug":"susanas-piederumu-komplekts-mil-tec-16021000","status":"publish","type":"product","link":"https:\/\/sezona.lv\/en\/products\/susanas-piederumu-komplekts-mil-tec-16021000\/","title":{"rendered":"\u0160\u016b\u0161anas piederumu komplekts Mil Tec 16021000"},"content":{"rendered":"<p><span>Pouch: 100% Nylon, Polyvinylchlorid coated<\/span><br \/><span>Thread: 100% Polyester<\/span><\/p>\n<p><span>Small, compact sewing kit with case<\/span><\/p>\n<p><span>Consists of:<\/span><br \/><span>&#8211; thread (black, green, beige, white, light-blue, dark blue)<\/span><br \/><span>&#8211; scissors<\/span><br \/><span>&#8211; needles<\/span><br \/><span>&#8211; threading help<\/span><br \/><span>&#8211; thimble<\/span><\/p>\n","protected":false},"excerpt":{"rendered":"<p>Pouch: 100% Nylon, Polyvinylchlorid coatedThread: 100% Polyester Small, compact sewing kit with case Consists of:&#8211; thread (black, green, beige, white, light-blue, dark blue)&#8211; scissors&#8211; needles&#8211; threading help&#8211; thimble<\/p>\n","protected":false},"featured_media":0,"template":"","meta":[],"product_brand":[],"product_cat":[4558,4640,5057],"product_tag":[],"class_list":{"0":"post-80540","1":"product","2":"type-product","3":"status-publish","5":"product_cat-for-tourism-recreation","6":"product_cat-recreation","7":"product_cat-survival-for-tourism-recreation","9":"first","10":"instock","11":"shipping-taxable","12":"purchasable","13":"product-type-simple"},"_links":{"self":[{"href":"https:\/\/sezona.lv\/en\/wp-json\/wp\/v2\/product\/80540","targetHints":{"allow":["GET"]}}],"collection":[{"href":"https:\/\/sezona.lv\/en\/wp-json\/wp\/v2\/product"}],"about":[{"href":"https:\/\/sezona.lv\/en\/wp-json\/wp\/v2\/types\/product"}],"wp:attachment":[{"href":"https:\/\/sezona.lv\/en\/wp-json\/wp\/v2\/media?parent=80540"}],"wp:term":[{"taxonomy":"product_brand","embeddable":true,"href":"https:\/\/sezona.lv\/en\/wp-json\/wp\/v2\/product_brand?post=80540"},{"taxonomy":"product_cat","embeddable":true,"href":"https:\/\/sezona.lv\/en\/wp-json\/wp\/v2\/product_cat?post=80540"},{"taxonomy":"product_tag","embeddable":true,"href":"https:\/\/sezona.lv\/en\/wp-json\/wp\/v2\/product_tag?post=80540"}],"curies":[{"name":"wp","href":"https:\/\/api.w.org\/{rel}","templated":true}]}}