{"id":80541,"date":"2025-07-14T15:59:08","date_gmt":"2025-07-14T12:59:08","guid":{"rendered":"https:\/\/demo8.ecube.lv\/sezona.lv\/products\/mil-tec-pirmas-palidzibas-komplekts-s-16026001\/"},"modified":"2025-07-14T15:59:08","modified_gmt":"2025-07-14T12:59:08","slug":"mil-tec-pirmas-palidzibas-komplekts-s-16026001","status":"publish","type":"product","link":"https:\/\/sezona.lv\/en\/products\/mil-tec-pirmas-palidzibas-komplekts-s-16026001\/","title":{"rendered":"Mil Tec pirm\u0101s pal\u012bdz\u012bbas komplekts S (16026001)"},"content":{"rendered":"<div class=\"text\">\n<div class=\"text\">\n<div class=\"text\"><span>Case: 100% Polyester<\/span><br \/><span>Dimensions: 14 x 9 x 5 cm<\/span><br \/><span>Weight: 80 g<\/span><\/p>\n<p><span>small first aid kit with zipper consists of:<\/span><br \/><span>&#8211; scissors<\/span><br \/><span>&#8211; safety pins<\/span><br \/><span>&#8211; 5 plasters<\/span><br \/><span>&#8211; sticking plaster<\/span><br \/><span>&#8211; alcohol cloth<\/span><br \/><span>&#8211; gauze bandage<\/span><br \/><span>&#8211; sterile gauze compress<\/span><br \/><span>&#8211; sterile first aid dressing<\/span><br \/><span>&#8211; triangular bandage (96 x 96 x 135 cm)<\/span><br \/><span>&#8211; respiratory mask<\/span><br \/><span>&#8211; 4 antiseptic towelettes<\/span><\/div>\n<\/div>\n<\/div>\n","protected":false},"excerpt":{"rendered":"<p>Case: 100% PolyesterDimensions: 14 x 9 x 5 cmWeight: 80 g small first aid kit with zipper consists of:&#8211; scissors&#8211; safety pins&#8211; 5 plasters&#8211; sticking plaster&#8211; alcohol cloth&#8211; gauze bandage&#8211; sterile gauze compress&#8211; sterile first aid dressing&#8211; triangular bandage (96 x 96 x 135 cm)&#8211; respiratory mask&#8211; 4 antiseptic towelettes<\/p>\n","protected":false},"featured_media":0,"template":"","meta":[],"product_brand":[3390],"product_cat":[4558,4640,5008],"product_tag":[],"class_list":{"0":"post-80541","1":"product","2":"type-product","3":"status-publish","5":"product_brand-mil-tec","6":"product_cat-for-tourism-recreation","7":"product_cat-recreation","8":"product_cat-protective-equipment-for-tourism-recreation","10":"first","11":"instock","12":"shipping-taxable","13":"purchasable","14":"product-type-simple"},"_links":{"self":[{"href":"https:\/\/sezona.lv\/en\/wp-json\/wp\/v2\/product\/80541","targetHints":{"allow":["GET"]}}],"collection":[{"href":"https:\/\/sezona.lv\/en\/wp-json\/wp\/v2\/product"}],"about":[{"href":"https:\/\/sezona.lv\/en\/wp-json\/wp\/v2\/types\/product"}],"wp:attachment":[{"href":"https:\/\/sezona.lv\/en\/wp-json\/wp\/v2\/media?parent=80541"}],"wp:term":[{"taxonomy":"product_brand","embeddable":true,"href":"https:\/\/sezona.lv\/en\/wp-json\/wp\/v2\/product_brand?post=80541"},{"taxonomy":"product_cat","embeddable":true,"href":"https:\/\/sezona.lv\/en\/wp-json\/wp\/v2\/product_cat?post=80541"},{"taxonomy":"product_tag","embeddable":true,"href":"https:\/\/sezona.lv\/en\/wp-json\/wp\/v2\/product_tag?post=80541"}],"curies":[{"name":"wp","href":"https:\/\/api.w.org\/{rel}","templated":true}]}}