{"id":80542,"date":"2025-07-14T15:59:09","date_gmt":"2025-07-14T12:59:09","guid":{"rendered":"https:\/\/demo8.ecube.lv\/sezona.lv\/products\/mil-tec-pirmas-palidzibas-komplekts-l-16027001\/"},"modified":"2025-07-14T15:59:09","modified_gmt":"2025-07-14T12:59:09","slug":"mil-tec-pirmas-palidzibas-komplekts-l-16027001","status":"publish","type":"product","link":"https:\/\/sezona.lv\/en\/products\/mil-tec-pirmas-palidzibas-komplekts-l-16027001\/","title":{"rendered":"Mil Tec pirm\u0101s pal\u012bdz\u012bbas komplekts L (16027001)"},"content":{"rendered":"<div class=\"text\">\n<div class=\"text\">\n<div class=\"text\"><span>Case: 100% Polyester<\/span><br \/><span>Dimensions: 19 x 14 x 6,5 cm<\/span><br \/><span>Weight: 290 g<\/span><\/p>\n<p><span>small first aid kit with zipper and transparten pocket consists of:<\/span><br \/><span>&#8211; scissors<\/span><br \/><span>&#8211; cotton buds<\/span><br \/><span>&#8211; tweezers<\/span><br \/><span>&#8211; 4 alcohol clothes<\/span><br \/><span>&#8211; 8 plasters<\/span><br \/><span>&#8211; 5 gauze cloth<\/span><br \/><span>&#8211; sticking plaster<\/span><br \/><span>&#8211; 2 pack with gauze bandage (2 x 5 pieces)<\/span><br \/><span>&#8211; elastic bandage<\/span><br \/><span>&#8211; disposable gloves<\/span><br \/><span>&#8211; triangular bandage (useable as compress)<\/span><br \/><span>&#8211; safety pins<\/span><br \/><span>&#8211; respiratory mask<\/span><\/div>\n<\/div>\n<\/div>\n","protected":false},"excerpt":{"rendered":"<p>Case: 100% PolyesterDimensions: 19 x 14 x 6,5 cmWeight: 290 g small first aid kit with zipper and transparten pocket consists of:&#8211; scissors&#8211; cotton buds&#8211; tweezers&#8211; 4 alcohol clothes&#8211; 8 plasters&#8211; 5 gauze cloth&#8211; sticking plaster&#8211; 2 pack with gauze bandage (2 x 5 pieces)&#8211; elastic bandage&#8211; disposable gloves&#8211; triangular bandage (useable as compress)&#8211; safety [&hellip;]<\/p>\n","protected":false},"featured_media":0,"template":"","meta":[],"product_brand":[3390],"product_cat":[4558,4640,5008],"product_tag":[],"class_list":{"0":"post-80542","1":"product","2":"type-product","3":"status-publish","5":"product_brand-mil-tec","6":"product_cat-for-tourism-recreation","7":"product_cat-recreation","8":"product_cat-protective-equipment-for-tourism-recreation","10":"first","11":"instock","12":"shipping-taxable","13":"purchasable","14":"product-type-simple"},"_links":{"self":[{"href":"https:\/\/sezona.lv\/en\/wp-json\/wp\/v2\/product\/80542","targetHints":{"allow":["GET"]}}],"collection":[{"href":"https:\/\/sezona.lv\/en\/wp-json\/wp\/v2\/product"}],"about":[{"href":"https:\/\/sezona.lv\/en\/wp-json\/wp\/v2\/types\/product"}],"wp:attachment":[{"href":"https:\/\/sezona.lv\/en\/wp-json\/wp\/v2\/media?parent=80542"}],"wp:term":[{"taxonomy":"product_brand","embeddable":true,"href":"https:\/\/sezona.lv\/en\/wp-json\/wp\/v2\/product_brand?post=80542"},{"taxonomy":"product_cat","embeddable":true,"href":"https:\/\/sezona.lv\/en\/wp-json\/wp\/v2\/product_cat?post=80542"},{"taxonomy":"product_tag","embeddable":true,"href":"https:\/\/sezona.lv\/en\/wp-json\/wp\/v2\/product_tag?post=80542"}],"curies":[{"name":"wp","href":"https:\/\/api.w.org\/{rel}","templated":true}]}}