{"id":80543,"date":"2025-07-11T17:29:33","date_gmt":"2025-07-11T14:29:33","guid":{"rendered":"https:\/\/demo8.ecube.lv\/sezona.lv\/products\/automatiska-ziemas-makskeresanas-telts-runos\/"},"modified":"2025-07-14T15:59:10","modified_gmt":"2025-07-14T12:59:10","slug":"automatiska-ziemas-makskeresanas-telts-runos","status":"publish","type":"product","link":"https:\/\/sezona.lv\/en\/products\/automatiska-ziemas-makskeresanas-telts-runos\/","title":{"rendered":"Autom\u0101tisk\u0101 ziemas mak\u0161\u0137er\u0113\u0161anas telts RUNOS"},"content":{"rendered":"<p>\u0100tri saliekama ziemas mak&scaron;\u0137er\u0113&scaron;anas telts.<\/p>\n<p>Telts salik&scaron;ana pras\u012bs tikai p\u0101ris sekundes!<\/p>\n<p>Virsmas materi\u0101ls: Oksford 210D<\/p>\n<p>Gr\u012bdas materi\u0101ls: Oksford 150D<\/p>\n<p>Izm\u0113rs: 1.8&#215;1.8&#215;1.8m<\/p>\n","protected":false},"excerpt":{"rendered":"<p>\u0100tri saliekama ziemas mak&scaron;\u0137er\u0113&scaron;anas telts. Telts salik&scaron;ana pras\u012bs tikai p\u0101ris sekundes! Virsmas materi\u0101ls: Oksford 210D Gr\u012bdas materi\u0101ls: Oksford 150D Izm\u0113rs: 1.8&#215;1.8&#215;1.8m<\/p>\n","protected":false},"featured_media":106511,"template":"","meta":[],"product_brand":[],"product_cat":[4585,4750],"product_tag":[],"class_list":{"0":"post-80543","1":"product","2":"type-product","3":"status-publish","4":"has-post-thumbnail","6":"product_cat-winter-fishing-equipment-recreation","7":"product_cat-winter-fishing-tents-winter-fishing-equipment-recreation","9":"first","10":"instock","11":"shipping-taxable","12":"purchasable","13":"product-type-simple"},"_links":{"self":[{"href":"https:\/\/sezona.lv\/en\/wp-json\/wp\/v2\/product\/80543","targetHints":{"allow":["GET"]}}],"collection":[{"href":"https:\/\/sezona.lv\/en\/wp-json\/wp\/v2\/product"}],"about":[{"href":"https:\/\/sezona.lv\/en\/wp-json\/wp\/v2\/types\/product"}],"wp:featuredmedia":[{"embeddable":true,"href":"https:\/\/sezona.lv\/en\/wp-json\/wp\/v2\/media\/106511"}],"wp:attachment":[{"href":"https:\/\/sezona.lv\/en\/wp-json\/wp\/v2\/media?parent=80543"}],"wp:term":[{"taxonomy":"product_brand","embeddable":true,"href":"https:\/\/sezona.lv\/en\/wp-json\/wp\/v2\/product_brand?post=80543"},{"taxonomy":"product_cat","embeddable":true,"href":"https:\/\/sezona.lv\/en\/wp-json\/wp\/v2\/product_cat?post=80543"},{"taxonomy":"product_tag","embeddable":true,"href":"https:\/\/sezona.lv\/en\/wp-json\/wp\/v2\/product_tag?post=80543"}],"curies":[{"name":"wp","href":"https:\/\/api.w.org\/{rel}","templated":true}]}}