{"id":80545,"date":"2025-07-14T15:59:12","date_gmt":"2025-07-14T12:59:12","guid":{"rendered":"https:\/\/demo8.ecube.lv\/sezona.lv\/products\/sleposanas-jaka-dlx-richardson-l-izmers\/"},"modified":"2025-07-14T15:59:12","modified_gmt":"2025-07-14T12:59:12","slug":"sleposanas-jaka-dlx-richardson-l-izmers","status":"publish","type":"product","link":"https:\/\/sezona.lv\/en\/products\/sleposanas-jaka-dlx-richardson-l-izmers\/","title":{"rendered":"Sl\u0113po\u0161anas jaka DLX RICHARDSON L izm\u0113rs"},"content":{"rendered":"<p>Sl\u0113po&scaron;anas jaka DLX RICHARDSON L izm\u0113rs.<\/p>\n<p>&nbsp;<\/p>\n<p>V\u0113ja necaurlid\u012bga sl\u0113po&scaron;anas jaka.<\/p>\n<p>Apr\u012bkota ar RECCO mekl\u0113&scaron;anas sist\u0113mas \u010dipu. (<a class=\"red-color\" href=\"https:\/\/recco.com\" target=\"_blank\">https:\/\/recco.com<\/a>)<\/p>\n<p>Materials: 100% poliesteris PU membr\u0101na<\/p>\n<p>Oderes materi\u0101ls: 100% poliam\u012bds un 100% poliesteris<\/p>\n<p>Pild\u012bjums: 100% poliesteris<\/p>\n<p>\u016adensnotur\u012bba: 20 000<\/p>\n<p>Elpotsp\u0113ja: 10 000<\/p>\n<p>&nbsp;<\/p>\n<p>P\u016bkains pild\u012bjums;<\/p>\n<p>Regul\u0113jama, no\u0146emama kapuce;<\/p>\n<p>Ar r\u0101v\u0113jsl\u0113dz\u0113ju apr\u012bkota sl\u0113po&scaron;anas kartes kabata uz piedurknes;<\/p>\n<p>No\u0146emama sniega josta;<\/p>\n<p>V\u0113din\u0101&scaron;anas atveres apak&scaron;delmos;<\/p>\n<p>Iek&scaron;\u0113j\u0101 elast\u012bga aproce;<\/p>\n<p>Regul\u0113jama aproces cilpi\u0146a;<\/p>\n<p>Bri\u013c\u013cu un audio kabata\/kan\u0101ls.<\/p>\n","protected":false},"excerpt":{"rendered":"<p>Sl\u0113po&scaron;anas jaka DLX RICHARDSON L izm\u0113rs. &nbsp; V\u0113ja necaurlid\u012bga sl\u0113po&scaron;anas jaka. Apr\u012bkota ar RECCO mekl\u0113&scaron;anas sist\u0113mas \u010dipu. (https:\/\/recco.com) Materials: 100% poliesteris PU membr\u0101na Oderes materi\u0101ls: 100% poliam\u012bds un 100% poliesteris Pild\u012bjums: 100% poliesteris \u016adensnotur\u012bba: 20 000 Elpotsp\u0113ja: 10 000 &nbsp; P\u016bkains pild\u012bjums; Regul\u0113jama, no\u0146emama kapuce; Ar r\u0101v\u0113jsl\u0113dz\u0113ju apr\u012bkota sl\u0113po&scaron;anas kartes kabata uz piedurknes; No\u0146emama sniega [&hellip;]<\/p>\n","protected":false},"featured_media":0,"template":"","meta":[],"product_brand":[],"product_cat":[4538,4559,4560,4640],"product_tag":[],"class_list":{"0":"post-80545","1":"product","2":"type-product","3":"status-publish","5":"product_cat-fishing-equipment-recreation","6":"product_cat-equipment-fishing-equipment-recreation","7":"product_cat-clothes-equipment-fishing-equipment-recreation","8":"product_cat-recreation","10":"first","11":"instock","12":"shipping-taxable","13":"purchasable","14":"product-type-simple"},"_links":{"self":[{"href":"https:\/\/sezona.lv\/en\/wp-json\/wp\/v2\/product\/80545","targetHints":{"allow":["GET"]}}],"collection":[{"href":"https:\/\/sezona.lv\/en\/wp-json\/wp\/v2\/product"}],"about":[{"href":"https:\/\/sezona.lv\/en\/wp-json\/wp\/v2\/types\/product"}],"wp:attachment":[{"href":"https:\/\/sezona.lv\/en\/wp-json\/wp\/v2\/media?parent=80545"}],"wp:term":[{"taxonomy":"product_brand","embeddable":true,"href":"https:\/\/sezona.lv\/en\/wp-json\/wp\/v2\/product_brand?post=80545"},{"taxonomy":"product_cat","embeddable":true,"href":"https:\/\/sezona.lv\/en\/wp-json\/wp\/v2\/product_cat?post=80545"},{"taxonomy":"product_tag","embeddable":true,"href":"https:\/\/sezona.lv\/en\/wp-json\/wp\/v2\/product_tag?post=80545"}],"curies":[{"name":"wp","href":"https:\/\/api.w.org\/{rel}","templated":true}]}}