{"id":80546,"date":"2025-07-14T15:59:13","date_gmt":"2025-07-14T12:59:13","guid":{"rendered":"https:\/\/demo8.ecube.lv\/sezona.lv\/products\/odu-atbaiditajs-thermacell-ex90\/"},"modified":"2025-07-14T15:59:13","modified_gmt":"2025-07-14T12:59:13","slug":"odu-atbaiditajs-thermacell-ex90","status":"publish","type":"product","link":"https:\/\/sezona.lv\/en\/products\/odu-atbaiditajs-thermacell-ex90\/","title":{"rendered":"Odu atbaid\u012bt\u0101js Thermacell EX90"},"content":{"rendered":"<p>Thermacell Pretodu ier\u012bce EX90.<\/p>\n<p><span>Ar vienu pogas piesk\u0101rienu m\u0113s varam p\u0101rsp\u0113t visliel\u0101ko mosk\u012btu uzbrukumu. Piln\u012bb\u0101 jaunais bezvadu Thermacell mosk\u012btu atbaid\u012b&scaron;anas l\u012bdzeklis darbojas ilg\u0101k, optimiz\u0113ts atbaid\u012b&scaron;anas sp\u0113ks un vad\u012bba ar vienu pogu. P\u0101rstr\u0101d\u0101ts, lai sasniegtu vislab\u0101ko darba sp\u0113ju, EX90 ir viegli lietojams, uzl\u0101d\u0113jams, bez smar\u017eas un kompakts. Darbojas ar litija jonu akumulatoru, nevis ar Thermacell degvielas kasetn\u0113m, EX90 ir lidma&scaron;\u012bn\u0101m draudz\u012bgs un piln\u012bb\u0101 darbojas jebkur\u0101 augstum\u0101.<\/span><\/p>\n<ul>\n<li>Vienk\u0101r&scaron;i nospiediet pogu, izmantojot vienas pogas saskarni. Iesl\u0113dziet to &#8230; Insektu vairs nav!<\/li>\n<li>Mosk\u012btu atbaid\u012b&scaron;anas l\u012bdzeklis bez \u0137imik\u0101lij\u0101m uz \u0101das, k\u0101 piem\u0113ram, aerosoli vai losjoni. Bez DEET un bez smar\u017eas.<\/li>\n<li>TSA Sader\u012bgs ar lidojumiem un \u013coti viegli p\u0101rn\u0113s\u0101jams. Konsekventi darbojas jebkur\u0101 augstum\u0101.<\/li>\n<li>Darbojas 9+ stundas ar vienu uzl\u0101di. Var darboties l\u0101d\u0113&scaron;anas laik\u0101. Piln\u012bb\u0101 uzl\u0101d\u0113jas 9 stundu laik\u0101.<\/li>\n<li>Ce\u013co&scaron;anas sl\u0113dzenes, p\u0113c izv\u0113les autom\u0101tisks izsl\u0113g&scaron;an\u0101s taimeris (p\u0113c 2 stund\u0101m) un var darboties nep\u0101rtraukti.<\/li>\n<li>Atbaida insektus l\u012bdz 40 stund\u0101m ar vienu uzpildnes kasetni (kasetnes piederumi nop\u0113rkami atsevi&scaron;\u0137i).<\/li>\n<li>Aizsarg\u0101 29 m&sup2; lielu plat\u012bbu. Iztur\u012bgs, kompakts un jaud\u012bgs.<\/li>\n<li>Iepakojum\u0101 ietilpst: EX90 elektrisk\u0101 ier\u012bce, 1 40 stundu uzpildes kasetne un 1 USB uzl\u0101des kabelis. Iepakojum\u0101 ir akumulatora darb\u012bbas laika indikators.<\/li>\n<li>UZGLAB\u0100&Scaron;ANAS PAZI\u0145OJUMS: L\u016bdzu, piln\u012bb\u0101 uzl\u0101d\u0113jiet ier\u012bci pirms ilg\u0101kas glab\u0101&scaron;anas.<\/li>\n<\/ul>\n<p>&nbsp;<\/p>\n<table class=\"table table-sm\" border=\"0\">\n<tbody>\n<tr>\n<td><strong>Akt\u012bv\u0101 sast\u0101vda\u013ca<\/strong><\/td>\n<td>Metoflutr\u012bns\/Pralletr\u012bns<\/td>\n<\/tr>\n<tr>\n<td><strong>Mont\u0101\u017eas deta\u013cas<\/strong><\/td>\n<td>Nav nepiecie&scaron;ama mont\u0101\u017ea<\/td>\n<\/tr>\n<tr>\n<td><strong>Baterijas<\/strong><\/td>\n<td>Ieb\u016bv\u0113ts uzl\u0101d\u0113jams litija jonu akumulators<\/td>\n<\/tr>\n<tr>\n<td><strong>Izm\u0113ri<\/strong><\/td>\n<td>10 x 6 x 10,7 cm (garums x platums x augstums)<\/td>\n<\/tr>\n<tr>\n<td><strong>Paredz\u0113t\u0101s aizsardz\u012bbas stundas<\/strong><\/td>\n<td>40<\/td>\n<\/tr>\n<tr>\n<td><strong>Mode\u013ca numurs<\/strong><\/td>\n<td>EX90<\/td>\n<\/tr>\n<tr>\n<td><strong>Svars (kg)<\/strong><\/td>\n<td>0,181<\/td>\n<\/tr>\n<tr>\n<td><strong>Aizsardz\u012bbas zonas lielums<\/strong><\/td>\n<td>29 m&sup2;<\/td>\n<\/tr>\n<\/tbody>\n<\/table>\n","protected":false},"excerpt":{"rendered":"<p>Thermacell Pretodu ier\u012bce EX90. Ar vienu pogas piesk\u0101rienu m\u0113s varam p\u0101rsp\u0113t visliel\u0101ko mosk\u012btu uzbrukumu. Piln\u012bb\u0101 jaunais bezvadu Thermacell mosk\u012btu atbaid\u012b&scaron;anas l\u012bdzeklis darbojas ilg\u0101k, optimiz\u0113ts atbaid\u012b&scaron;anas sp\u0113ks un vad\u012bba ar vienu pogu. P\u0101rstr\u0101d\u0101ts, lai sasniegtu vislab\u0101ko darba sp\u0113ju, EX90 ir viegli lietojams, uzl\u0101d\u0113jams, bez smar\u017eas un kompakts. Darbojas ar litija jonu akumulatoru, nevis ar Thermacell degvielas [&hellip;]<\/p>\n","protected":false},"featured_media":0,"template":"","meta":[],"product_brand":[],"product_cat":[4558,4640,5008],"product_tag":[],"class_list":{"0":"post-80546","1":"product","2":"type-product","3":"status-publish","5":"product_cat-for-tourism-recreation","6":"product_cat-recreation","7":"product_cat-protective-equipment-for-tourism-recreation","9":"first","10":"instock","11":"shipping-taxable","12":"purchasable","13":"product-type-simple"},"_links":{"self":[{"href":"https:\/\/sezona.lv\/en\/wp-json\/wp\/v2\/product\/80546","targetHints":{"allow":["GET"]}}],"collection":[{"href":"https:\/\/sezona.lv\/en\/wp-json\/wp\/v2\/product"}],"about":[{"href":"https:\/\/sezona.lv\/en\/wp-json\/wp\/v2\/types\/product"}],"wp:attachment":[{"href":"https:\/\/sezona.lv\/en\/wp-json\/wp\/v2\/media?parent=80546"}],"wp:term":[{"taxonomy":"product_brand","embeddable":true,"href":"https:\/\/sezona.lv\/en\/wp-json\/wp\/v2\/product_brand?post=80546"},{"taxonomy":"product_cat","embeddable":true,"href":"https:\/\/sezona.lv\/en\/wp-json\/wp\/v2\/product_cat?post=80546"},{"taxonomy":"product_tag","embeddable":true,"href":"https:\/\/sezona.lv\/en\/wp-json\/wp\/v2\/product_tag?post=80546"}],"curies":[{"name":"wp","href":"https:\/\/api.w.org\/{rel}","templated":true}]}}