{"id":80560,"date":"2025-07-14T15:59:26","date_gmt":"2025-07-14T12:59:26","guid":{"rendered":"https:\/\/demo8.ecube.lv\/sezona.lv\/products\/saliekama-gulta-dam-mad-bsx-camo-flatbed\/"},"modified":"2025-07-14T15:59:26","modified_gmt":"2025-07-14T12:59:26","slug":"saliekama-gulta-dam-mad-bsx-camo-flatbed","status":"publish","type":"product","link":"https:\/\/sezona.lv\/en\/products\/saliekama-gulta-dam-mad-bsx-camo-flatbed\/","title":{"rendered":"Saliekam\u0101 gulta Dam Mad BSX Camo Flatbed"},"content":{"rendered":"<p>\u0112rta saliekama, plakan\u0101 gulta ar se&scaron;\u0101m regul\u0113jam\u0101m k\u0101j\u0101m ar dub\u013cu k\u0101ji\u0146\u0101m un regul\u0113jamu atzveltni.<\/p>\n<p>Pievilc\u012bg\u0101 ol\u012bvu za\u013c\u0101s un kamufl\u0101\u017eas kr\u0101su kombin\u0101cij\u0101.<\/p>\n<p>Svars:9,9 kg.<\/p>\n<p>Izm\u0113ri: 205x80x40cm.<\/p>\n","protected":false},"excerpt":{"rendered":"<p>\u0112rta saliekama, plakan\u0101 gulta ar se&scaron;\u0101m regul\u0113jam\u0101m k\u0101j\u0101m ar dub\u013cu k\u0101ji\u0146\u0101m un regul\u0113jamu atzveltni. Pievilc\u012bg\u0101 ol\u012bvu za\u013c\u0101s un kamufl\u0101\u017eas kr\u0101su kombin\u0101cij\u0101. Svars:9,9 kg. Izm\u0113ri: 205x80x40cm.<\/p>\n","protected":false},"featured_media":0,"template":"","meta":[],"product_brand":[],"product_cat":[4558,4640,4679],"product_tag":[],"class_list":{"0":"post-80560","1":"product","2":"type-product","3":"status-publish","5":"product_cat-for-tourism-recreation","6":"product_cat-recreation","7":"product_cat-folding-chairs-camp-beds-for-tourism-recreation","9":"first","10":"instock","11":"shipping-taxable","12":"purchasable","13":"product-type-simple"},"_links":{"self":[{"href":"https:\/\/sezona.lv\/en\/wp-json\/wp\/v2\/product\/80560","targetHints":{"allow":["GET"]}}],"collection":[{"href":"https:\/\/sezona.lv\/en\/wp-json\/wp\/v2\/product"}],"about":[{"href":"https:\/\/sezona.lv\/en\/wp-json\/wp\/v2\/types\/product"}],"wp:attachment":[{"href":"https:\/\/sezona.lv\/en\/wp-json\/wp\/v2\/media?parent=80560"}],"wp:term":[{"taxonomy":"product_brand","embeddable":true,"href":"https:\/\/sezona.lv\/en\/wp-json\/wp\/v2\/product_brand?post=80560"},{"taxonomy":"product_cat","embeddable":true,"href":"https:\/\/sezona.lv\/en\/wp-json\/wp\/v2\/product_cat?post=80560"},{"taxonomy":"product_tag","embeddable":true,"href":"https:\/\/sezona.lv\/en\/wp-json\/wp\/v2\/product_tag?post=80560"}],"curies":[{"name":"wp","href":"https:\/\/api.w.org\/{rel}","templated":true}]}}