{"id":80561,"date":"2025-07-14T15:59:27","date_gmt":"2025-07-14T12:59:27","guid":{"rendered":"https:\/\/demo8.ecube.lv\/sezona.lv\/products\/piepusama-laiva-outland-fm-285sl-ar-motora-stiprinajumu\/"},"modified":"2025-07-14T15:59:27","modified_gmt":"2025-07-14T12:59:27","slug":"piepusama-laiva-outland-fm-285sl-ar-motora-stiprinajumu","status":"publish","type":"product","link":"https:\/\/sezona.lv\/en\/products\/piepusama-laiva-outland-fm-285sl-ar-motora-stiprinajumu\/","title":{"rendered":"Piep\u016b\u0161am\u0101 laiva Outland FM-285SL ar motora stiprin\u0101jumu"},"content":{"rendered":"<p><span>Piep\u016b&scaron;am\u0101 laiva Outland FM-285SL ar motora stiprin\u0101jumu.<\/span><\/p>\n<p><span>Piep\u016b&scaron;am\u0101 laiva ar ieliekamu d\u0113\u013cu gr\u012bdu.<\/span><\/p>\n<ul>\n<li>Materi\u0101ls: Poliestera audumus ar PVC p\u0101rkl\u0101jumu 0,70mm<\/li>\n<li>2 izjaucami alum\u012bnija airi<\/li>\n<li>1 remonta komplekts<\/li>\n<li>K\u0101jas pumpis<\/li>\n<li>Transport\u0113&scaron;anas soma<\/li>\n<li>Elektromotora stiprin\u0101jums<\/li>\n<li>2 b\u012bd\u0101mi s\u0113dek\u013ci<\/li>\n<\/ul>\n<dt>Artikuls: FM-285SL<\/dt>\n<dt>Kr\u0101sa: Za\u013ca<\/dt>\n<dt>Svars: 30.9kg<\/dt>\n<dt>Garums: 2.85m<\/dt>\n<dt>Sekciju skaits: 2<\/dt>\n<dt>Materi\u0101ls: PVC<\/dt>\n<dt>Platums: 1.35m<\/dt>\n<dt>Pontona diametrs: 37cm<\/dt>\n<dt>Celtsp\u0113ja: 425kg<\/dt>\n<dt>Maksim\u0101l\u0101 dzin\u0113ja jauda: 4kW<\/dt>\n<dt>Ietilp\u012bba Cilv: 3<\/dt>\n<dt>Z\u012bmols: OUTLAND<\/dt>\n","protected":false},"excerpt":{"rendered":"<p>Piep\u016b&scaron;am\u0101 laiva Outland FM-285SL ar motora stiprin\u0101jumu. Piep\u016b&scaron;am\u0101 laiva ar ieliekamu d\u0113\u013cu gr\u012bdu. Materi\u0101ls: Poliestera audumus ar PVC p\u0101rkl\u0101jumu 0,70mm 2 izjaucami alum\u012bnija airi 1 remonta komplekts K\u0101jas pumpis Transport\u0113&scaron;anas soma Elektromotora stiprin\u0101jums 2 b\u012bd\u0101mi s\u0113dek\u013ci Artikuls: FM-285SL Kr\u0101sa: Za\u013ca Svars: 30.9kg Garums: 2.85m Sekciju skaits: 2 Materi\u0101ls: PVC Platums: 1.35m Pontona diametrs: 37cm Celtsp\u0113ja: [&hellip;]<\/p>\n","protected":false},"featured_media":0,"template":"","meta":[],"product_brand":[],"product_cat":[4557,4578,4640,4948],"product_tag":[],"class_list":{"0":"post-80561","1":"product","2":"type-product","3":"status-publish","5":"product_cat-boats-recreation","6":"product_cat-inflatable-boats-boats-recreation","7":"product_cat-recreation","8":"product_cat-outland-2-inflatable-boats-boats-recreation","10":"first","11":"instock","12":"shipping-taxable","13":"purchasable","14":"product-type-simple"},"_links":{"self":[{"href":"https:\/\/sezona.lv\/en\/wp-json\/wp\/v2\/product\/80561","targetHints":{"allow":["GET"]}}],"collection":[{"href":"https:\/\/sezona.lv\/en\/wp-json\/wp\/v2\/product"}],"about":[{"href":"https:\/\/sezona.lv\/en\/wp-json\/wp\/v2\/types\/product"}],"wp:attachment":[{"href":"https:\/\/sezona.lv\/en\/wp-json\/wp\/v2\/media?parent=80561"}],"wp:term":[{"taxonomy":"product_brand","embeddable":true,"href":"https:\/\/sezona.lv\/en\/wp-json\/wp\/v2\/product_brand?post=80561"},{"taxonomy":"product_cat","embeddable":true,"href":"https:\/\/sezona.lv\/en\/wp-json\/wp\/v2\/product_cat?post=80561"},{"taxonomy":"product_tag","embeddable":true,"href":"https:\/\/sezona.lv\/en\/wp-json\/wp\/v2\/product_tag?post=80561"}],"curies":[{"name":"wp","href":"https:\/\/api.w.org\/{rel}","templated":true}]}}