{"id":80563,"date":"2025-07-14T15:59:29","date_gmt":"2025-07-14T12:59:29","guid":{"rendered":"https:\/\/demo8.ecube.lv\/sezona.lv\/products\/piepusama-laiva-outland-mb-360al\/"},"modified":"2025-07-14T15:59:29","modified_gmt":"2025-07-14T12:59:29","slug":"piepusama-laiva-outland-mb-360al","status":"publish","type":"product","link":"https:\/\/sezona.lv\/en\/products\/piepusama-laiva-outland-mb-360al\/","title":{"rendered":"Piep\u016b\u0161am\u0101 laiva Outland MB-360AL"},"content":{"rendered":"<p>Piep\u016b&scaron;am\u0101 laiva Outland MB-360AL.<\/p>\n<p><span>Piep\u016b&scaron;am\u0101 laiva ar alum\u012bnija gr\u012bdu.<\/span><\/p>\n<ul>\n<li>Materi\u0101ls: Poliestera audumus ar PVC p\u0101rkl\u0101jumu 0,70mm<\/li>\n<li>2 izjaucami alum\u012bnija airi<\/li>\n<li>1 remonta komplekts<\/li>\n<li>K\u0101jas pumpis<\/li>\n<li>Transport\u0113&scaron;anas soma<\/li>\n<li>Elektromotora stiprin\u0101jums<\/li>\n<li>2 b\u012bd\u0101mi s\u0113dek\u013ci<\/li>\n<li>Piep\u016b&scaron;ams \u0137\u012blis<\/li>\n<\/ul>\n<dt>Artikuls: MB-360AL<\/dt>\n<dt>Kr\u0101sa: Pel\u0113ka<\/dt>\n<dt>Svars: 80.7kg<\/dt>\n<dt>Garums: 3.60m<\/dt>\n<dt>Sekciju skaits: 3+1<\/dt>\n<dt>Materi\u0101ls: PVC<\/dt>\n<dt>Platums: 1.73m<\/dt>\n<dt>Pontona diametrs: 46cm<\/dt>\n<dt>Celtsp\u0113ja: 710kg<\/dt>\n<dt>Maksim\u0101l\u0101 dzin\u0113ja jauda: 15kW<\/dt>\n<dt>Ietilp\u012bba Cilv: 6<\/dt>\n<dt>Z\u012bmols: OUTLAND<\/dt>\n","protected":false},"excerpt":{"rendered":"<p>Piep\u016b&scaron;am\u0101 laiva Outland MB-360AL. Piep\u016b&scaron;am\u0101 laiva ar alum\u012bnija gr\u012bdu. Materi\u0101ls: Poliestera audumus ar PVC p\u0101rkl\u0101jumu 0,70mm 2 izjaucami alum\u012bnija airi 1 remonta komplekts K\u0101jas pumpis Transport\u0113&scaron;anas soma Elektromotora stiprin\u0101jums 2 b\u012bd\u0101mi s\u0113dek\u013ci Piep\u016b&scaron;ams \u0137\u012blis Artikuls: MB-360AL Kr\u0101sa: Pel\u0113ka Svars: 80.7kg Garums: 3.60m Sekciju skaits: 3+1 Materi\u0101ls: PVC Platums: 1.73m Pontona diametrs: 46cm Celtsp\u0113ja: 710kg Maksim\u0101l\u0101 [&hellip;]<\/p>\n","protected":false},"featured_media":0,"template":"","meta":[],"product_brand":[],"product_cat":[4557,4578,4640,4948],"product_tag":[],"class_list":{"0":"post-80563","1":"product","2":"type-product","3":"status-publish","5":"product_cat-boats-recreation","6":"product_cat-inflatable-boats-boats-recreation","7":"product_cat-recreation","8":"product_cat-outland-2-inflatable-boats-boats-recreation","10":"first","11":"instock","12":"shipping-taxable","13":"purchasable","14":"product-type-simple"},"_links":{"self":[{"href":"https:\/\/sezona.lv\/en\/wp-json\/wp\/v2\/product\/80563","targetHints":{"allow":["GET"]}}],"collection":[{"href":"https:\/\/sezona.lv\/en\/wp-json\/wp\/v2\/product"}],"about":[{"href":"https:\/\/sezona.lv\/en\/wp-json\/wp\/v2\/types\/product"}],"wp:attachment":[{"href":"https:\/\/sezona.lv\/en\/wp-json\/wp\/v2\/media?parent=80563"}],"wp:term":[{"taxonomy":"product_brand","embeddable":true,"href":"https:\/\/sezona.lv\/en\/wp-json\/wp\/v2\/product_brand?post=80563"},{"taxonomy":"product_cat","embeddable":true,"href":"https:\/\/sezona.lv\/en\/wp-json\/wp\/v2\/product_cat?post=80563"},{"taxonomy":"product_tag","embeddable":true,"href":"https:\/\/sezona.lv\/en\/wp-json\/wp\/v2\/product_tag?post=80563"}],"curies":[{"name":"wp","href":"https:\/\/api.w.org\/{rel}","templated":true}]}}