{"id":80565,"date":"2025-07-11T17:30:07","date_gmt":"2025-07-11T14:30:07","guid":{"rendered":"https:\/\/demo8.ecube.lv\/sezona.lv\/products\/cepure-daiwa-d-vec-cap\/"},"modified":"2025-07-14T15:59:31","modified_gmt":"2025-07-14T12:59:31","slug":"cepure-daiwa-d-vec-cap","status":"publish","type":"product","link":"https:\/\/sezona.lv\/en\/products\/cepure-daiwa-d-vec-cap\/","title":{"rendered":"Cepure Daiwa D-VEC cap"},"content":{"rendered":"<ul>\n<\/ul>\n<div class=\"item_desc\">\n<div class=\"inner-content\">\n<div id=\"tab1\" class=\"tabContents\">\n<div class=\"item_desc\">\n<div id=\"tab1\" class=\"tabContents\">\n<div class=\"item_desc\">\n<div id=\"tab1\" class=\"tabContents\">\n<div class=\"item_desc\">\n<div class=\"desc_block\">\n<div id=\"at3\" class=\"pane description\" style=\"top: -2px\">\n<div id=\"at3\" class=\"pane description\" style=\"top: -2px\">\n<div id=\"at3\" class=\"pane description\" style=\"top: -2px\">\n<ul>\n<\/ul>\n<div class=\"item_desc\">\n<div class=\"inner-content\">\n<div id=\"tab1\" class=\"tabContents\">\n<div class=\"item_desc\">\n<div id=\"tab1\" class=\"tabContents\">\n<div class=\"item_desc\">\n<div id=\"tab1\" class=\"tabContents\">\n<div class=\"item_desc\">\n<div class=\"desc_block\">\n<div id=\"at3\" class=\"pane description\" style=\"top: -2px\">\n<div id=\"at3\" class=\"pane description\" style=\"top: -2px\">\n<div id=\"at3\" class=\"pane description\" style=\"top: -2px\">\n<ul>\n<\/ul>\n<div id=\"at3\" class=\"pane description\">Beisbola tipa cepure ar Daiwa logotipu. Ra\u017eot\u0101js &#8211; Daiwa. Materi\u0101ls &#8211; 20% kokvilna, 80% poliakrils.<\/div>\n<ul>\n<\/ul>\n<\/div>\n<\/div>\n<\/div>\n<\/div>\n<\/div>\n<\/div>\n<\/div>\n<\/div>\n<\/div>\n<\/div>\n<\/div>\n<\/div>\n<ul>\n<\/ul>\n<\/div>\n<\/div>\n<\/div>\n<\/div>\n<\/div>\n<\/div>\n<\/div>\n<\/div>\n<\/div>\n<\/div>\n<\/div>\n<\/div>\n<ul>\n<\/ul>\n","protected":false},"excerpt":{"rendered":"<p>Beisbola tipa cepure ar Daiwa logotipu. Ra\u017eot\u0101js &#8211; Daiwa. Materi\u0101ls &#8211; 20% kokvilna, 80% poliakrils.<\/p>\n","protected":false},"featured_media":75542,"template":"","meta":[],"product_brand":[3368],"product_cat":[4538,4559],"product_tag":[],"class_list":{"0":"post-80565","1":"product","2":"type-product","3":"status-publish","4":"has-post-thumbnail","6":"product_brand-rapala","7":"product_cat-fishing-equipment-recreation","8":"product_cat-equipment-fishing-equipment-recreation","10":"first","11":"instock","12":"shipping-taxable","13":"purchasable","14":"product-type-simple"},"_links":{"self":[{"href":"https:\/\/sezona.lv\/en\/wp-json\/wp\/v2\/product\/80565","targetHints":{"allow":["GET"]}}],"collection":[{"href":"https:\/\/sezona.lv\/en\/wp-json\/wp\/v2\/product"}],"about":[{"href":"https:\/\/sezona.lv\/en\/wp-json\/wp\/v2\/types\/product"}],"wp:featuredmedia":[{"embeddable":true,"href":"https:\/\/sezona.lv\/en\/wp-json\/wp\/v2\/media\/75542"}],"wp:attachment":[{"href":"https:\/\/sezona.lv\/en\/wp-json\/wp\/v2\/media?parent=80565"}],"wp:term":[{"taxonomy":"product_brand","embeddable":true,"href":"https:\/\/sezona.lv\/en\/wp-json\/wp\/v2\/product_brand?post=80565"},{"taxonomy":"product_cat","embeddable":true,"href":"https:\/\/sezona.lv\/en\/wp-json\/wp\/v2\/product_cat?post=80565"},{"taxonomy":"product_tag","embeddable":true,"href":"https:\/\/sezona.lv\/en\/wp-json\/wp\/v2\/product_tag?post=80565"}],"curies":[{"name":"wp","href":"https:\/\/api.w.org\/{rel}","templated":true}]}}