{"id":80566,"date":"2025-07-11T17:30:09","date_gmt":"2025-07-11T14:30:09","guid":{"rendered":"https:\/\/demo8.ecube.lv\/sezona.lv\/products\/coleman-telts-blackout-6\/"},"modified":"2025-07-14T15:59:32","modified_gmt":"2025-07-14T12:59:32","slug":"coleman-telts-blackout-6","status":"publish","type":"product","link":"https:\/\/sezona.lv\/en\/products\/coleman-telts-blackout-6\/","title":{"rendered":"Coleman telts BlackOut 6"},"content":{"rendered":"<div>\n<div>\n<div>\n<div>\n<div>\n<div>\n<div>\n<div>\n<div>\n<div>\n<div>\n<div>\n<div>\n<div>\n<div>\n<div>\n<p>6-viet\u012bga kempinga telts ar 3 gu\u013camistab\u0101m un viesistabas zonu \u013caus justies komfortabli lielai \u0123imenei vai draugu pulkam.<\/p>\n<p><a title=\"3D t\u016bre\" href=\"https:\/\/aftersales.coleman.eu\/animations\/Mackenzie_6\/Mackenzie_6.html\">3D virtu\u0101l\u0101 t\u016bre<\/a><\/p>\n<p>Vien\u0101 telts pus\u0113 ir divas 2 viet\u012bgas gu\u013camistabas, kas atdal\u012btas ar sieni\u0146u, ko iesp\u0113jams no\u0146emt izveidojot vienu lielu telpu. Viesistabas zon\u0101 izvietojas v\u0113l viena 2-viet\u012bga gu\u013camistaba, kuru iesp\u0113jams no\u0146emt, papla&scaron;inot viesistabas zonu vai piel\u0101gojot telti maz\u0101kam cilv\u0113ku skaitam.<\/p>\n<p><strong>Viesistaba ar lieliem logiem<\/strong>, kas aizverami da\u017e\u0101dos veidos &#8211; ar pl\u0113vi, mosk\u012btu sietu un\/vai aizkariem, k\u0101 ar\u012b augstiem 195 cm griestiem.<\/p>\n<p>Pateicoties Coleman patent\u0113tajai BlackOut Bedroom&nbsp;<strong>aptum&scaron;otajai gu\u013camistabai<\/strong>, var\u0113siet gul\u0113t tik ilgi, cik uziet, turkl\u0101t telts maz\u0101k uzkars\u012bs saul\u0113.<\/p>\n<p>Telts audums ir&nbsp;<strong>ugunsdro&scaron;s<\/strong>&nbsp;un nodro&scaron;ina uzticamu aizsardz\u012bbu no saules ar&nbsp;<strong>SPF50 UV aizsardz\u012bbu<\/strong>.<\/p>\n<ul class=\"metafield-single_line_text_field-array\">\n<li class=\"metafield-single_line_text_field\">L\u012aM\u0112TAS &Scaron;UVES<\/li>\n<li class=\"metafield-single_line_text_field\">COLEMAN&reg; BLACKOUT BEDROOM&trade; &#8211; \u012bpa&scaron;s telts materi\u0101ls, kas blo\u0137\u0113 l\u012bdz 99% dienas gaismas \u013caujot izgul\u0113ties tik ilgi, cik v\u0113laties, k\u0101 ar\u012b uzturot telti par 5&deg;C v\u0113s\u0101ku.<\/li>\n<li class=\"metafield-single_line_text_field\">ATVERE STR\u0100VAS KABELIM &#8211; \u013cauj \u0113rti izmantot \u0101rpus\u0113 eso&scaron;u str\u0101vas avotu.<\/li>\n<li class=\"metafield-single_line_text_field\">T\u0112RAUDA LOKI &#8211; \u013coti iztur\u012bgi, paredz\u0113ti skarbiem apst\u0101k\u013ciem, palielin\u0101ta iztur\u012bba liel\u0101k\u0101m \u0123imenes telt\u012bm<\/li>\n<li class=\"metafield-single_line_text_field\">DIVAS DURVIS nodro&scaron;ina \u0113rt\u0101ku piek\u013cuvi vair\u0101kiem cilv\u0113kiem, k\u0101 ar\u012b uzlabo ventil\u0101ciju un pa\u0101trina kondens\u0101ta iz\u017e\u016b&scaron;anu.<\/li>\n<li class=\"metafield-single_line_text_field\">COLEMAN UV GUARD&trade; &#8211; sertific\u0113ta, laboratotij\u0101 test\u0113ta telts iem\u012btnieku saules aizsardz\u012bba ar SPF50.<\/li>\n<li class=\"metafield-single_line_text_field\">V\u0112TRAS CILPAS nodro&scaron;ina papildus dro&scaron;\u012bbu stipra v\u0113ja laik\u0101.<\/li>\n<li class=\"metafield-single_line_text_field\">UGUNSDRO&Scaron;S audums nodro&scaron;ina, ka telts neaizdegas nekontrol\u0113ti un pa&scaron;nodziest, ja tiek likvid\u0113ts karstuma avots, \u013caujot dro&scaron;i izb\u0113gt ugunsgr\u0113ka gad\u012bjum\u0101.<\/li>\n<\/ul>\n<\/div>\n<ul class=\"metafield-single_line_text_field-array\">\n<li class=\"metafield-single_line_text_field\">\u016adensiztur\u012bba: 4500 mm<\/li>\n<li class=\"metafield-single_line_text_field\">Svars: 35.5 kg<\/li>\n<li class=\"metafield-single_line_text_field\">\u0100r\u0113jais izm\u0113rs (GxPxA): 650x300x217 cm<\/li>\n<li class=\"metafield-single_line_text_field\">Iek&scaron;\u0113jais izm\u0113rs: 600&#215;315 cm<\/li>\n<li class=\"metafield-single_line_text_field\">Gu\u013camistabas: Nr 1: 215&#215;140 cm, Nr: 2 215&#215;140 cm, Nr: 3 210&#215;140 cm (Nr 1 un nr 2 apvienojamas vien\u0101 215&#215;280 cm telp\u0101.<\/li>\n<li class=\"metafield-single_line_text_field\">Iek&scaron;\u0113jais griestu augstums max: 195 cm; min 165 cm<\/li>\n<li class=\"metafield-single_line_text_field\">Telts auduma materi\u0101ls: 70 Denier poliesters ar PU p\u0101rkl\u0101jumu, 4500 mm, ugunsdro&scaron;s<\/li>\n<li class=\"metafield-single_line_text_field\">Iek&scaron;\u0113j\u0101s telts materi\u0101ls: Elpojo&scaron;s poliesters<\/li>\n<li class=\"metafield-single_line_text_field\">Gr\u012bdas materi\u0101ls: Polietil\u0113ns ar poliuret\u0101na p\u0101rkl\u0101jumu, piln\u012bb\u0101 integr\u0113ts<\/li>\n<li class=\"metafield-single_line_text_field\">Logi: PVC<\/li>\n<li class=\"metafield-single_line_text_field\">Iepakojuma izm\u0113rs: 80x40x40 cm<\/li>\n<li class=\"metafield-single_line_text_field\">Komplekt\u0101: transport\u0113&scaron;anas soma<\/li>\n<li class=\"metafield-single_line_text_field\">Uzst\u0101d\u012b&scaron;anas laiks: 30 min<\/li>\n<\/ul>\n<\/div>\n<div>\n<ul>\n<\/ul>\n<\/div>\n<\/div>\n<div>\n<div>\n<ul>\n<\/ul>\n<\/div>\n<\/div>\n<\/div>\n<\/div>\n<\/div>\n<\/div>\n<div>\n<ul>\n<\/ul>\n<\/div>\n<\/div>\n<div>\n<ul>\n<\/ul>\n<\/div>\n<\/div>\n<div>\n<ul>\n<\/ul>\n<\/div>\n<\/div>\n<\/div>\n<\/div>\n<\/div>\n<\/div>\n<div>\n<div>\n<ul>\n<\/ul>\n<\/div>\n<\/div>\n<\/div>\n<div>\n<div>\n<ul>\n<\/ul>\n<\/div>\n<\/div>\n<\/div>\n<div>\n<ul>\n<\/ul>\n<\/div>\n<div>\n<ul>\n<\/ul>\n<\/div>\n","protected":false},"excerpt":{"rendered":"<p>6-viet\u012bga kempinga telts ar 3 gu\u013camistab\u0101m un viesistabas zonu \u013caus justies komfortabli lielai \u0123imenei vai draugu pulkam. 3D virtu\u0101l\u0101 t\u016bre Vien\u0101 telts pus\u0113 ir divas 2 viet\u012bgas gu\u013camistabas, kas atdal\u012btas ar sieni\u0146u, ko iesp\u0113jams no\u0146emt izveidojot vienu lielu telpu. Viesistabas zon\u0101 izvietojas v\u0113l viena 2-viet\u012bga gu\u013camistaba, kuru iesp\u0113jams no\u0146emt, papla&scaron;inot viesistabas zonu vai piel\u0101gojot telti [&hellip;]<\/p>\n","protected":false},"featured_media":75545,"template":"","meta":[],"product_brand":[3381],"product_cat":[4558,4568,4952],"product_tag":[],"class_list":{"0":"post-80566","1":"product","2":"type-product","3":"status-publish","4":"has-post-thumbnail","6":"product_brand-coleman","7":"product_cat-for-tourism-recreation","8":"product_cat-tents-for-tourism-recreation","9":"product_cat-coleman-tents-tents-for-tourism-recreation","11":"first","12":"instock","13":"shipping-taxable","14":"purchasable","15":"product-type-simple"},"_links":{"self":[{"href":"https:\/\/sezona.lv\/en\/wp-json\/wp\/v2\/product\/80566","targetHints":{"allow":["GET"]}}],"collection":[{"href":"https:\/\/sezona.lv\/en\/wp-json\/wp\/v2\/product"}],"about":[{"href":"https:\/\/sezona.lv\/en\/wp-json\/wp\/v2\/types\/product"}],"wp:featuredmedia":[{"embeddable":true,"href":"https:\/\/sezona.lv\/en\/wp-json\/wp\/v2\/media\/75545"}],"wp:attachment":[{"href":"https:\/\/sezona.lv\/en\/wp-json\/wp\/v2\/media?parent=80566"}],"wp:term":[{"taxonomy":"product_brand","embeddable":true,"href":"https:\/\/sezona.lv\/en\/wp-json\/wp\/v2\/product_brand?post=80566"},{"taxonomy":"product_cat","embeddable":true,"href":"https:\/\/sezona.lv\/en\/wp-json\/wp\/v2\/product_cat?post=80566"},{"taxonomy":"product_tag","embeddable":true,"href":"https:\/\/sezona.lv\/en\/wp-json\/wp\/v2\/product_tag?post=80566"}],"curies":[{"name":"wp","href":"https:\/\/api.w.org\/{rel}","templated":true}]}}