{"id":80569,"date":"2025-07-11T17:30:17","date_gmt":"2025-07-11T14:30:17","guid":{"rendered":"https:\/\/demo8.ecube.lv\/sezona.lv\/products\/norfin-brienambikses-pilot-stockingfoot\/"},"modified":"2025-07-14T15:59:36","modified_gmt":"2025-07-14T12:59:36","slug":"norfin-brienambikses-pilot-stockingfoot","status":"publish","type":"product","link":"https:\/\/sezona.lv\/en\/products\/norfin-brienambikses-pilot-stockingfoot\/","title":{"rendered":"Norfin Brienambikses PILOT STOCKINGFOOT"},"content":{"rendered":"<p><span>Z\u0101bakbikses izgatavotas no augstas kvalit\u0101tes 4-sl\u0101\u0146u materi\u0101la, kas nodro&scaron;ina ide\u0101lu l\u012bdzsvaru starp iztur\u012bbu un gaisa caurlaid\u012bbu. Liela \u0101r\u0113j\u0101 kabata, kur glab\u0101t mak&scaron;\u0137er\u0113&scaron;anas piederumus, un iek&scaron;kabata ar r\u0101v\u0113jsl\u0113dz\u0113ju. Komplekt\u0101 ietilpst \u016bdensiztur\u012bgs maci\u0146&scaron; telefonam. Ergonomiskas ze\u0137es, kas izgatavotas no nodilumiztur\u012bg\u0101 neopr\u0113na, biezums 5mm.<\/span><\/p>\n<p>&nbsp;<\/p>\n<li>Elast\u012bgas, regul\u0113jamas lences<\/li>\n<li>Anatomisks piegriezums<\/li>\n<li>Iek&scaron;\u0113j\u0101 kabata ar r\u0101v\u0113jsl\u0113dz\u0113ju<\/li>\n<li>\u0100r\u0113ja kr\u016b&scaron;u kabata ar \u016bdensnecaurlaid\u012bgu r\u0101v\u0113jsl\u0113dz\u0113ju<\/li>\n<li>Josta komplekt\u0101<\/li>\n<li>Neopr\u0113na ze\u0137es<\/li>\n<li>Smil&scaron;u aizsargi<\/li>\n<li>\u016adensiztur\u012bgs maci\u0146&scaron; telefonam<\/li>\n<li>Maiss glab\u0101&scaron;anai<\/li>\n<li>Neliels remonta komplekts<\/li>\n<li>Mitrumiztur\u012bba -18000<\/li>\n<li>Elpotsp\u0113ja &#8211; 6000 g\/m&sup2;\/24h<\/li>\n<ul>\n<\/ul>\n","protected":false},"excerpt":{"rendered":"<p>Z\u0101bakbikses izgatavotas no augstas kvalit\u0101tes 4-sl\u0101\u0146u materi\u0101la, kas nodro&scaron;ina ide\u0101lu l\u012bdzsvaru starp iztur\u012bbu un gaisa caurlaid\u012bbu. Liela \u0101r\u0113j\u0101 kabata, kur glab\u0101t mak&scaron;\u0137er\u0113&scaron;anas piederumus, un iek&scaron;kabata ar r\u0101v\u0113jsl\u0113dz\u0113ju. Komplekt\u0101 ietilpst \u016bdensiztur\u012bgs maci\u0146&scaron; telefonam. Ergonomiskas ze\u0137es, kas izgatavotas no nodilumiztur\u012bg\u0101 neopr\u0113na, biezums 5mm. &nbsp; Elast\u012bgas, regul\u0113jamas lences Anatomisks piegriezums Iek&scaron;\u0113j\u0101 kabata ar r\u0101v\u0113jsl\u0113dz\u0113ju \u0100r\u0113ja kr\u016b&scaron;u kabata ar [&hellip;]<\/p>\n","protected":false},"featured_media":105839,"template":"","meta":[],"product_brand":[899],"product_cat":[4538,4559,4561],"product_tag":[],"class_list":{"0":"post-80569","1":"product","2":"type-product","3":"status-publish","4":"has-post-thumbnail","6":"product_brand-norfin","7":"product_cat-fishing-equipment-recreation","8":"product_cat-equipment-fishing-equipment-recreation","9":"product_cat-high-boots-equipment-fishing-equipment-recreation","11":"first","12":"instock","13":"shipping-taxable","14":"purchasable","15":"product-type-variable"},"_links":{"self":[{"href":"https:\/\/sezona.lv\/en\/wp-json\/wp\/v2\/product\/80569","targetHints":{"allow":["GET"]}}],"collection":[{"href":"https:\/\/sezona.lv\/en\/wp-json\/wp\/v2\/product"}],"about":[{"href":"https:\/\/sezona.lv\/en\/wp-json\/wp\/v2\/types\/product"}],"wp:featuredmedia":[{"embeddable":true,"href":"https:\/\/sezona.lv\/en\/wp-json\/wp\/v2\/media\/105839"}],"wp:attachment":[{"href":"https:\/\/sezona.lv\/en\/wp-json\/wp\/v2\/media?parent=80569"}],"wp:term":[{"taxonomy":"product_brand","embeddable":true,"href":"https:\/\/sezona.lv\/en\/wp-json\/wp\/v2\/product_brand?post=80569"},{"taxonomy":"product_cat","embeddable":true,"href":"https:\/\/sezona.lv\/en\/wp-json\/wp\/v2\/product_cat?post=80569"},{"taxonomy":"product_tag","embeddable":true,"href":"https:\/\/sezona.lv\/en\/wp-json\/wp\/v2\/product_tag?post=80569"}],"curies":[{"name":"wp","href":"https:\/\/api.w.org\/{rel}","templated":true}]}}