{"id":80570,"date":"2025-07-14T15:59:38","date_gmt":"2025-07-14T12:59:38","guid":{"rendered":"https:\/\/demo8.ecube.lv\/sezona.lv\/products\/norfin-brienamzabaki-creek\/"},"modified":"2025-07-14T15:59:38","modified_gmt":"2025-07-14T12:59:38","slug":"norfin-brienamzabaki-creek","status":"publish","type":"product","link":"https:\/\/sezona.lv\/en\/products\/norfin-brienamzabaki-creek\/","title":{"rendered":"Norfin Brienamz\u0101baki CREEK"},"content":{"rendered":"<p><span>Brienamz\u0101baki Norfin CREEK &#8211; viegli un \u0113rti brienamz\u0101baki, ra\u017eoti no augstas kvalit\u0101tes materi\u0101liem. Labi piegu\u013co&scaron;ie z\u0101baki ir izgatavoti no viegla un iztur\u012bga 100% poliestera materi\u0101la, tiem ir \u016bdeni atgr\u016bdo&scaron;a purngala un pap\u0113\u017ea da\u013ca, pastiprin\u0101ta ar PVC \u0101du. Gumijas zole nodro&scaron;ina komfortu gan staig\u0101jot, gan mak&scaron;\u0137er\u0113jot.<\/span><\/p>\n<ul>\n<li>\u0112rti un viegli z\u0101baki<\/li>\n<li>Iztur\u012bga sint\u0113tisk\u0101 \u0101da un tekstils<\/li>\n<li>Viegla un elast\u012bga zole<\/li>\n<li>Cie&scaron;i piegu\u013co&scaron;i lab\u0101kam atbalstam<\/li>\n<li>Materi\u0101ls &#8211; Aug&scaron;\u0113j\u0101 da\u013ca: 90% Poliesters, 10% PVC. Zole: 100% gumija<\/li>\n<\/ul>\n<ul>\n<\/ul>\n","protected":false},"excerpt":{"rendered":"<p>Brienamz\u0101baki Norfin CREEK &#8211; viegli un \u0113rti brienamz\u0101baki, ra\u017eoti no augstas kvalit\u0101tes materi\u0101liem. Labi piegu\u013co&scaron;ie z\u0101baki ir izgatavoti no viegla un iztur\u012bga 100% poliestera materi\u0101la, tiem ir \u016bdeni atgr\u016bdo&scaron;a purngala un pap\u0113\u017ea da\u013ca, pastiprin\u0101ta ar PVC \u0101du. Gumijas zole nodro&scaron;ina komfortu gan staig\u0101jot, gan mak&scaron;\u0137er\u0113jot. \u0112rti un viegli z\u0101baki Iztur\u012bga sint\u0113tisk\u0101 \u0101da un tekstils Viegla [&hellip;]<\/p>\n","protected":false},"featured_media":0,"template":"","meta":[],"product_brand":[899],"product_cat":[4538,4559,4561,4640],"product_tag":[],"class_list":{"0":"post-80570","1":"product","2":"type-product","3":"status-publish","5":"product_brand-norfin","6":"product_cat-fishing-equipment-recreation","7":"product_cat-equipment-fishing-equipment-recreation","8":"product_cat-high-boots-equipment-fishing-equipment-recreation","9":"product_cat-recreation","11":"first","12":"instock","13":"shipping-taxable","14":"purchasable","15":"product-type-simple"},"_links":{"self":[{"href":"https:\/\/sezona.lv\/en\/wp-json\/wp\/v2\/product\/80570","targetHints":{"allow":["GET"]}}],"collection":[{"href":"https:\/\/sezona.lv\/en\/wp-json\/wp\/v2\/product"}],"about":[{"href":"https:\/\/sezona.lv\/en\/wp-json\/wp\/v2\/types\/product"}],"wp:attachment":[{"href":"https:\/\/sezona.lv\/en\/wp-json\/wp\/v2\/media?parent=80570"}],"wp:term":[{"taxonomy":"product_brand","embeddable":true,"href":"https:\/\/sezona.lv\/en\/wp-json\/wp\/v2\/product_brand?post=80570"},{"taxonomy":"product_cat","embeddable":true,"href":"https:\/\/sezona.lv\/en\/wp-json\/wp\/v2\/product_cat?post=80570"},{"taxonomy":"product_tag","embeddable":true,"href":"https:\/\/sezona.lv\/en\/wp-json\/wp\/v2\/product_tag?post=80570"}],"curies":[{"name":"wp","href":"https:\/\/api.w.org\/{rel}","templated":true}]}}