{"id":80571,"date":"2025-07-11T17:30:21","date_gmt":"2025-07-11T14:30:21","guid":{"rendered":"https:\/\/demo8.ecube.lv\/sezona.lv\/products\/odu-atbaiditajs-thermacell-el551i-ar-led-gaismu\/"},"modified":"2025-07-14T15:59:41","modified_gmt":"2025-07-14T12:59:41","slug":"odu-atbaiditajs-thermacell-el551i-ar-led-gaismu","status":"publish","type":"product","link":"https:\/\/sezona.lv\/en\/products\/odu-atbaiditajs-thermacell-el551i-ar-led-gaismu\/","title":{"rendered":"Odu atbaid\u012bt\u0101js Thermacell EL551I ar LED gaismu"},"content":{"rendered":"<div class=\"description-0-2-293\">Ar vienu pogas piesk\u0101rienu m\u0113s varam aptur\u0113t visliel\u0101ko odu uzbrukumu.<br \/>Jaunais akumulatora Thermacell pretodu ier\u012bce darbosies ilgi, lieliska efektivit\u0101te un \u0113rta lieto&scaron;ana.<br \/>Pretodu ier\u012bce E55 ir viegli lietojama, atk\u0101rtoti uzl\u0101d\u0113jama, t\u0101 darbojas bez smar\u017eas un ir kompakta.<br \/>Darbojas ar litija jonu akumulatoru, nevis ar Thermacell g\u0101zes k\u0101rtrid\u017eiem.<br \/>T\u0101s priek&scaron;g\u0101j\u0113js &#8211; Radius tika atzits par Popul\u0101r\u0101s zin\u0101tnes 2018. gada Liel\u0101s balvas ieguv\u0113ju BOWN kategorij\u0101 (Lab\u0101kais jaunizgudrojums)!<\/p>\n<p>* Vienk\u0101r&scaron;i nospiediet pogu. Iesledziet to un odu J\u016bsu tuvum\u0101 vairs nav!<br \/>* Pretodu iek\u0101rta darbojas bez kait\u012bg\u0101m viel\u0101m, kuras var kait\u0113t \u0101dai, k\u0101, piem\u0113ram, aerosoli vai losjoni. Bez DEET un smar\u017eas.<br \/>* Var l\u012bdz \u0146emt ar\u012b lidojumos un \u013coti viegli parn\u0113s\u0101jams. Darbojas jebkur\u0101 augstum\u0101.<br \/>* Darbojas 6,5+ stundas ar vienu uzl\u0101di un darbosies ar\u012b l\u0101d\u0113&scaron;anas laik\u0101. Piln\u012bb\u0101 uzl\u0101d\u0113jas 5 stundu laik\u0101.<br \/>* Nodro&scaron;in\u0101s v\u0113lamo rezult\u0101tu l\u012bdz pat 40 stund\u0101m ar vienu k\u0101rtrid\u017eu (to nepiecie&scaron;ams ieg\u0101d\u0101ties papildus).<br \/>* Aizsarg\u0101s l\u012bdz 29 m&sup2; liel\u0101 plat\u012bb\u0101. Iztur\u012bgs, kompakts un jaud\u012bgs.<br \/>* Iepakojum\u0101 ietilpst: E55 pretodu ier\u012bce, 40 stundu uzpildes kartrid\u017es 1gb., USB l\u0101d\u0113&scaron;anas vads. Iepakojum\u0101 ir akumulatora darb\u012bbas laiika indikators.<br \/>* SVAR\u012aGA INFORM\u0100CIJA: L\u016bdzu piln\u012bb\u0101 uzl\u0101dejiet ier\u012bci pirms ilg\u0101kas glab\u0101&scaron;anas.<\/p>\n<p>Akt\u012bv\u0101 sast\u0101vda\u013caMetoflutrins\/Pralletrins<br \/>Mont\u0101\u017eas deta\u013casNav nepiecie&scaron;ama<br \/>AkumulatorsIeb\u016bv\u0113ts uzl\u0101d\u0113jams litija jonu akumulators<br \/>Izm\u0113ri7,4 x 7,4 x 8,8 cm (garums x platums x augstums)<br \/>Darb\u012bbas ilgums 40 stundas<br \/>Mode\u013ca numursEL55<br \/>Svars (kg)0,181<br \/>Aizsardz\u012bbas plat\u012bba 29 m&sup2;<\/div>\n<p><span class=\"productPhotosDisclaimer-0-2-319\">Att\u0113liem un video ir ilustrat\u012bvs raksturs.<\/span><\/p>\n<div class=\"item-0-2-284\">\n<div class=\"content-0-2-287 show-0-2-289\">\n<div class=\"contentBox-0-2-288\">\n<table class=\"table-0-2-294\" border=\"0\">\n<tbody>\n<tr>\n<td class=\"tableTitleCol_1-0-2-296\"><span class=\"tableTitle-0-2-300\">Svars<\/span><\/td>\n<td class=\"tableValueCol_2-0-2-299\"><span class=\"tableLabel-0-2-301\">0.5 kg<\/span><\/td>\n<\/tr>\n<tr>\n<td class=\"tableTitleCol_1-0-2-296\"><span class=\"tableTitle-0-2-300\">Izm\u0113ri<\/span><\/td>\n<td class=\"tableValueCol_2-0-2-299\"><span class=\"tableLabel-0-2-301\">0 x 0 x 0 cm<\/span><\/td>\n<\/tr>\n<tr>\n<td class=\"tableTitleCol_1-0-2-296\"><span class=\"tableTitle-0-2-300\">P\u0101rdo&scaron;anas vien\u012bba<\/span><\/td>\n<td class=\"tableValueCol_2-0-2-299\"><span class=\"tableLabel-0-2-301\">gab<\/span><\/td>\n<\/tr>\n<tr>\n<td class=\"tableTitleCol_1-0-2-296\"><span class=\"tableTitle-0-2-300\">GTIN \/ EAN<\/span><\/td>\n<td class=\"tableValueCol_2-0-2-299\"><span class=\"tableLabel-0-2-301\">EL55XI<\/span><\/td>\n<\/tr>\n<tr>\n<td class=\"tableTitleCol_1-0-2-296\"><span class=\"tableTitle-0-2-300\">Produkta kods<\/span><\/td>\n<td class=\"tableValueCol_2-0-2-299\"><span class=\"tableLabel-0-2-301\">EL55&amp;TC<\/span><\/td>\n<\/tr>\n<tr>\n<td class=\"tableTitleCol_1-0-2-296\"><span class=\"tableTitle-0-2-300\">Ra\u017eot\u0101ja preces kods<\/span><\/td>\n<td class=\"tableValueCol_2-0-2-299\"><span class=\"tableLabel-0-2-301\">EL55<\/span><\/td>\n<\/tr>\n<\/tbody>\n<\/table>\n<\/div>\n<\/div>\n<\/div>\n","protected":false},"excerpt":{"rendered":"<p>Ar vienu pogas piesk\u0101rienu m\u0113s varam aptur\u0113t visliel\u0101ko odu uzbrukumu.Jaunais akumulatora Thermacell pretodu ier\u012bce darbosies ilgi, lieliska efektivit\u0101te un \u0113rta lieto&scaron;ana.Pretodu ier\u012bce E55 ir viegli lietojama, atk\u0101rtoti uzl\u0101d\u0113jama, t\u0101 darbojas bez smar\u017eas un ir kompakta.Darbojas ar litija jonu akumulatoru, nevis ar Thermacell g\u0101zes k\u0101rtrid\u017eiem.T\u0101s priek&scaron;g\u0101j\u0113js &#8211; Radius tika atzits par Popul\u0101r\u0101s zin\u0101tnes 2018. gada Liel\u0101s [&hellip;]<\/p>\n","protected":false},"featured_media":75562,"template":"","meta":[],"product_brand":[],"product_cat":[4558,5008],"product_tag":[],"class_list":{"0":"post-80571","1":"product","2":"type-product","3":"status-publish","4":"has-post-thumbnail","6":"product_cat-for-tourism-recreation","7":"product_cat-protective-equipment-for-tourism-recreation","9":"first","10":"instock","11":"shipping-taxable","12":"purchasable","13":"product-type-simple"},"_links":{"self":[{"href":"https:\/\/sezona.lv\/en\/wp-json\/wp\/v2\/product\/80571","targetHints":{"allow":["GET"]}}],"collection":[{"href":"https:\/\/sezona.lv\/en\/wp-json\/wp\/v2\/product"}],"about":[{"href":"https:\/\/sezona.lv\/en\/wp-json\/wp\/v2\/types\/product"}],"wp:featuredmedia":[{"embeddable":true,"href":"https:\/\/sezona.lv\/en\/wp-json\/wp\/v2\/media\/75562"}],"wp:attachment":[{"href":"https:\/\/sezona.lv\/en\/wp-json\/wp\/v2\/media?parent=80571"}],"wp:term":[{"taxonomy":"product_brand","embeddable":true,"href":"https:\/\/sezona.lv\/en\/wp-json\/wp\/v2\/product_brand?post=80571"},{"taxonomy":"product_cat","embeddable":true,"href":"https:\/\/sezona.lv\/en\/wp-json\/wp\/v2\/product_cat?post=80571"},{"taxonomy":"product_tag","embeddable":true,"href":"https:\/\/sezona.lv\/en\/wp-json\/wp\/v2\/product_tag?post=80571"}],"curies":[{"name":"wp","href":"https:\/\/api.w.org\/{rel}","templated":true}]}}