{"id":80574,"date":"2025-07-11T17:30:26","date_gmt":"2025-07-11T14:30:26","guid":{"rendered":"https:\/\/demo8.ecube.lv\/sezona.lv\/products\/shimano-spole-sahara-fj-4000\/"},"modified":"2025-07-14T15:59:44","modified_gmt":"2025-07-14T12:59:44","slug":"shimano-spole-sahara-fj-4000","status":"publish","type":"product","link":"https:\/\/sezona.lv\/en\/products\/shimano-spole-sahara-fj-4000\/","title":{"rendered":"Shimano spole SAHARA FJ 4000"},"content":{"rendered":"<p>&#8211;&nbsp;Ra\u017eot\u0101js:&nbsp;Shimano<\/p>\n<p>&nbsp;&#8211; Frikciona bremze: Priek&scaron;\u0113j\u0101<\/p>\n<div>\n<p>&nbsp;&#8211;&nbsp;Svars (g.): 280<\/p>\n<\/div>\n<div>\n<p>&nbsp;<\/p>\n<\/div>\n","protected":false},"excerpt":{"rendered":"<p>&#8211;&nbsp;Ra\u017eot\u0101js:&nbsp;Shimano &nbsp;&#8211; Frikciona bremze: Priek&scaron;\u0113j\u0101 &nbsp;&#8211;&nbsp;Svars (g.): 280 &nbsp;<\/p>\n","protected":false},"featured_media":75575,"template":"","meta":[],"product_brand":[3371],"product_cat":[4538,4539,4541],"product_tag":[],"class_list":{"0":"post-80574","1":"product","2":"type-product","3":"status-publish","4":"has-post-thumbnail","6":"product_brand-shimano","7":"product_cat-fishing-equipment-recreation","8":"product_cat-reels-fishing-equipment-recreation","9":"product_cat-spinning-reels-reels-fishing-equipment-recreation","11":"first","12":"instock","13":"shipping-taxable","14":"purchasable","15":"product-type-simple"},"_links":{"self":[{"href":"https:\/\/sezona.lv\/en\/wp-json\/wp\/v2\/product\/80574","targetHints":{"allow":["GET"]}}],"collection":[{"href":"https:\/\/sezona.lv\/en\/wp-json\/wp\/v2\/product"}],"about":[{"href":"https:\/\/sezona.lv\/en\/wp-json\/wp\/v2\/types\/product"}],"wp:featuredmedia":[{"embeddable":true,"href":"https:\/\/sezona.lv\/en\/wp-json\/wp\/v2\/media\/75575"}],"wp:attachment":[{"href":"https:\/\/sezona.lv\/en\/wp-json\/wp\/v2\/media?parent=80574"}],"wp:term":[{"taxonomy":"product_brand","embeddable":true,"href":"https:\/\/sezona.lv\/en\/wp-json\/wp\/v2\/product_brand?post=80574"},{"taxonomy":"product_cat","embeddable":true,"href":"https:\/\/sezona.lv\/en\/wp-json\/wp\/v2\/product_cat?post=80574"},{"taxonomy":"product_tag","embeddable":true,"href":"https:\/\/sezona.lv\/en\/wp-json\/wp\/v2\/product_tag?post=80574"}],"curies":[{"name":"wp","href":"https:\/\/api.w.org\/{rel}","templated":true}]}}