{"id":80578,"date":"2025-07-11T17:30:34","date_gmt":"2025-07-11T14:30:34","guid":{"rendered":"https:\/\/demo8.ecube.lv\/sezona.lv\/products\/shimano-spole-sahara-fj-c3000-dh\/"},"modified":"2025-07-14T15:59:48","modified_gmt":"2025-07-14T12:59:48","slug":"shimano-spole-sahara-fj-c3000-dh","status":"publish","type":"product","link":"https:\/\/sezona.lv\/en\/products\/shimano-spole-sahara-fj-c3000-dh\/","title":{"rendered":"Shimano spole SAHARA FJ C3000 DH"},"content":{"rendered":"<p>&#8211;&nbsp;Ra\u017eot\u0101js:&nbsp;Shimano<\/p>\n<p>&nbsp;&#8211; Frikciona bremze: Priek&scaron;\u0113j\u0101<\/p>\n<div>\n<p>&nbsp;&#8211;&nbsp;Svars (g.): 265<\/p>\n<\/div>\n<div><\/div>\n","protected":false},"excerpt":{"rendered":"<p>&#8211;&nbsp;Ra\u017eot\u0101js:&nbsp;Shimano &nbsp;&#8211; Frikciona bremze: Priek&scaron;\u0113j\u0101 &nbsp;&#8211;&nbsp;Svars (g.): 265<\/p>\n","protected":false},"featured_media":75587,"template":"","meta":[],"product_brand":[3371],"product_cat":[4538,4539,4541],"product_tag":[],"class_list":{"0":"post-80578","1":"product","2":"type-product","3":"status-publish","4":"has-post-thumbnail","6":"product_brand-shimano","7":"product_cat-fishing-equipment-recreation","8":"product_cat-reels-fishing-equipment-recreation","9":"product_cat-spinning-reels-reels-fishing-equipment-recreation","11":"first","12":"instock","13":"shipping-taxable","14":"purchasable","15":"product-type-simple"},"_links":{"self":[{"href":"https:\/\/sezona.lv\/en\/wp-json\/wp\/v2\/product\/80578","targetHints":{"allow":["GET"]}}],"collection":[{"href":"https:\/\/sezona.lv\/en\/wp-json\/wp\/v2\/product"}],"about":[{"href":"https:\/\/sezona.lv\/en\/wp-json\/wp\/v2\/types\/product"}],"wp:featuredmedia":[{"embeddable":true,"href":"https:\/\/sezona.lv\/en\/wp-json\/wp\/v2\/media\/75587"}],"wp:attachment":[{"href":"https:\/\/sezona.lv\/en\/wp-json\/wp\/v2\/media?parent=80578"}],"wp:term":[{"taxonomy":"product_brand","embeddable":true,"href":"https:\/\/sezona.lv\/en\/wp-json\/wp\/v2\/product_brand?post=80578"},{"taxonomy":"product_cat","embeddable":true,"href":"https:\/\/sezona.lv\/en\/wp-json\/wp\/v2\/product_cat?post=80578"},{"taxonomy":"product_tag","embeddable":true,"href":"https:\/\/sezona.lv\/en\/wp-json\/wp\/v2\/product_tag?post=80578"}],"curies":[{"name":"wp","href":"https:\/\/api.w.org\/{rel}","templated":true}]}}