{"id":80585,"date":"2025-07-11T17:30:47","date_gmt":"2025-07-11T14:30:47","guid":{"rendered":"https:\/\/demo8.ecube.lv\/sezona.lv\/products\/crazy-fish-aspen-stake-spinings-2-20m-20-80gr\/"},"modified":"2025-07-14T15:59:57","modified_gmt":"2025-07-14T12:59:57","slug":"crazy-fish-aspen-stake-spinings-2-20m-20-80gr","status":"publish","type":"product","link":"https:\/\/sezona.lv\/en\/products\/crazy-fish-aspen-stake-spinings-2-20m-20-80gr\/","title":{"rendered":"Crazy Fish ASPEN Stake spinings 2.20m, 20-80gr"},"content":{"rendered":"<p>Crazy Fish ASPEN Stake spinings 2.20m, 20-80gr.<\/p>\n<p style=\"border: 0px solid #e5e7eb;--tw-border-spacing-x: 0;--tw-border-spacing-y: 0;--tw-translate-x: 0;--tw-translate-y: 0;--tw-rotate: 0;--tw-skew-x: 0;--tw-skew-y: 0;--tw-scale-x: 1;--tw-scale-y: 1;--tw-scroll-snap-strictness: proximity;--tw-ring-offset-width: 0px;--tw-ring-offset-color: #fff;--tw-ring-offset-shadow: 0 0 #0000;--tw-ring-shadow: 0 0 #0000;--tw-shadow: 0 0 #0000;--tw-shadow-colored: 0 0 #0000;margin: 0px 0px 1rem;color: #252525;font-family: Rubik, sans-serif;font-size: 16px\">Divda\u013c\u012bgs spinings, lieliski piem\u0113rots mak&scaron;\u0137er\u0113&scaron;anai d\u017eiga tehnik\u0101 no krasta un laivas, up\u0113s un ezeros.<\/p>\n<p style=\"border: 0px solid #e5e7eb;--tw-border-spacing-x: 0;--tw-border-spacing-y: 0;--tw-translate-x: 0;--tw-translate-y: 0;--tw-rotate: 0;--tw-skew-x: 0;--tw-skew-y: 0;--tw-scale-x: 1;--tw-scale-y: 1;--tw-scroll-snap-strictness: proximity;--tw-ring-offset-width: 0px;--tw-ring-offset-color: #fff;--tw-ring-offset-shadow: 0 0 #0000;--tw-ring-shadow: 0 0 #0000;--tw-shadow: 0 0 #0000;--tw-shadow-colored: 0 0 #0000;margin: 0px 0px 1rem;color: #252525;font-family: Rubik, sans-serif;font-size: 16px\">\u012apa&scaron;i \u0101tra k\u0101ta akcija pateicoties 30T Mitsubishi oglek\u013ca furnit\u016bras materi\u0101lam, SiC vadotn\u0113m.&nbsp;&nbsp;<\/p>\n<ul style=\"border: 0px solid #e5e7eb;--tw-border-spacing-x: 0;--tw-border-spacing-y: 0;--tw-translate-x: 0;--tw-translate-y: 0;--tw-rotate: 0;--tw-skew-x: 0;--tw-skew-y: 0;--tw-scale-x: 1;--tw-scale-y: 1;--tw-scroll-snap-strictness: proximity;--tw-ring-offset-width: 0px;--tw-ring-offset-color: #fff;--tw-ring-offset-shadow: 0 0 #0000;--tw-ring-shadow: 0 0 #0000;--tw-shadow: 0 0 #0000;--tw-shadow-colored: 0 0 #0000;margin: revert;padding: revert;color: #252525;font-family: Rubik, sans-serif;font-size: 16px\">\n<li style=\"border: 0px solid #e5e7eb;--tw-border-spacing-x: 0;--tw-border-spacing-y: 0;--tw-translate-x: 0;--tw-translate-y: 0;--tw-rotate: 0;--tw-skew-x: 0;--tw-skew-y: 0;--tw-scale-x: 1;--tw-scale-y: 1;--tw-scroll-snap-strictness: proximity;--tw-ring-offset-width: 0px;--tw-ring-offset-color: #fff;--tw-ring-offset-shadow: 0 0 #0000;--tw-ring-shadow: 0 0 #0000;--tw-shadow: 0 0 #0000;--tw-shadow-colored: 0 0 #0000\">Tests: 20-80 gr.<\/li>\n<li style=\"border: 0px solid #e5e7eb;--tw-border-spacing-x: 0;--tw-border-spacing-y: 0;--tw-translate-x: 0;--tw-translate-y: 0;--tw-rotate: 0;--tw-skew-x: 0;--tw-skew-y: 0;--tw-scale-x: 1;--tw-scale-y: 1;--tw-scroll-snap-strictness: proximity;--tw-ring-offset-width: 0px;--tw-ring-offset-color: #fff;--tw-ring-offset-shadow: 0 0 #0000;--tw-ring-shadow: 0 0 #0000;--tw-shadow: 0 0 #0000;--tw-shadow-colored: 0 0 #0000\">Garums: 2.20 m<\/li>\n<li style=\"border: 0px solid #e5e7eb;--tw-border-spacing-x: 0;--tw-border-spacing-y: 0;--tw-translate-x: 0;--tw-translate-y: 0;--tw-rotate: 0;--tw-skew-x: 0;--tw-skew-y: 0;--tw-scale-x: 1;--tw-scale-y: 1;--tw-scroll-snap-strictness: proximity;--tw-ring-offset-width: 0px;--tw-ring-offset-color: #fff;--tw-ring-offset-shadow: 0 0 #0000;--tw-ring-shadow: 0 0 #0000;--tw-shadow: 0 0 #0000;--tw-shadow-colored: 0 0 #0000\">Aukla: #1- #3 PE<\/li>\n<li style=\"border: 0px solid #e5e7eb;--tw-border-spacing-x: 0;--tw-border-spacing-y: 0;--tw-translate-x: 0;--tw-translate-y: 0;--tw-rotate: 0;--tw-skew-x: 0;--tw-skew-y: 0;--tw-scale-x: 1;--tw-scale-y: 1;--tw-scroll-snap-strictness: proximity;--tw-ring-offset-width: 0px;--tw-ring-offset-color: #fff;--tw-ring-offset-shadow: 0 0 #0000;--tw-ring-shadow: 0 0 #0000;--tw-shadow: 0 0 #0000;--tw-shadow-colored: 0 0 #0000\">Materi\u0101ls:&nbsp;Mitsubishi 30T<\/li>\n<li style=\"border: 0px solid #e5e7eb;--tw-border-spacing-x: 0;--tw-border-spacing-y: 0;--tw-translate-x: 0;--tw-translate-y: 0;--tw-rotate: 0;--tw-skew-x: 0;--tw-skew-y: 0;--tw-scale-x: 1;--tw-scale-y: 1;--tw-scroll-snap-strictness: proximity;--tw-ring-offset-width: 0px;--tw-ring-offset-color: #fff;--tw-ring-offset-shadow: 0 0 #0000;--tw-ring-shadow: 0 0 #0000;--tw-shadow: 0 0 #0000;--tw-shadow-colored: 0 0 #0000\">Gredzeni: SiC<\/li>\n<li style=\"border: 0px solid #e5e7eb;--tw-border-spacing-x: 0;--tw-border-spacing-y: 0;--tw-translate-x: 0;--tw-translate-y: 0;--tw-rotate: 0;--tw-skew-x: 0;--tw-skew-y: 0;--tw-scale-x: 1;--tw-scale-y: 1;--tw-scroll-snap-strictness: proximity;--tw-ring-offset-width: 0px;--tw-ring-offset-color: #fff;--tw-ring-offset-shadow: 0 0 #0000;--tw-ring-shadow: 0 0 #0000;--tw-shadow: 0 0 #0000;--tw-shadow-colored: 0 0 #0000\">Transporta garums: 110 cm.<\/li>\n<\/ul>\n<ul style=\"border: 0px solid #e5e7eb;--tw-border-spacing-x: 0;--tw-border-spacing-y: 0;--tw-translate-x: 0;--tw-translate-y: 0;--tw-rotate: 0;--tw-skew-x: 0;--tw-skew-y: 0;--tw-scale-x: 1;--tw-scale-y: 1;--tw-scroll-snap-strictness: proximity;--tw-ring-offset-width: 0px;--tw-ring-offset-color: #fff;--tw-ring-offset-shadow: 0 0 #0000;--tw-ring-shadow: 0 0 #0000;--tw-shadow: 0 0 #0000;--tw-shadow-colored: 0 0 #0000;margin: revert;padding: revert;color: #252525;font-family: Rubik, sans-serif;font-size: 16px\">\n<\/ul>\n","protected":false},"excerpt":{"rendered":"<p>Crazy Fish ASPEN Stake spinings 2.20m, 20-80gr. Divda\u013c\u012bgs spinings, lieliski piem\u0113rots mak&scaron;\u0137er\u0113&scaron;anai d\u017eiga tehnik\u0101 no krasta un laivas, up\u0113s un ezeros. \u012apa&scaron;i \u0101tra k\u0101ta akcija pateicoties 30T Mitsubishi oglek\u013ca furnit\u016bras materi\u0101lam, SiC vadotn\u0113m.&nbsp;&nbsp; Tests: 20-80 gr. Garums: 2.20 m Aukla: #1- #3 PE Materi\u0101ls:&nbsp;Mitsubishi 30T Gredzeni: SiC Transporta garums: 110 cm.<\/p>\n","protected":false},"featured_media":75624,"template":"","meta":[],"product_brand":[],"product_cat":[4538,4540,4551,4896],"product_tag":[],"class_list":{"0":"post-80585","1":"product","2":"type-product","3":"status-publish","4":"has-post-thumbnail","6":"product_cat-fishing-equipment-recreation","7":"product_cat-fishing-rods-fishing-equipment-recreation","8":"product_cat-spin-fishing-rods-fishing-rods-fishing-equipment-recreation","9":"product_cat-crazy-fish-rods-spin-fishing-rods-fishing-rods-fishing-equipment-recreation","11":"first","12":"instock","13":"shipping-taxable","14":"purchasable","15":"product-type-simple"},"_links":{"self":[{"href":"https:\/\/sezona.lv\/en\/wp-json\/wp\/v2\/product\/80585","targetHints":{"allow":["GET"]}}],"collection":[{"href":"https:\/\/sezona.lv\/en\/wp-json\/wp\/v2\/product"}],"about":[{"href":"https:\/\/sezona.lv\/en\/wp-json\/wp\/v2\/types\/product"}],"wp:featuredmedia":[{"embeddable":true,"href":"https:\/\/sezona.lv\/en\/wp-json\/wp\/v2\/media\/75624"}],"wp:attachment":[{"href":"https:\/\/sezona.lv\/en\/wp-json\/wp\/v2\/media?parent=80585"}],"wp:term":[{"taxonomy":"product_brand","embeddable":true,"href":"https:\/\/sezona.lv\/en\/wp-json\/wp\/v2\/product_brand?post=80585"},{"taxonomy":"product_cat","embeddable":true,"href":"https:\/\/sezona.lv\/en\/wp-json\/wp\/v2\/product_cat?post=80585"},{"taxonomy":"product_tag","embeddable":true,"href":"https:\/\/sezona.lv\/en\/wp-json\/wp\/v2\/product_tag?post=80585"}],"curies":[{"name":"wp","href":"https:\/\/api.w.org\/{rel}","templated":true}]}}