{"id":80588,"date":"2025-07-11T17:30:50","date_gmt":"2025-07-11T14:30:50","guid":{"rendered":"https:\/\/demo8.ecube.lv\/sezona.lv\/products\/crazy-fish-alpha-spinings-1-98m-0-8-4gr\/"},"modified":"2025-07-14T16:00:01","modified_gmt":"2025-07-14T13:00:01","slug":"crazy-fish-alpha-spinings-1-98m-0-8-4gr","status":"publish","type":"product","link":"https:\/\/sezona.lv\/en\/products\/crazy-fish-alpha-spinings-1-98m-0-8-4gr\/","title":{"rendered":"Crazy Fish Alpha spinings 1.98m, 0.8-4gr"},"content":{"rendered":"<p class=\"MsoNormal\">&ldquo;Alpha&rdquo; spiningu dizaina at&scaron;\u0137ir\u012bba ir spininga sagataves, kas izgatavotas, izmantojot &ldquo;Monocoque&rdquo; tehnolo\u0123iju. Tas \u013cauj uzst\u0101d\u012bt spoles tur\u0113t\u0101ju tie&scaron;i uz sagataves, izvairoties no papildu savienojumiem, kas ietaupa svaru un palielina jut\u012bgumu. Jut\u012bgais oglek\u013ca spoles tur\u0113t\u0101js ir ergonomiski veidots. T\u0101 aug&scaron;\u0113j\u0101 da\u013ca balst\u0101s uz plaukstas, un birste \u0113rti ap\u0146em visu tur\u0113t\u0101ju. J\u016bs varat mak&scaron;\u0137er\u0113t bez diskomforta visas dienas garum\u0101. Spiningi ir apr\u012bkoti ar kvalitat\u012bviem Fuji gredzeniem ar Sic-S ielikt\u0146iem viegl\u0101 tit\u0101na r\u0101m\u012b.<\/p>\n<p class=\"MsoNormal\">Pateicoties, blank\u0101 izmantotajai Toray 30T un 40T oglek\u013ca kombin\u0101cijai &scaron;ie spininga k\u0101ti nodro&scaron;in\u0101s izcilus iemetienus.<\/p>\n<p>&nbsp;<\/p>\n<ul style=\"margin-top: 0cm\" type=\"disc\">\n<li class=\"MsoNormal\">Tests: 0.8- 4&nbsp;gr<\/li>\n<li class=\"MsoNormal\">Garums: 1.98 m<\/li>\n<li class=\"MsoNormal\">Materi\u0101ls: Toray 30T+ Toray 40T<\/li>\n<li class=\"MsoNormal\">Gredzeni: Fuji SiC Titanium<\/li>\n<li class=\"MsoNormal\">Transporta garums: 101&nbsp;cm<\/li>\n<li class=\"MsoNormal\">Svars: 60 gr<\/li>\n<\/ul>\n<ul style=\"border: 0px solid #e5e7eb;--tw-border-spacing-x: 0;--tw-border-spacing-y: 0;--tw-translate-x: 0;--tw-translate-y: 0;--tw-rotate: 0;--tw-skew-x: 0;--tw-skew-y: 0;--tw-scale-x: 1;--tw-scale-y: 1;--tw-scroll-snap-strictness: proximity;--tw-ring-offset-width: 0px;--tw-ring-offset-color: #fff;--tw-ring-offset-shadow: 0 0 #0000;--tw-ring-shadow: 0 0 #0000;--tw-shadow: 0 0 #0000;--tw-shadow-colored: 0 0 #0000;margin: revert;padding: revert;color: #252525;font-family: Rubik, sans-serif;font-size: 16px\">\n<\/ul>\n<ul style=\"border: 0px solid #e5e7eb;--tw-border-spacing-x: 0;--tw-border-spacing-y: 0;--tw-translate-x: 0;--tw-translate-y: 0;--tw-rotate: 0;--tw-skew-x: 0;--tw-skew-y: 0;--tw-scale-x: 1;--tw-scale-y: 1;--tw-scroll-snap-strictness: proximity;--tw-ring-offset-width: 0px;--tw-ring-offset-color: #fff;--tw-ring-offset-shadow: 0 0 #0000;--tw-ring-shadow: 0 0 #0000;--tw-shadow: 0 0 #0000;--tw-shadow-colored: 0 0 #0000;margin: revert;padding: revert;color: #252525;font-family: Rubik, sans-serif;font-size: 16px\">\n<\/ul>\n<ul style=\"border: 0px solid #e5e7eb;--tw-border-spacing-x: 0;--tw-border-spacing-y: 0;--tw-translate-x: 0;--tw-translate-y: 0;--tw-rotate: 0;--tw-skew-x: 0;--tw-skew-y: 0;--tw-scale-x: 1;--tw-scale-y: 1;--tw-scroll-snap-strictness: proximity;--tw-ring-offset-width: 0px;--tw-ring-offset-color: #fff;--tw-ring-offset-shadow: 0 0 #0000;--tw-ring-shadow: 0 0 #0000;--tw-shadow: 0 0 #0000;--tw-shadow-colored: 0 0 #0000;margin: revert;padding: revert;color: #252525;font-family: Rubik, sans-serif;font-size: 16px\">\n<\/ul>\n<ul style=\"border: 0px solid #e5e7eb;--tw-border-spacing-x: 0;--tw-border-spacing-y: 0;--tw-translate-x: 0;--tw-translate-y: 0;--tw-rotate: 0;--tw-skew-x: 0;--tw-skew-y: 0;--tw-scale-x: 1;--tw-scale-y: 1;--tw-scroll-snap-strictness: proximity;--tw-ring-offset-width: 0px;--tw-ring-offset-color: #fff;--tw-ring-offset-shadow: 0 0 #0000;--tw-ring-shadow: 0 0 #0000;--tw-shadow: 0 0 #0000;--tw-shadow-colored: 0 0 #0000;margin: revert;padding: revert;color: #252525;font-family: Rubik, sans-serif;font-size: 16px\">\n<\/ul>\n","protected":false},"excerpt":{"rendered":"<p>&ldquo;Alpha&rdquo; spiningu dizaina at&scaron;\u0137ir\u012bba ir spininga sagataves, kas izgatavotas, izmantojot &ldquo;Monocoque&rdquo; tehnolo\u0123iju. Tas \u013cauj uzst\u0101d\u012bt spoles tur\u0113t\u0101ju tie&scaron;i uz sagataves, izvairoties no papildu savienojumiem, kas ietaupa svaru un palielina jut\u012bgumu. Jut\u012bgais oglek\u013ca spoles tur\u0113t\u0101js ir ergonomiski veidots. T\u0101 aug&scaron;\u0113j\u0101 da\u013ca balst\u0101s uz plaukstas, un birste \u0113rti ap\u0146em visu tur\u0113t\u0101ju. J\u016bs varat mak&scaron;\u0137er\u0113t bez diskomforta visas [&hellip;]<\/p>\n","protected":false},"featured_media":75633,"template":"","meta":[],"product_brand":[],"product_cat":[4538,4540,4551,4896],"product_tag":[],"class_list":{"0":"post-80588","1":"product","2":"type-product","3":"status-publish","4":"has-post-thumbnail","6":"product_cat-fishing-equipment-recreation","7":"product_cat-fishing-rods-fishing-equipment-recreation","8":"product_cat-spin-fishing-rods-fishing-rods-fishing-equipment-recreation","9":"product_cat-crazy-fish-rods-spin-fishing-rods-fishing-rods-fishing-equipment-recreation","11":"first","12":"instock","13":"shipping-taxable","14":"purchasable","15":"product-type-simple"},"_links":{"self":[{"href":"https:\/\/sezona.lv\/en\/wp-json\/wp\/v2\/product\/80588","targetHints":{"allow":["GET"]}}],"collection":[{"href":"https:\/\/sezona.lv\/en\/wp-json\/wp\/v2\/product"}],"about":[{"href":"https:\/\/sezona.lv\/en\/wp-json\/wp\/v2\/types\/product"}],"wp:featuredmedia":[{"embeddable":true,"href":"https:\/\/sezona.lv\/en\/wp-json\/wp\/v2\/media\/75633"}],"wp:attachment":[{"href":"https:\/\/sezona.lv\/en\/wp-json\/wp\/v2\/media?parent=80588"}],"wp:term":[{"taxonomy":"product_brand","embeddable":true,"href":"https:\/\/sezona.lv\/en\/wp-json\/wp\/v2\/product_brand?post=80588"},{"taxonomy":"product_cat","embeddable":true,"href":"https:\/\/sezona.lv\/en\/wp-json\/wp\/v2\/product_cat?post=80588"},{"taxonomy":"product_tag","embeddable":true,"href":"https:\/\/sezona.lv\/en\/wp-json\/wp\/v2\/product_tag?post=80588"}],"curies":[{"name":"wp","href":"https:\/\/api.w.org\/{rel}","templated":true}]}}