{"id":80592,"date":"2025-07-11T17:30:56","date_gmt":"2025-07-11T14:30:56","guid":{"rendered":"https:\/\/demo8.ecube.lv\/sezona.lv\/products\/crazy-fish-arion-spinings-2-09m-0-7-5gr\/"},"modified":"2025-07-14T16:00:08","modified_gmt":"2025-07-14T13:00:08","slug":"crazy-fish-arion-spinings-2-09m-0-7-5gr","status":"publish","type":"product","link":"https:\/\/sezona.lv\/en\/products\/crazy-fish-arion-spinings-2-09m-0-7-5gr\/","title":{"rendered":"Crazy Fish Arion spinings 2.09m, 0.7-5gr"},"content":{"rendered":"<p class=\"MsoNormal\">Arion ir viegl\u0101k\u0101s spininga mak&scaron;\u0137eres m\u016bsu kl\u0101st\u0101. Sagataves materi\u0101ls- Toray nanometriskais ogleklis 40T. To izmanto kosmosa tehnolo\u0123ij\u0101s, tas ir viegl\u0101ks, iztur\u012bg\u0101ks un ska\u013c\u0101ks par &ldquo;parasto&rdquo; Toray Carbon 40T, ko m\u0113s izmantojam Perfect d\u017eiga izstr\u0101d\u0101jumos. Vadotnes &#8211; Fuji T-series tit\u0101na ar SiC ielikt\u0146iem, VSS tipa spoles tur\u0113t\u0101js. Modelis tiem, kas mekl\u0113 maksim\u0101lu jut\u012bgumu, t\u0101lu me&scaron;anu un uzticamu darb\u012bbu vis\u0101 testu diapazon\u0101. Jaunais Arion \u013caus jums sajust katru akmenti\u0146u pie grunts un nepalaist gar\u0101m zivs copi, bet stingr\u0101 forma \u013caus jums savlaic\u012bgi veikt piecirtienu un nepalaist gar\u0101m zivi.<\/p>\n<p class=\"MsoNormal\">Garums: 2,09 m<\/p>\n<p class=\"MsoNormal\">Transport\u0113&scaron;anas garums: 108 cm<\/p>\n<p class=\"MsoNormal\">Tests: 0,7-5 gr<\/p>\n<p class=\"MsoNormal\">Aukla: #0,2-#0,4 PE<\/p>\n<p class=\"MsoNormal\">Darb\u012bba: \u013coti \u0101tra<\/p>\n<p class=\"MsoNormal\">Materi\u0101ls: Toray nanometer carbon 40T<\/p>\n<p class=\"MsoNormal\">Gredzeni: Fuji Sic<\/p>\n<p class=\"MsoNormal\">Spoles tur\u0113t\u0101js: Fuji VSS<\/p>\n<ul style=\"margin-top: 0cm\" type=\"disc\">\n<\/ul>\n<ul style=\"margin-top: 0cm\" type=\"disc\">\n<\/ul>\n<ul style=\"margin-top: 0cm\" type=\"disc\">\n<\/ul>\n<ul style=\"border: 0px solid #e5e7eb;--tw-border-spacing-x: 0;--tw-border-spacing-y: 0;--tw-translate-x: 0;--tw-translate-y: 0;--tw-rotate: 0;--tw-skew-x: 0;--tw-skew-y: 0;--tw-scale-x: 1;--tw-scale-y: 1;--tw-scroll-snap-strictness: proximity;--tw-ring-offset-width: 0px;--tw-ring-offset-color: #fff;--tw-ring-offset-shadow: 0 0 #0000;--tw-ring-shadow: 0 0 #0000;--tw-shadow: 0 0 #0000;--tw-shadow-colored: 0 0 #0000;margin: revert;padding: revert;color: #252525;font-family: Rubik, sans-serif;font-size: 16px\">\n<\/ul>\n<ul style=\"border: 0px solid #e5e7eb;--tw-border-spacing-x: 0;--tw-border-spacing-y: 0;--tw-translate-x: 0;--tw-translate-y: 0;--tw-rotate: 0;--tw-skew-x: 0;--tw-skew-y: 0;--tw-scale-x: 1;--tw-scale-y: 1;--tw-scroll-snap-strictness: proximity;--tw-ring-offset-width: 0px;--tw-ring-offset-color: #fff;--tw-ring-offset-shadow: 0 0 #0000;--tw-ring-shadow: 0 0 #0000;--tw-shadow: 0 0 #0000;--tw-shadow-colored: 0 0 #0000;margin: revert;padding: revert;color: #252525;font-family: Rubik, sans-serif;font-size: 16px\">\n<\/ul>\n<ul style=\"border: 0px solid #e5e7eb;--tw-border-spacing-x: 0;--tw-border-spacing-y: 0;--tw-translate-x: 0;--tw-translate-y: 0;--tw-rotate: 0;--tw-skew-x: 0;--tw-skew-y: 0;--tw-scale-x: 1;--tw-scale-y: 1;--tw-scroll-snap-strictness: proximity;--tw-ring-offset-width: 0px;--tw-ring-offset-color: #fff;--tw-ring-offset-shadow: 0 0 #0000;--tw-ring-shadow: 0 0 #0000;--tw-shadow: 0 0 #0000;--tw-shadow-colored: 0 0 #0000;margin: revert;padding: revert;color: #252525;font-family: Rubik, sans-serif;font-size: 16px\">\n<\/ul>\n<ul style=\"border: 0px solid #e5e7eb;--tw-border-spacing-x: 0;--tw-border-spacing-y: 0;--tw-translate-x: 0;--tw-translate-y: 0;--tw-rotate: 0;--tw-skew-x: 0;--tw-skew-y: 0;--tw-scale-x: 1;--tw-scale-y: 1;--tw-scroll-snap-strictness: proximity;--tw-ring-offset-width: 0px;--tw-ring-offset-color: #fff;--tw-ring-offset-shadow: 0 0 #0000;--tw-ring-shadow: 0 0 #0000;--tw-shadow: 0 0 #0000;--tw-shadow-colored: 0 0 #0000;margin: revert;padding: revert;color: #252525;font-family: Rubik, sans-serif;font-size: 16px\">\n<\/ul>\n","protected":false},"excerpt":{"rendered":"<p>Arion ir viegl\u0101k\u0101s spininga mak&scaron;\u0137eres m\u016bsu kl\u0101st\u0101. Sagataves materi\u0101ls- Toray nanometriskais ogleklis 40T. To izmanto kosmosa tehnolo\u0123ij\u0101s, tas ir viegl\u0101ks, iztur\u012bg\u0101ks un ska\u013c\u0101ks par &ldquo;parasto&rdquo; Toray Carbon 40T, ko m\u0113s izmantojam Perfect d\u017eiga izstr\u0101d\u0101jumos. Vadotnes &#8211; Fuji T-series tit\u0101na ar SiC ielikt\u0146iem, VSS tipa spoles tur\u0113t\u0101js. Modelis tiem, kas mekl\u0113 maksim\u0101lu jut\u012bgumu, t\u0101lu me&scaron;anu un [&hellip;]<\/p>\n","protected":false},"featured_media":75645,"template":"","meta":[],"product_brand":[],"product_cat":[4538,4540,4551,4896],"product_tag":[],"class_list":{"0":"post-80592","1":"product","2":"type-product","3":"status-publish","4":"has-post-thumbnail","6":"product_cat-fishing-equipment-recreation","7":"product_cat-fishing-rods-fishing-equipment-recreation","8":"product_cat-spin-fishing-rods-fishing-rods-fishing-equipment-recreation","9":"product_cat-crazy-fish-rods-spin-fishing-rods-fishing-rods-fishing-equipment-recreation","11":"first","12":"instock","13":"shipping-taxable","14":"purchasable","15":"product-type-simple"},"_links":{"self":[{"href":"https:\/\/sezona.lv\/en\/wp-json\/wp\/v2\/product\/80592","targetHints":{"allow":["GET"]}}],"collection":[{"href":"https:\/\/sezona.lv\/en\/wp-json\/wp\/v2\/product"}],"about":[{"href":"https:\/\/sezona.lv\/en\/wp-json\/wp\/v2\/types\/product"}],"wp:featuredmedia":[{"embeddable":true,"href":"https:\/\/sezona.lv\/en\/wp-json\/wp\/v2\/media\/75645"}],"wp:attachment":[{"href":"https:\/\/sezona.lv\/en\/wp-json\/wp\/v2\/media?parent=80592"}],"wp:term":[{"taxonomy":"product_brand","embeddable":true,"href":"https:\/\/sezona.lv\/en\/wp-json\/wp\/v2\/product_brand?post=80592"},{"taxonomy":"product_cat","embeddable":true,"href":"https:\/\/sezona.lv\/en\/wp-json\/wp\/v2\/product_cat?post=80592"},{"taxonomy":"product_tag","embeddable":true,"href":"https:\/\/sezona.lv\/en\/wp-json\/wp\/v2\/product_tag?post=80592"}],"curies":[{"name":"wp","href":"https:\/\/api.w.org\/{rel}","templated":true}]}}