{"id":80628,"date":"2025-07-11T17:31:55","date_gmt":"2025-07-11T14:31:55","guid":{"rendered":"https:\/\/demo8.ecube.lv\/sezona.lv\/products\/crazy-fish-perfect-jig-spinings-2-70m-15-46gr\/"},"modified":"2025-07-14T16:01:05","modified_gmt":"2025-07-14T13:01:05","slug":"crazy-fish-perfect-jig-spinings-2-70m-15-46gr","status":"publish","type":"product","link":"https:\/\/sezona.lv\/en\/products\/crazy-fish-perfect-jig-spinings-2-70m-15-46gr\/","title":{"rendered":"Crazy Fish Perfect Jig spinings 2.70m, 15-46gr"},"content":{"rendered":"<p class=\"MsoNormal\">Crazy Fish Perfect Jig ir spiningu s\u0113rija kas ir lieliski piem\u0113roti spiningo&scaron;anai d\u017eiga tehnik\u0101.<\/p>\n<p class=\"MsoNormal\">&Scaron;ie ir augstas klases spiningi, kuriem ir izmantoti tikai augst\u0101k\u0101s klases materi\u0101li un furnit\u016bra.<\/p>\n<p class=\"MsoNormal\">Blanka ra\u017eota Jap\u0101n\u0101 (TORAY) 30\u0422+40\u0422 graf\u012bts.<\/p>\n<p class=\"MsoNormal\"><span lang=\"FR\">Paaugstin\u0101tas iztur\u012bbas Fuji rin\u0137i un spoles ligzda.<\/span><\/p>\n<p class=\"MsoNormal\">Rokturis izgatavots no EVA materi\u0101la.<\/p>\n<p class=\"MsoNormal\">&nbsp;<\/p>\n<p class=\"MsoNormal\">Tests: 15-46 gr<\/p>\n<p class=\"MsoNormal\">Garums: 2.70 m<\/p>\n<p class=\"MsoNormal\">Svars: 149 gr<\/p>\n<p class=\"MsoNormal\">Aukla: #0.8- #1.8 PE<\/p>\n<p class=\"MsoNormal\">Materi\u0101ls: Toray 40T<\/p>\n<p class=\"MsoNormal\">Gredzeni: Fuji<\/p>\n<p class=\"MsoNormal\">Spoles tur\u0113t\u0101js: Fuji VSS<\/p>\n<p class=\"MsoNormal\">Transport\u0113&scaron;anas garums: 138 cm<\/p>\n<ul style=\"margin-top: 0cm\" type=\"disc\">\n<\/ul>\n<ul style=\"margin-top: 0cm\" type=\"disc\">\n<\/ul>\n<ul style=\"margin-top: 0cm\" type=\"disc\">\n<\/ul>\n<ul style=\"border: 0px solid #e5e7eb;--tw-border-spacing-x: 0;--tw-border-spacing-y: 0;--tw-translate-x: 0;--tw-translate-y: 0;--tw-rotate: 0;--tw-skew-x: 0;--tw-skew-y: 0;--tw-scale-x: 1;--tw-scale-y: 1;--tw-scroll-snap-strictness: proximity;--tw-ring-offset-width: 0px;--tw-ring-offset-color: #fff;--tw-ring-offset-shadow: 0 0 #0000;--tw-ring-shadow: 0 0 #0000;--tw-shadow: 0 0 #0000;--tw-shadow-colored: 0 0 #0000;margin: revert;padding: revert;color: #252525;font-family: Rubik, sans-serif;font-size: 16px\">\n<\/ul>\n<ul style=\"border: 0px solid #e5e7eb;--tw-border-spacing-x: 0;--tw-border-spacing-y: 0;--tw-translate-x: 0;--tw-translate-y: 0;--tw-rotate: 0;--tw-skew-x: 0;--tw-skew-y: 0;--tw-scale-x: 1;--tw-scale-y: 1;--tw-scroll-snap-strictness: proximity;--tw-ring-offset-width: 0px;--tw-ring-offset-color: #fff;--tw-ring-offset-shadow: 0 0 #0000;--tw-ring-shadow: 0 0 #0000;--tw-shadow: 0 0 #0000;--tw-shadow-colored: 0 0 #0000;margin: revert;padding: revert;color: #252525;font-family: Rubik, sans-serif;font-size: 16px\">\n<\/ul>\n<ul style=\"border: 0px solid #e5e7eb;--tw-border-spacing-x: 0;--tw-border-spacing-y: 0;--tw-translate-x: 0;--tw-translate-y: 0;--tw-rotate: 0;--tw-skew-x: 0;--tw-skew-y: 0;--tw-scale-x: 1;--tw-scale-y: 1;--tw-scroll-snap-strictness: proximity;--tw-ring-offset-width: 0px;--tw-ring-offset-color: #fff;--tw-ring-offset-shadow: 0 0 #0000;--tw-ring-shadow: 0 0 #0000;--tw-shadow: 0 0 #0000;--tw-shadow-colored: 0 0 #0000;margin: revert;padding: revert;color: #252525;font-family: Rubik, sans-serif;font-size: 16px\">\n<\/ul>\n<ul style=\"border: 0px solid #e5e7eb;--tw-border-spacing-x: 0;--tw-border-spacing-y: 0;--tw-translate-x: 0;--tw-translate-y: 0;--tw-rotate: 0;--tw-skew-x: 0;--tw-skew-y: 0;--tw-scale-x: 1;--tw-scale-y: 1;--tw-scroll-snap-strictness: proximity;--tw-ring-offset-width: 0px;--tw-ring-offset-color: #fff;--tw-ring-offset-shadow: 0 0 #0000;--tw-ring-shadow: 0 0 #0000;--tw-shadow: 0 0 #0000;--tw-shadow-colored: 0 0 #0000;margin: revert;padding: revert;color: #252525;font-family: Rubik, sans-serif;font-size: 16px\">\n<\/ul>\n","protected":false},"excerpt":{"rendered":"<p>Crazy Fish Perfect Jig ir spiningu s\u0113rija kas ir lieliski piem\u0113roti spiningo&scaron;anai d\u017eiga tehnik\u0101. &Scaron;ie ir augstas klases spiningi, kuriem ir izmantoti tikai augst\u0101k\u0101s klases materi\u0101li un furnit\u016bra. Blanka ra\u017eota Jap\u0101n\u0101 (TORAY) 30\u0422+40\u0422 graf\u012bts. Paaugstin\u0101tas iztur\u012bbas Fuji rin\u0137i un spoles ligzda. Rokturis izgatavots no EVA materi\u0101la. &nbsp; Tests: 15-46 gr Garums: 2.70 m Svars: 149 [&hellip;]<\/p>\n","protected":false},"featured_media":75753,"template":"","meta":[],"product_brand":[],"product_cat":[4538,4540,4551,4896],"product_tag":[],"class_list":{"0":"post-80628","1":"product","2":"type-product","3":"status-publish","4":"has-post-thumbnail","6":"product_cat-fishing-equipment-recreation","7":"product_cat-fishing-rods-fishing-equipment-recreation","8":"product_cat-spin-fishing-rods-fishing-rods-fishing-equipment-recreation","9":"product_cat-crazy-fish-rods-spin-fishing-rods-fishing-rods-fishing-equipment-recreation","11":"first","12":"instock","13":"shipping-taxable","14":"purchasable","15":"product-type-simple"},"_links":{"self":[{"href":"https:\/\/sezona.lv\/en\/wp-json\/wp\/v2\/product\/80628","targetHints":{"allow":["GET"]}}],"collection":[{"href":"https:\/\/sezona.lv\/en\/wp-json\/wp\/v2\/product"}],"about":[{"href":"https:\/\/sezona.lv\/en\/wp-json\/wp\/v2\/types\/product"}],"wp:featuredmedia":[{"embeddable":true,"href":"https:\/\/sezona.lv\/en\/wp-json\/wp\/v2\/media\/75753"}],"wp:attachment":[{"href":"https:\/\/sezona.lv\/en\/wp-json\/wp\/v2\/media?parent=80628"}],"wp:term":[{"taxonomy":"product_brand","embeddable":true,"href":"https:\/\/sezona.lv\/en\/wp-json\/wp\/v2\/product_brand?post=80628"},{"taxonomy":"product_cat","embeddable":true,"href":"https:\/\/sezona.lv\/en\/wp-json\/wp\/v2\/product_cat?post=80628"},{"taxonomy":"product_tag","embeddable":true,"href":"https:\/\/sezona.lv\/en\/wp-json\/wp\/v2\/product_tag?post=80628"}],"curies":[{"name":"wp","href":"https:\/\/api.w.org\/{rel}","templated":true}]}}