{"id":80630,"date":"2025-07-14T16:01:08","date_gmt":"2025-07-14T13:01:08","guid":{"rendered":"https:\/\/demo8.ecube.lv\/sezona.lv\/products\/soma-ziemas-makskerem-lucky-john-eva-80cm\/"},"modified":"2025-07-14T16:01:08","modified_gmt":"2025-07-14T13:01:08","slug":"soma-ziemas-makskerem-lucky-john-eva-80cm","status":"publish","type":"product","link":"https:\/\/sezona.lv\/en\/products\/soma-ziemas-makskerem-lucky-john-eva-80cm\/","title":{"rendered":"Soma ziemas mak\u0161\u0137er\u0113m Lucky John EVA 80cm"},"content":{"rendered":"<p><span style=\", sans-serif;font-size: 19px;text-align: justify\">Soma ziemas mak&scaron;\u0137er\u0113m apr\u012bkot\u0101m ar spol\u0113m. Somas izgatavo&scaron;an\u0101 izmantots EVA materi\u0101ls, tas ir iztur\u012bgs, nodiluiztur\u012bgs un viegli kopjams materi\u0101ls. Somas iek&scaron;\u0113jais tilpums ir pietiekams, lai taj\u0101 ievietotu l\u012bdz \u010detr\u0101m da\u017e\u0101da garuma mak&scaron;\u0137er\u0113m, kas apr\u012bkotas ar da\u017e\u0101da veida spol\u0113m. Soma ir apr\u012bkota ar \u0113rtu p\u0101rn\u0113s\u0101&scaron;anas rokturi un plecu siksnu, k\u0101 ar\u012b kvalitat\u012bvu r\u0101v\u0113jsl\u0113dz\u0113ju ar div\u0101m sl\u0113dzen\u0113m.<\/span><\/p>\n<dt style=\"line-height: 1.42857;width: 144px;float: left;overflow: hidden;clear: left;, sans-serif;font-size: 16px\">Artikuls<\/dt>\n<dd style=\"line-height: initial;margin-left: 30px;margin-bottom: 10px;overflow: hidden;font-weight: 700;, sans-serif;font-size: 16px\">LJ904-800<\/dd>\n<dt style=\"line-height: 1.42857;width: 144px;float: left;overflow: hidden;clear: left;, sans-serif;font-size: 16px\">Garums<\/dt>\n<dd style=\"line-height: initial;margin-left: 30px;margin-bottom: 10px;overflow: hidden;font-weight: 700;, sans-serif;font-size: 16px\">80cm<\/dd>\n<dt style=\"line-height: 1.42857;width: 144px;float: left;overflow: hidden;clear: left;, sans-serif;font-size: 16px\">Z\u012bmols<\/dt>\n<dd style=\"line-height: initial;margin-left: 30px;margin-bottom: 10px;overflow: hidden;font-weight: 700;, sans-serif;font-size: 16px\">LUCKY JOHN<\/dd>\n","protected":false},"excerpt":{"rendered":"<p>Soma ziemas mak&scaron;\u0137er\u0113m apr\u012bkot\u0101m ar spol\u0113m. Somas izgatavo&scaron;an\u0101 izmantots EVA materi\u0101ls, tas ir iztur\u012bgs, nodiluiztur\u012bgs un viegli kopjams materi\u0101ls. Somas iek&scaron;\u0113jais tilpums ir pietiekams, lai taj\u0101 ievietotu l\u012bdz \u010detr\u0101m da\u017e\u0101da garuma mak&scaron;\u0137er\u0113m, kas apr\u012bkotas ar da\u017e\u0101da veida spol\u0113m. Soma ir apr\u012bkota ar \u0113rtu p\u0101rn\u0113s\u0101&scaron;anas rokturi un plecu siksnu, k\u0101 ar\u012b kvalitat\u012bvu r\u0101v\u0113jsl\u0113dz\u0113ju ar div\u0101m sl\u0113dzen\u0113m. [&hellip;]<\/p>\n","protected":false},"featured_media":0,"template":"","meta":[],"product_brand":[],"product_cat":[4585,4612,4640],"product_tag":[],"class_list":{"0":"post-80630","1":"product","2":"type-product","3":"status-publish","5":"product_cat-winter-fishing-equipment-recreation","6":"product_cat-winter-boxes-chairs-sledge-winter-fishing-equipment-recreation","7":"product_cat-recreation","9":"first","10":"instock","11":"shipping-taxable","12":"purchasable","13":"product-type-simple"},"_links":{"self":[{"href":"https:\/\/sezona.lv\/en\/wp-json\/wp\/v2\/product\/80630","targetHints":{"allow":["GET"]}}],"collection":[{"href":"https:\/\/sezona.lv\/en\/wp-json\/wp\/v2\/product"}],"about":[{"href":"https:\/\/sezona.lv\/en\/wp-json\/wp\/v2\/types\/product"}],"wp:attachment":[{"href":"https:\/\/sezona.lv\/en\/wp-json\/wp\/v2\/media?parent=80630"}],"wp:term":[{"taxonomy":"product_brand","embeddable":true,"href":"https:\/\/sezona.lv\/en\/wp-json\/wp\/v2\/product_brand?post=80630"},{"taxonomy":"product_cat","embeddable":true,"href":"https:\/\/sezona.lv\/en\/wp-json\/wp\/v2\/product_cat?post=80630"},{"taxonomy":"product_tag","embeddable":true,"href":"https:\/\/sezona.lv\/en\/wp-json\/wp\/v2\/product_tag?post=80630"}],"curies":[{"name":"wp","href":"https:\/\/api.w.org\/{rel}","templated":true}]}}