{"id":80633,"date":"2025-07-14T16:01:11","date_gmt":"2025-07-14T13:01:11","guid":{"rendered":"https:\/\/demo8.ecube.lv\/sezona.lv\/products\/helikon-tex-cobra-modulara-josta-ps-ms4-nl-01-b06\/"},"modified":"2025-07-14T16:01:11","modified_gmt":"2025-07-14T13:01:11","slug":"helikon-tex-cobra-modulara-josta-ps-ms4-nl-01-b06","status":"publish","type":"product","link":"https:\/\/sezona.lv\/en\/products\/helikon-tex-cobra-modulara-josta-ps-ms4-nl-01-b06\/","title":{"rendered":"Helikon-Tex Cobra Modul\u0101r\u0101 josta (PS-MS4-NL-01-B06)"},"content":{"rendered":"<div id=\"Container\">\n<div id=\"Content\" class=\"container\">\n<div id=\"PrimaryContent\">\n<div>\n<div class=\"TabContainer\">\n<div id=\"ProductInformation\" class=\"r-tabs\">\n<div class=\"TabContentsContainer\">\n<div class=\"width\">\n<div id=\"tab-0\" class=\"TabContent r-tabs-panel r-tabs-state-active\">\n<p><strong>Helikon-Tex Cobra Modul\u0101r\u0101 josta (PS-MS4-NL-01-B06) XL izm\u0113rs.<\/strong><\/p>\n<p><strong><br \/><\/strong><\/p>\n<p class=\"MsoNormal\" style=\"text-align:justify;line-height:150%\"><span lang=\"LV\">Jostu var lietot ar alp\u012bnisma karab\u012bni.<\/span><\/p>\n<p class=\"MsoNormal\" style=\"text-align:justify;line-height:150%\"><span lang=\"LV\">Jostas aizdare ar &nbsp;<em>Cobra&nbsp;<\/em>tipa spr\u0101dzi.<\/span><\/p>\n<p class=\"MsoNormal\">&nbsp;<\/p>\n<p class=\"MsoNormal\" style=\"text-align:justify;line-height:150%\"><span lang=\"LV\">Jostas spr\u0101dze atbilst (<em>standarts<\/em>): Eiropas patentam nr.&nbsp;<\/span><strong><span style=\"font-size:9.0pt;line-height:150%;,sans-serif;color:#141618;letter-spacing:-.2pt;background:#FBFBFB\" lang=\"LV\">No.004499945-0002<\/span><\/strong><span lang=\"LV\">&nbsp;un paredz\u0113ta 22 kN slodzei.<\/span><\/p>\n<p class=\"MsoNormal\" style=\"text-align:justify;line-height:150%\"><span lang=\"LV\">Izgatavota no augstas iztur\u012bbas neilona.<\/span><\/p>\n<p class=\"MsoNormal\" style=\"text-align: justify;line-height: 15px\"><span lang=\"LV\">Garums: 950-1100 mm<\/span><\/p>\n<p class=\"MsoNormal\" style=\"text-align: justify;line-height: 15px\"><span lang=\"LV\">Platums: 44 mm<\/span><\/p>\n<p class=\"MsoNormal\" style=\"text-align: justify;line-height: 15px\"><span lang=\"LV\">Svars: 315 g<\/span><\/p>\n<\/div>\n<\/div>\n<\/div>\n<\/div>\n<\/div>\n<\/div>\n<\/div>\n<\/div>\n<\/div>\n<div id=\"Footer\" class=\"navbar\">\n<div class=\"FooterTop\">\n<div class=\"SocialMedia\"><a href=\"https:\/\/www.facebook.com\/BCBinternational\/\" target=\"_blank\"><\/a><\/div>\n<\/div>\n<\/div>\n","protected":false},"excerpt":{"rendered":"<p>Helikon-Tex Cobra Modul\u0101r\u0101 josta (PS-MS4-NL-01-B06) XL izm\u0113rs. Jostu var lietot ar alp\u012bnisma karab\u012bni. Jostas aizdare ar &nbsp;Cobra&nbsp;tipa spr\u0101dzi. &nbsp; Jostas spr\u0101dze atbilst (standarts): Eiropas patentam nr.&nbsp;No.004499945-0002&nbsp;un paredz\u0113ta 22 kN slodzei. Izgatavota no augstas iztur\u012bbas neilona. Garums: 950-1100 mm Platums: 44 mm Svars: 315 g<\/p>\n","protected":false},"featured_media":0,"template":"","meta":[],"product_brand":[],"product_cat":[4558,4640,5057],"product_tag":[],"class_list":{"0":"post-80633","1":"product","2":"type-product","3":"status-publish","5":"product_cat-for-tourism-recreation","6":"product_cat-recreation","7":"product_cat-survival-for-tourism-recreation","9":"first","10":"instock","11":"shipping-taxable","12":"purchasable","13":"product-type-simple"},"_links":{"self":[{"href":"https:\/\/sezona.lv\/en\/wp-json\/wp\/v2\/product\/80633","targetHints":{"allow":["GET"]}}],"collection":[{"href":"https:\/\/sezona.lv\/en\/wp-json\/wp\/v2\/product"}],"about":[{"href":"https:\/\/sezona.lv\/en\/wp-json\/wp\/v2\/types\/product"}],"wp:attachment":[{"href":"https:\/\/sezona.lv\/en\/wp-json\/wp\/v2\/media?parent=80633"}],"wp:term":[{"taxonomy":"product_brand","embeddable":true,"href":"https:\/\/sezona.lv\/en\/wp-json\/wp\/v2\/product_brand?post=80633"},{"taxonomy":"product_cat","embeddable":true,"href":"https:\/\/sezona.lv\/en\/wp-json\/wp\/v2\/product_cat?post=80633"},{"taxonomy":"product_tag","embeddable":true,"href":"https:\/\/sezona.lv\/en\/wp-json\/wp\/v2\/product_tag?post=80633"}],"curies":[{"name":"wp","href":"https:\/\/api.w.org\/{rel}","templated":true}]}}