{"id":80634,"date":"2025-07-14T16:01:12","date_gmt":"2025-07-14T13:01:12","guid":{"rendered":"https:\/\/demo8.ecube.lv\/sezona.lv\/products\/leatherman-multitool-curl\/"},"modified":"2025-07-14T16:01:12","modified_gmt":"2025-07-14T13:01:12","slug":"leatherman-multitool-curl","status":"publish","type":"product","link":"https:\/\/sezona.lv\/en\/products\/leatherman-multitool-curl\/","title":{"rendered":"Leatherman Multitool CURL"},"content":{"rendered":"<p><span style=\"color: #222222;font-family: Ubuntu, sans-serif;font-size: 14px;letter-spacing: -0.3px\">Klasisks multitool instruments ar 15 funkcij\u0101m, tai skait\u0101 asmens, kuru var atv\u0113rt ar vienu roku.<\/span><\/p>\n<h4 style=\"font-size: 20px;margin: 12px 0px;padding: 0px;border: 0px;line-height: 1.2;font-family: Rubik, sans-serif;vertical-align: baseline;color: #1358a6;text-transform: uppercase;letter-spacing: -0.3px\">Specifik\u0101cija:<\/h4>\n<table style=\"margin: 0px 0px 24px;padding: 0px;border: 0px;line-height: inherit;font-family: Ubuntu, sans-serif;font-size: 14px;vertical-align: baseline;border-collapse: collapse;border-spacing: 0px;background-color: transparent;width: 768.344px;max-width: 100%;color: #222222;letter-spacing: -0.3px;height: 99px\" border=\"0\" width=\"567\">\n<tbody style=\"margin: 0px;padding: 0px;border: 0px;font-style: inherit;font-variant: inherit;font-weight: inherit;line-height: inherit;font-family: inherit;vertical-align: baseline\">\n<tr style=\"margin: 0px;padding: 0px;border: 0px;font-style: inherit;font-variant: inherit;font-weight: inherit;line-height: inherit;font-family: inherit;vertical-align: baseline;width: 768.344px;background: #f2f2fc\">\n<td style=\"font-family: inherit;font-size: 14px;margin: 0px;padding: 8px;border-width: 1px 0px 0px;border-top-style: solid;border-right-style: initial;border-bottom-style: initial;border-left-style: initial;border-top-color: #dddddd;border-right-color: initial;border-bottom-color: initial;border-left-color: initial;font-style: inherit;font-variant: inherit;line-height: 1.5;vertical-align: middle;background: transparent\"><strong style=\"margin: 0px;padding: 0px;border: 0px;font-style: inherit;font-variant: inherit;line-height: inherit;font-family: inherit;vertical-align: baseline\">Garums aizv\u0113rtam:<\/strong><\/td>\n<td style=\"font-family: inherit;font-size: 14px;margin: 0px;padding: 8px;border-width: 1px 0px 0px;border-top-style: solid;border-right-style: initial;border-bottom-style: initial;border-left-style: initial;border-top-color: #dddddd;border-right-color: initial;border-bottom-color: initial;border-left-color: initial;font-style: inherit;font-variant: inherit;line-height: 1.5;vertical-align: middle\">10 cm<\/td>\n<\/tr>\n<tr style=\"margin: 0px;padding: 0px;border: 0px;font-style: inherit;font-variant: inherit;font-weight: inherit;line-height: inherit;font-family: inherit;vertical-align: baseline;width: 768.344px\">\n<td style=\"font-family: inherit;font-size: 14px;margin: 0px;padding: 8px;border-width: 1px 0px 0px;border-top-style: solid;border-right-style: initial;border-bottom-style: initial;border-left-style: initial;border-top-color: #dddddd;border-right-color: initial;border-bottom-color: initial;border-left-color: initial;font-style: inherit;font-variant: inherit;line-height: 1.5;vertical-align: middle;background: transparent\"><strong style=\"margin: 0px;padding: 0px;border: 0px;font-style: inherit;font-variant: inherit;line-height: inherit;font-family: inherit;vertical-align: baseline\">Garums atv\u0113rtam:<\/strong><\/td>\n<td style=\"font-family: inherit;font-size: 14px;margin: 0px;padding: 8px;border-width: 1px 0px 0px;border-top-style: solid;border-right-style: initial;border-bottom-style: initial;border-left-style: initial;border-top-color: #dddddd;border-right-color: initial;border-bottom-color: initial;border-left-color: initial;font-style: inherit;font-variant: inherit;line-height: 1.5;vertical-align: middle\">15.87 cm<\/td>\n<\/tr>\n<tr style=\"margin: 0px;padding: 0px;border: 0px;font-style: inherit;font-variant: inherit;font-weight: inherit;line-height: inherit;font-family: inherit;vertical-align: baseline;width: 768.344px;background: #f2f2fc\">\n<td style=\"font-family: inherit;font-size: 14px;margin: 0px;padding: 8px;border-width: 1px 0px 0px;border-top-style: solid;border-right-style: initial;border-bottom-style: initial;border-left-style: initial;border-top-color: #dddddd;border-right-color: initial;border-bottom-color: initial;border-left-color: initial;font-style: inherit;font-variant: inherit;line-height: 1.5;vertical-align: middle;background: transparent\"><strong style=\"margin: 0px;padding: 0px;border: 0px;font-style: inherit;font-variant: inherit;line-height: inherit;font-family: inherit;vertical-align: baseline\">Svars:<\/strong><\/td>\n<td style=\"font-family: inherit;font-size: 14px;margin: 0px;padding: 8px;border-width: 1px 0px 0px;border-top-style: solid;border-right-style: initial;border-bottom-style: initial;border-left-style: initial;border-top-color: #dddddd;border-right-color: initial;border-bottom-color: initial;border-left-color: initial;font-style: inherit;font-variant: inherit;line-height: 1.5;vertical-align: middle\">212 g<\/td>\n<\/tr>\n<tr style=\"margin: 0px;padding: 0px;border: 0px;font-style: inherit;font-variant: inherit;font-weight: inherit;line-height: inherit;font-family: inherit;vertical-align: baseline;width: 768.344px\">\n<td style=\"font-family: inherit;font-size: 14px;margin: 0px;padding: 8px;border-width: 1px 0px 0px;border-top-style: solid;border-right-style: initial;border-bottom-style: initial;border-left-style: initial;border-top-color: #dddddd;border-right-color: initial;border-bottom-color: initial;border-left-color: initial;font-style: inherit;font-variant: inherit;line-height: 1.5;vertical-align: middle;background: transparent\"><strong style=\"margin: 0px;padding: 0px;border: 0px;font-style: inherit;font-variant: inherit;line-height: inherit;font-family: inherit;vertical-align: baseline\">Asmens:<\/strong><\/td>\n<td style=\"font-family: inherit;font-size: 14px;margin: 0px;padding: 8px;border-width: 1px 0px 0px;border-top-style: solid;border-right-style: initial;border-bottom-style: initial;border-left-style: initial;border-top-color: #dddddd;border-right-color: initial;border-bottom-color: initial;border-left-color: initial;font-style: inherit;font-variant: inherit;line-height: 1.5;vertical-align: middle\">7.37 cm<\/td>\n<\/tr>\n<tr style=\"margin: 0px;padding: 0px;border: 0px;font-style: inherit;font-variant: inherit;font-weight: inherit;line-height: inherit;font-family: inherit;vertical-align: baseline;width: 768.344px;background: #f2f2fc\">\n<td style=\"font-family: inherit;font-size: 14px;margin: 0px;padding: 8px;border-width: 1px 0px 0px;border-top-style: solid;border-right-style: initial;border-bottom-style: initial;border-left-style: initial;border-top-color: #dddddd;border-right-color: initial;border-bottom-color: initial;border-left-color: initial;font-style: inherit;font-variant: inherit;line-height: 1.5;vertical-align: middle;background: transparent\"><strong style=\"margin: 0px;padding: 0px;border: 0px;font-style: inherit;font-variant: inherit;line-height: inherit;font-family: inherit;vertical-align: baseline\">Materi\u0101ls:<\/strong><\/td>\n<td style=\"font-family: inherit;font-size: 14px;margin: 0px;padding: 8px;border-width: 1px 0px 0px;border-top-style: solid;border-right-style: initial;border-bottom-style: initial;border-left-style: initial;border-top-color: #dddddd;border-right-color: initial;border-bottom-color: initial;border-left-color: initial;font-style: inherit;font-variant: inherit;line-height: 1.5;vertical-align: middle\">420HC Stainless Steel<\/td>\n<\/tr>\n<\/tbody>\n<\/table>\n<h4 style=\"font-size: 20px;margin: 12px 0px;padding: 0px;border: 0px;line-height: 1.2;font-family: Rubik, sans-serif;vertical-align: baseline;color: #1358a6;text-transform: uppercase;letter-spacing: -0.3px\">Instrumenti:<\/h4>\n<ol style=\"margin: 0px 0px 12px;padding: 0px 0px 0px 15px;border: 0px;line-height: inherit;font-family: Ubuntu, sans-serif;font-size: 14px;vertical-align: baseline;color: #222222;letter-spacing: -0.3px\">\n<li style=\"margin: 0px;padding: 0px;border: 0px;font-style: inherit;font-variant: inherit;font-weight: inherit;line-height: inherit;font-family: inherit;vertical-align: baseline\"><span class=\"tlid-translation translation\" style=\"margin: 0px;padding: 0px;border: 0px;font-style: inherit;font-variant: inherit;font-weight: inherit;line-height: inherit;font-family: inherit;vertical-align: baseline\" lang=\"lv\" xml:lang=\"lv\">Knaibles ar spiciem galiem<br \/><\/span><\/li>\n<li style=\"margin: 0px;padding: 0px;border: 0px;font-style: inherit;font-variant: inherit;font-weight: inherit;line-height: inherit;font-family: inherit;vertical-align: baseline\"><span class=\"tlid-translation translation\" style=\"margin: 0px;padding: 0px;border: 0px;font-style: inherit;font-variant: inherit;font-weight: inherit;line-height: inherit;font-family: inherit;vertical-align: baseline\" lang=\"lv\" xml:lang=\"lv\">Plakanknaibles<br \/><\/span><\/li>\n<li style=\"margin: 0px;padding: 0px;border: 0px;font-style: inherit;font-variant: inherit;font-weight: inherit;line-height: inherit;font-family: inherit;vertical-align: baseline\"><span class=\"tlid-translation translation\" style=\"margin: 0px;padding: 0px;border: 0px;font-style: inherit;font-variant: inherit;font-weight: inherit;line-height: inherit;font-family: inherit;vertical-align: baseline\" lang=\"lv\" xml:lang=\"lv\">Cieto vadu knaibles<br \/><\/span><\/li>\n<li style=\"margin: 0px;padding: 0px;border: 0px;font-style: inherit;font-variant: inherit;font-weight: inherit;line-height: inherit;font-family: inherit;vertical-align: baseline\"><span class=\"tlid-translation translation\" style=\"margin: 0px;padding: 0px;border: 0px;font-style: inherit;font-variant: inherit;font-weight: inherit;line-height: inherit;font-family: inherit;vertical-align: baseline\" lang=\"lv\" xml:lang=\"lv\">M\u012bksto vadu knaibles<br \/><\/span><\/li>\n<li style=\"margin: 0px;padding: 0px;border: 0px;font-style: inherit;font-variant: inherit;font-weight: inherit;line-height: inherit;font-family: inherit;vertical-align: baseline\"><span class=\"tlid-translation translation\" style=\"margin: 0px;padding: 0px;border: 0px;font-style: inherit;font-variant: inherit;font-weight: inherit;line-height: inherit;font-family: inherit;vertical-align: baseline\" lang=\"lv\" xml:lang=\"lv\">Vadu apvalka no\u0146\u0113m\u0113js<\/span><\/li>\n<li style=\"margin: 0px;padding: 0px;border: 0px;font-style: inherit;font-variant: inherit;font-weight: inherit;line-height: inherit;font-family: inherit;vertical-align: baseline\"><span class=\"tlid-translation translation\" style=\"margin: 0px;padding: 0px;border: 0px;font-style: inherit;font-variant: inherit;font-weight: inherit;line-height: inherit;font-family: inherit;vertical-align: baseline\" lang=\"lv\" xml:lang=\"lv\">420HC nazis<\/span><\/li>\n<li style=\"margin: 0px;padding: 0px;border: 0px;font-style: inherit;font-variant: inherit;font-weight: inherit;line-height: inherit;font-family: inherit;vertical-align: baseline\"><span class=\"tlid-translation translation\" style=\"margin: 0px;padding: 0px;border: 0px;font-style: inherit;font-variant: inherit;font-weight: inherit;line-height: inherit;font-family: inherit;vertical-align: baseline\" lang=\"lv\" xml:lang=\"lv\">Large Bit driver<\/span><\/li>\n<li style=\"margin: 0px;padding: 0px;border: 0px;font-style: inherit;font-variant: inherit;font-weight: inherit;line-height: inherit;font-family: inherit;vertical-align: baseline\"><span class=\"tlid-translation translation\" style=\"margin: 0px;padding: 0px;border: 0px;font-style: inherit;font-variant: inherit;font-weight: inherit;line-height: inherit;font-family: inherit;vertical-align: baseline\" lang=\"lv\" xml:lang=\"lv\">&Scaron;\u0137\u0113res ar atsperi<br \/><\/span><\/li>\n<li style=\"margin: 0px;padding: 0px;border: 0px;font-style: inherit;font-variant: inherit;font-weight: inherit;line-height: inherit;font-family: inherit;vertical-align: baseline\"><span class=\"tlid-translation translation\" style=\"margin: 0px;padding: 0px;border: 0px;font-style: inherit;font-variant: inherit;font-weight: inherit;line-height: inherit;font-family: inherit;vertical-align: baseline\" lang=\"lv\" xml:lang=\"lv\">Dimanta p\u0101rkl\u0101juma v\u012ble<br \/><\/span><\/li>\n<li style=\"margin: 0px;padding: 0px;border: 0px;font-style: inherit;font-variant: inherit;font-weight: inherit;line-height: inherit;font-family: inherit;vertical-align: baseline\"><span class=\"tlid-translation translation\" style=\"margin: 0px;padding: 0px;border: 0px;font-style: inherit;font-variant: inherit;font-weight: inherit;line-height: inherit;font-family: inherit;vertical-align: baseline\" lang=\"lv\" xml:lang=\"lv\">Konservu attais\u0101mais<\/span><\/li>\n<li style=\"margin: 0px;padding: 0px;border: 0px;font-style: inherit;font-variant: inherit;font-weight: inherit;line-height: inherit;font-family: inherit;vertical-align: baseline\"><span class=\"tlid-translation translation\" style=\"margin: 0px;padding: 0px;border: 0px;font-style: inherit;font-variant: inherit;font-weight: inherit;line-height: inherit;font-family: inherit;vertical-align: baseline\" lang=\"lv\" xml:lang=\"lv\">Pude\u013cu attais\u0101mais<\/span><\/li>\n<li style=\"margin: 0px;padding: 0px;border: 0px;font-style: inherit;font-variant: inherit;font-weight: inherit;line-height: inherit;font-family: inherit;vertical-align: baseline\"><span class=\"tlid-translation translation\" style=\"margin: 0px;padding: 0px;border: 0px;font-style: inherit;font-variant: inherit;font-weight: inherit;line-height: inherit;font-family: inherit;vertical-align: baseline\" lang=\"lv\" xml:lang=\"lv\">\u012blens<\/span><\/li>\n<li style=\"margin: 0px;padding: 0px;border: 0px;font-style: inherit;font-variant: inherit;font-weight: inherit;line-height: inherit;font-family: inherit;vertical-align: baseline\"><span class=\"tlid-translation translation\" style=\"margin: 0px;padding: 0px;border: 0px;font-style: inherit;font-variant: inherit;font-weight: inherit;line-height: inherit;font-family: inherit;vertical-align: baseline\" lang=\"lv\" xml:lang=\"lv\">Line\u0101ls 19cm<\/span><\/li>\n<li style=\"margin: 0px;padding: 0px;border: 0px;font-style: inherit;font-variant: inherit;font-weight: inherit;line-height: inherit;font-family: inherit;vertical-align: baseline\"><span class=\"tlid-translation translation\" style=\"margin: 0px;padding: 0px;border: 0px;font-style: inherit;font-variant: inherit;font-weight: inherit;line-height: inherit;font-family: inherit;vertical-align: baseline\" lang=\"lv\" xml:lang=\"lv\">Koka\/Met\u0101la v\u012ble<br \/><\/span><\/li>\n<li style=\"margin: 0px;padding: 0px;border: 0px;font-style: inherit;font-variant: inherit;font-weight: inherit;line-height: inherit;font-family: inherit;vertical-align: baseline\"><span class=\"tlid-translation translation\" style=\"margin: 0px;padding: 0px;border: 0px;font-style: inherit;font-variant: inherit;font-weight: inherit;line-height: inherit;font-family: inherit;vertical-align: baseline\" lang=\"lv\" xml:lang=\"lv\">(-) Vid\u0113js skr\u016bvgriezis<\/span><\/li>\n<\/ol>\n","protected":false},"excerpt":{"rendered":"<p>Klasisks multitool instruments ar 15 funkcij\u0101m, tai skait\u0101 asmens, kuru var atv\u0113rt ar vienu roku. Specifik\u0101cija: Garums aizv\u0113rtam: 10 cm Garums atv\u0113rtam: 15.87 cm Svars: 212 g Asmens: 7.37 cm Materi\u0101ls: 420HC Stainless Steel Instrumenti: Knaibles ar spiciem galiem Plakanknaibles Cieto vadu knaibles M\u012bksto vadu knaibles Vadu apvalka no\u0146\u0113m\u0113js 420HC nazis Large Bit driver &Scaron;\u0137\u0113res [&hellip;]<\/p>\n","protected":false},"featured_media":0,"template":"","meta":[],"product_brand":[3407],"product_cat":[4558,4571,4640,4734],"product_tag":[],"class_list":{"0":"post-80634","1":"product","2":"type-product","3":"status-publish","5":"product_brand-leatherman","6":"product_cat-for-tourism-recreation","7":"product_cat-dishes-knives-folding-tables-for-tourism-recreation","8":"product_cat-recreation","9":"product_cat-swiss-knives-dishes-knives-folding-tables-for-tourism-recreation","11":"first","12":"instock","13":"shipping-taxable","14":"purchasable","15":"product-type-simple"},"_links":{"self":[{"href":"https:\/\/sezona.lv\/en\/wp-json\/wp\/v2\/product\/80634","targetHints":{"allow":["GET"]}}],"collection":[{"href":"https:\/\/sezona.lv\/en\/wp-json\/wp\/v2\/product"}],"about":[{"href":"https:\/\/sezona.lv\/en\/wp-json\/wp\/v2\/types\/product"}],"wp:attachment":[{"href":"https:\/\/sezona.lv\/en\/wp-json\/wp\/v2\/media?parent=80634"}],"wp:term":[{"taxonomy":"product_brand","embeddable":true,"href":"https:\/\/sezona.lv\/en\/wp-json\/wp\/v2\/product_brand?post=80634"},{"taxonomy":"product_cat","embeddable":true,"href":"https:\/\/sezona.lv\/en\/wp-json\/wp\/v2\/product_cat?post=80634"},{"taxonomy":"product_tag","embeddable":true,"href":"https:\/\/sezona.lv\/en\/wp-json\/wp\/v2\/product_tag?post=80634"}],"curies":[{"name":"wp","href":"https:\/\/api.w.org\/{rel}","templated":true}]}}