{"id":80636,"date":"2025-07-11T17:32:10","date_gmt":"2025-07-11T14:32:10","guid":{"rendered":"https:\/\/demo8.ecube.lv\/sezona.lv\/products\/leatherman-multitool-oht\/"},"modified":"2025-07-14T16:01:14","modified_gmt":"2025-07-14T13:01:14","slug":"leatherman-multitool-oht","status":"publish","type":"product","link":"https:\/\/sezona.lv\/en\/products\/leatherman-multitool-oht\/","title":{"rendered":"Leatherman Multitool OHT"},"content":{"rendered":"<p><span style=\"color: #222222;font-family: Ubuntu, sans-serif;font-size: 14px;letter-spacing: -0.3px\">Leatherman OHT 100% ar vienu roku darbin\u0101ms multi-instruments. Papildus pluss ir ar\u012b knaibles ar atsperi. Vizu\u0101li uzskat\u0101mi z\u012bm\u0113jumi uz rokturiem, \u013cauj viegl\u0101k identific\u0113t vajadz\u012bg\u0101 instrumenta atra&scaron;an\u0101s vietu. Auto dro&scaron;\u012bbas jostas p\u0101rgriez\u0113js un pat uzgrie\u017e\u0146atsl\u0113ga sk\u0101bek\u013ca baloniem.<\/span><\/p>\n<h4 style=\"font-size: 20px;margin: 12px 0px;padding: 0px;border: 0px;line-height: 1.2;font-family: Rubik, sans-serif;vertical-align: baseline;color: #1358a6;text-transform: uppercase;letter-spacing: -0.3px\">Specifik\u0101cija:<\/h4>\n<table style=\"margin: 0px 0px 24px;padding: 0px;border: 0px;line-height: inherit;font-family: Ubuntu, sans-serif;font-size: 14px;vertical-align: baseline;border-collapse: collapse;border-spacing: 0px;background-color: transparent;width: 768.344px;max-width: 100%;color: #222222;letter-spacing: -0.3px;height: 99px\" border=\"0\" width=\"567\">\n<tbody style=\"margin: 0px;padding: 0px;border: 0px;font-style: inherit;font-variant: inherit;font-weight: inherit;line-height: inherit;font-family: inherit;vertical-align: baseline\">\n<tr style=\"margin: 0px;padding: 0px;border: 0px;font-style: inherit;font-variant: inherit;font-weight: inherit;line-height: inherit;font-family: inherit;vertical-align: baseline;width: 768.344px;background: #f2f2fc\">\n<td style=\"font-family: inherit;font-size: 14px;margin: 0px;padding: 8px;border-width: 1px 0px 0px;border-top-style: solid;border-right-style: initial;border-bottom-style: initial;border-left-style: initial;border-top-color: #dddddd;border-right-color: initial;border-bottom-color: initial;border-left-color: initial;font-style: inherit;font-variant: inherit;line-height: 1.5;vertical-align: middle;background: transparent\"><strong style=\"margin: 0px;padding: 0px;border: 0px;font-style: inherit;font-variant: inherit;line-height: inherit;font-family: inherit;vertical-align: baseline\">Garums aizv\u0113rtam:<\/strong><\/td>\n<td style=\"font-family: inherit;font-size: 14px;margin: 0px;padding: 8px;border-width: 1px 0px 0px;border-top-style: solid;border-right-style: initial;border-bottom-style: initial;border-left-style: initial;border-top-color: #dddddd;border-right-color: initial;border-bottom-color: initial;border-left-color: initial;font-style: inherit;font-variant: inherit;line-height: 1.5;vertical-align: middle\">11.5 cm<\/td>\n<\/tr>\n<tr style=\"margin: 0px;padding: 0px;border: 0px;font-style: inherit;font-variant: inherit;font-weight: inherit;line-height: inherit;font-family: inherit;vertical-align: baseline;width: 768.344px\">\n<td style=\"font-family: inherit;font-size: 14px;margin: 0px;padding: 8px;border-width: 1px 0px 0px;border-top-style: solid;border-right-style: initial;border-bottom-style: initial;border-left-style: initial;border-top-color: #dddddd;border-right-color: initial;border-bottom-color: initial;border-left-color: initial;font-style: inherit;font-variant: inherit;line-height: 1.5;vertical-align: middle;background: transparent\"><strong style=\"margin: 0px;padding: 0px;border: 0px;font-style: inherit;font-variant: inherit;line-height: inherit;font-family: inherit;vertical-align: baseline\">Garums atv\u0113rtam:<\/strong><\/td>\n<td style=\"font-family: inherit;font-size: 14px;margin: 0px;padding: 8px;border-width: 1px 0px 0px;border-top-style: solid;border-right-style: initial;border-bottom-style: initial;border-left-style: initial;border-top-color: #dddddd;border-right-color: initial;border-bottom-color: initial;border-left-color: initial;font-style: inherit;font-variant: inherit;line-height: 1.5;vertical-align: middle\">16.7 cm<\/td>\n<\/tr>\n<tr style=\"margin: 0px;padding: 0px;border: 0px;font-style: inherit;font-variant: inherit;font-weight: inherit;line-height: inherit;font-family: inherit;vertical-align: baseline;width: 768.344px;background: #f2f2fc\">\n<td style=\"font-family: inherit;font-size: 14px;margin: 0px;padding: 8px;border-width: 1px 0px 0px;border-top-style: solid;border-right-style: initial;border-bottom-style: initial;border-left-style: initial;border-top-color: #dddddd;border-right-color: initial;border-bottom-color: initial;border-left-color: initial;font-style: inherit;font-variant: inherit;line-height: 1.5;vertical-align: middle;background: transparent\"><strong style=\"margin: 0px;padding: 0px;border: 0px;font-style: inherit;font-variant: inherit;line-height: inherit;font-family: inherit;vertical-align: baseline\">Svars:<\/strong><\/td>\n<td style=\"font-family: inherit;font-size: 14px;margin: 0px;padding: 8px;border-width: 1px 0px 0px;border-top-style: solid;border-right-style: initial;border-bottom-style: initial;border-left-style: initial;border-top-color: #dddddd;border-right-color: initial;border-bottom-color: initial;border-left-color: initial;font-style: inherit;font-variant: inherit;line-height: 1.5;vertical-align: middle\">281 g<\/td>\n<\/tr>\n<tr style=\"margin: 0px;padding: 0px;border: 0px;font-style: inherit;font-variant: inherit;font-weight: inherit;line-height: inherit;font-family: inherit;vertical-align: baseline;width: 768.344px\">\n<td style=\"font-family: inherit;font-size: 14px;margin: 0px;padding: 8px;border-width: 1px 0px 0px;border-top-style: solid;border-right-style: initial;border-bottom-style: initial;border-left-style: initial;border-top-color: #dddddd;border-right-color: initial;border-bottom-color: initial;border-left-color: initial;font-style: inherit;font-variant: inherit;line-height: 1.5;vertical-align: middle;background: transparent\"><strong style=\"margin: 0px;padding: 0px;border: 0px;font-style: inherit;font-variant: inherit;line-height: inherit;font-family: inherit;vertical-align: baseline\">Asmens:<\/strong><\/td>\n<td style=\"font-family: inherit;font-size: 14px;margin: 0px;padding: 8px;border-width: 1px 0px 0px;border-top-style: solid;border-right-style: initial;border-bottom-style: initial;border-left-style: initial;border-top-color: #dddddd;border-right-color: initial;border-bottom-color: initial;border-left-color: initial;font-style: inherit;font-variant: inherit;line-height: 1.5;vertical-align: middle\">6 cm<\/td>\n<\/tr>\n<tr style=\"margin: 0px;padding: 0px;border: 0px;font-style: inherit;font-variant: inherit;font-weight: inherit;line-height: inherit;font-family: inherit;vertical-align: baseline;width: 768.344px;background: #f2f2fc\">\n<td style=\"font-family: inherit;font-size: 14px;margin: 0px;padding: 8px;border-width: 1px 0px 0px;border-top-style: solid;border-right-style: initial;border-bottom-style: initial;border-left-style: initial;border-top-color: #dddddd;border-right-color: initial;border-bottom-color: initial;border-left-color: initial;font-style: inherit;font-variant: inherit;line-height: 1.5;vertical-align: middle;background: transparent\"><strong style=\"margin: 0px;padding: 0px;border: 0px;font-style: inherit;font-variant: inherit;line-height: inherit;font-family: inherit;vertical-align: baseline\">Materi\u0101ls:<\/strong><\/td>\n<td style=\"font-family: inherit;font-size: 14px;margin: 0px;padding: 8px;border-width: 1px 0px 0px;border-top-style: solid;border-right-style: initial;border-bottom-style: initial;border-left-style: initial;border-top-color: #dddddd;border-right-color: initial;border-bottom-color: initial;border-left-color: initial;font-style: inherit;font-variant: inherit;line-height: 1.5;vertical-align: middle\">420HC Stainless Steel, 154CM Stainless Steel, Black Oxide<\/td>\n<\/tr>\n<\/tbody>\n<\/table>\n<h4 style=\"font-size: 20px;margin: 12px 0px;padding: 0px;border: 0px;line-height: 1.2;font-family: Rubik, sans-serif;vertical-align: baseline;color: #1358a6;text-transform: uppercase;letter-spacing: -0.3px\">Instrumenti:<\/h4>\n<ol style=\"margin: 0px 0px 12px;padding: 0px 0px 0px 15px;border: 0px;line-height: inherit;font-family: Ubuntu, sans-serif;font-size: 14px;vertical-align: baseline;color: #222222;letter-spacing: -0.3px\">\n<li style=\"margin: 0px;padding: 0px;border: 0px;font-style: inherit;font-variant: inherit;font-weight: inherit;line-height: inherit;font-family: inherit;vertical-align: baseline\"><span class=\"tlid-translation translation\" style=\"margin: 0px;padding: 0px;border: 0px;font-style: inherit;font-variant: inherit;font-weight: inherit;line-height: inherit;font-family: inherit;vertical-align: baseline\" lang=\"lv\" xml:lang=\"lv\">Knaibles ar spiciem galiem (ar atsperi)<\/span><\/li>\n<li style=\"margin: 0px;padding: 0px;border: 0px;font-style: inherit;font-variant: inherit;font-weight: inherit;line-height: inherit;font-family: inherit;vertical-align: baseline\"><span class=\"tlid-translation translation\" style=\"margin: 0px;padding: 0px;border: 0px;font-style: inherit;font-variant: inherit;font-weight: inherit;line-height: inherit;font-family: inherit;vertical-align: baseline\" lang=\"lv\" xml:lang=\"lv\">Plakanknaibles (ar atsperi)<\/span><\/li>\n<li style=\"margin: 0px;padding: 0px;border: 0px;font-style: inherit;font-variant: inherit;font-weight: inherit;line-height: inherit;font-family: inherit;vertical-align: baseline\"><span class=\"tlid-translation translation\" style=\"margin: 0px;padding: 0px;border: 0px;font-style: inherit;font-variant: inherit;font-weight: inherit;line-height: inherit;font-family: inherit;vertical-align: baseline\" lang=\"lv\" xml:lang=\"lv\">Cieto vadu knaibles (ar atsperi)<\/span><\/li>\n<li style=\"margin: 0px;padding: 0px;border: 0px;font-style: inherit;font-variant: inherit;font-weight: inherit;line-height: inherit;font-family: inherit;vertical-align: baseline\"><span class=\"tlid-translation translation\" style=\"margin: 0px;padding: 0px;border: 0px;font-style: inherit;font-variant: inherit;font-weight: inherit;line-height: inherit;font-family: inherit;vertical-align: baseline\" lang=\"lv\" xml:lang=\"lv\">M\u012bksto vadu knaibles (ar atsperi)<\/span><\/li>\n<li style=\"margin: 0px;padding: 0px;border: 0px;font-style: inherit;font-variant: inherit;font-weight: inherit;line-height: inherit;font-family: inherit;vertical-align: baseline\"><span class=\"tlid-translation translation\" style=\"margin: 0px;padding: 0px;border: 0px;font-style: inherit;font-variant: inherit;font-weight: inherit;line-height: inherit;font-family: inherit;vertical-align: baseline\" lang=\"lv\" xml:lang=\"lv\">420HC nazis<\/span><\/li>\n<li style=\"margin: 0px;padding: 0px;border: 0px;font-style: inherit;font-variant: inherit;font-weight: inherit;line-height: inherit;font-family: inherit;vertical-align: baseline\"><span class=\"tlid-translation translation\" style=\"margin: 0px;padding: 0px;border: 0px;font-style: inherit;font-variant: inherit;font-weight: inherit;line-height: inherit;font-family: inherit;vertical-align: baseline\" lang=\"lv\" xml:lang=\"lv\">420HC robots nazis<\/span><\/li>\n<li style=\"margin: 0px;padding: 0px;border: 0px;font-style: inherit;font-variant: inherit;font-weight: inherit;line-height: inherit;font-family: inherit;vertical-align: baseline\"><span class=\"tlid-translation translation\" style=\"margin: 0px;padding: 0px;border: 0px;font-style: inherit;font-variant: inherit;font-weight: inherit;line-height: inherit;font-family: inherit;vertical-align: baseline\" lang=\"lv\" xml:lang=\"lv\">Z\u0101\u0123is<\/span><\/li>\n<li style=\"margin: 0px;padding: 0px;border: 0px;font-style: inherit;font-variant: inherit;font-weight: inherit;line-height: inherit;font-family: inherit;vertical-align: baseline\"><span class=\"tlid-translation translation\" style=\"margin: 0px;padding: 0px;border: 0px;font-style: inherit;font-variant: inherit;font-weight: inherit;line-height: inherit;font-family: inherit;vertical-align: baseline\" lang=\"lv\" xml:lang=\"lv\">Dro&scaron;\u012bbas jostas griez\u0113js<\/span><\/li>\n<li style=\"margin: 0px;padding: 0px;border: 0px;font-style: inherit;font-variant: inherit;font-weight: inherit;line-height: inherit;font-family: inherit;vertical-align: baseline\"><span class=\"tlid-translation translation\" style=\"margin: 0px;padding: 0px;border: 0px;font-style: inherit;font-variant: inherit;font-weight: inherit;line-height: inherit;font-family: inherit;vertical-align: baseline\" lang=\"lv\" xml:lang=\"lv\">#8-32 T\u012br\u012b&scaron;anas stie\u0146a\/sukas adapteris<\/span><\/li>\n<li style=\"margin: 0px;padding: 0px;border: 0px;font-style: inherit;font-variant: inherit;font-weight: inherit;line-height: inherit;font-family: inherit;vertical-align: baseline\"><span class=\"tlid-translation translation\" style=\"margin: 0px;padding: 0px;border: 0px;font-style: inherit;font-variant: inherit;font-weight: inherit;line-height: inherit;font-family: inherit;vertical-align: baseline\" lang=\"lv\" xml:lang=\"lv\">Konservu attais\u0101mais<\/span><\/li>\n<li style=\"margin: 0px;padding: 0px;border: 0px;font-style: inherit;font-variant: inherit;font-weight: inherit;line-height: inherit;font-family: inherit;vertical-align: baseline\"><span class=\"tlid-translation translation\" style=\"margin: 0px;padding: 0px;border: 0px;font-style: inherit;font-variant: inherit;font-weight: inherit;line-height: inherit;font-family: inherit;vertical-align: baseline\" lang=\"lv\" xml:lang=\"lv\">Pude\u013cu attais\u0101mais<\/span><\/li>\n<li style=\"margin: 0px;padding: 0px;border: 0px;font-style: inherit;font-variant: inherit;font-weight: inherit;line-height: inherit;font-family: inherit;vertical-align: baseline\"><span class=\"tlid-translation translation\" style=\"margin: 0px;padding: 0px;border: 0px;font-style: inherit;font-variant: inherit;font-weight: inherit;line-height: inherit;font-family: inherit;vertical-align: baseline\" lang=\"lv\" xml:lang=\"lv\">Sk\u0101bek\u013ca balona uzgrie\u017e\u0146u atsl\u0113ga<\/span><\/li>\n<li style=\"margin: 0px;padding: 0px;border: 0px;font-style: inherit;font-variant: inherit;font-weight: inherit;line-height: inherit;font-family: inherit;vertical-align: baseline\"><span class=\"tlid-translation translation\" style=\"margin: 0px;padding: 0px;border: 0px;font-style: inherit;font-variant: inherit;font-weight: inherit;line-height: inherit;font-family: inherit;vertical-align: baseline\" lang=\"lv\" xml:lang=\"lv\">(+) skr\u016bvgriezis<\/span><\/li>\n<li style=\"margin: 0px;padding: 0px;border: 0px;font-style: inherit;font-variant: inherit;font-weight: inherit;line-height: inherit;font-family: inherit;vertical-align: baseline\"><span class=\"tlid-translation translation\" style=\"margin: 0px;padding: 0px;border: 0px;font-style: inherit;font-variant: inherit;font-weight: inherit;line-height: inherit;font-family: inherit;vertical-align: baseline\" lang=\"lv\" xml:lang=\"lv\">(-) Liels skr\u016bvgriezis<\/span><\/li>\n<li style=\"margin: 0px;padding: 0px;border: 0px;font-style: inherit;font-variant: inherit;font-weight: inherit;line-height: inherit;font-family: inherit;vertical-align: baseline\"><span class=\"tlid-translation translation\" style=\"margin: 0px;padding: 0px;border: 0px;font-style: inherit;font-variant: inherit;font-weight: inherit;line-height: inherit;font-family: inherit;vertical-align: baseline\" lang=\"lv\" xml:lang=\"lv\">(-) Vid\u0113js skr\u016bvgriezis<\/span><\/li>\n<li style=\"margin: 0px;padding: 0px;border: 0px;font-style: inherit;font-variant: inherit;font-weight: inherit;line-height: inherit;font-family: inherit;vertical-align: baseline\"><span class=\"tlid-translation translation\" style=\"margin: 0px;padding: 0px;border: 0px;font-style: inherit;font-variant: inherit;font-weight: inherit;line-height: inherit;font-family: inherit;vertical-align: baseline\" lang=\"lv\" xml:lang=\"lv\">(-) Mazs skr\u016bvgriezis<\/span><\/li>\n<\/ol>\n<ol style=\"margin: 0px 0px 12px;padding: 0px 0px 0px 15px;border: 0px;line-height: inherit;font-family: Ubuntu, sans-serif;font-size: 14px;vertical-align: baseline;color: #222222;letter-spacing: -0.3px\"> <\/ol>\n<ol style=\"margin: 0px 0px 12px;padding: 0px 0px 0px 15px;border: 0px;line-height: inherit;font-family: Ubuntu, sans-serif;font-size: 14px;vertical-align: baseline;color: #222222;letter-spacing: -0.3px\"> <\/ol>\n","protected":false},"excerpt":{"rendered":"<p>Leatherman OHT 100% ar vienu roku darbin\u0101ms multi-instruments. Papildus pluss ir ar\u012b knaibles ar atsperi. Vizu\u0101li uzskat\u0101mi z\u012bm\u0113jumi uz rokturiem, \u013cauj viegl\u0101k identific\u0113t vajadz\u012bg\u0101 instrumenta atra&scaron;an\u0101s vietu. Auto dro&scaron;\u012bbas jostas p\u0101rgriez\u0113js un pat uzgrie\u017e\u0146atsl\u0113ga sk\u0101bek\u013ca baloniem. Specifik\u0101cija: Garums aizv\u0113rtam: 11.5 cm Garums atv\u0113rtam: 16.7 cm Svars: 281 g Asmens: 6 cm Materi\u0101ls: 420HC Stainless Steel, [&hellip;]<\/p>\n","protected":false},"featured_media":75770,"template":"","meta":[],"product_brand":[3407],"product_cat":[4558,4571,4734],"product_tag":[],"class_list":{"0":"post-80636","1":"product","2":"type-product","3":"status-publish","4":"has-post-thumbnail","6":"product_brand-leatherman","7":"product_cat-for-tourism-recreation","8":"product_cat-dishes-knives-folding-tables-for-tourism-recreation","9":"product_cat-swiss-knives-dishes-knives-folding-tables-for-tourism-recreation","11":"first","12":"instock","13":"shipping-taxable","14":"purchasable","15":"product-type-simple"},"_links":{"self":[{"href":"https:\/\/sezona.lv\/en\/wp-json\/wp\/v2\/product\/80636","targetHints":{"allow":["GET"]}}],"collection":[{"href":"https:\/\/sezona.lv\/en\/wp-json\/wp\/v2\/product"}],"about":[{"href":"https:\/\/sezona.lv\/en\/wp-json\/wp\/v2\/types\/product"}],"wp:featuredmedia":[{"embeddable":true,"href":"https:\/\/sezona.lv\/en\/wp-json\/wp\/v2\/media\/75770"}],"wp:attachment":[{"href":"https:\/\/sezona.lv\/en\/wp-json\/wp\/v2\/media?parent=80636"}],"wp:term":[{"taxonomy":"product_brand","embeddable":true,"href":"https:\/\/sezona.lv\/en\/wp-json\/wp\/v2\/product_brand?post=80636"},{"taxonomy":"product_cat","embeddable":true,"href":"https:\/\/sezona.lv\/en\/wp-json\/wp\/v2\/product_cat?post=80636"},{"taxonomy":"product_tag","embeddable":true,"href":"https:\/\/sezona.lv\/en\/wp-json\/wp\/v2\/product_tag?post=80636"}],"curies":[{"name":"wp","href":"https:\/\/api.w.org\/{rel}","templated":true}]}}