{"id":80637,"date":"2025-07-11T17:32:11","date_gmt":"2025-07-11T14:32:11","guid":{"rendered":"https:\/\/demo8.ecube.lv\/sezona.lv\/products\/leatherman-multitool-signal\/"},"modified":"2025-07-14T16:01:15","modified_gmt":"2025-07-14T13:01:15","slug":"leatherman-multitool-signal","status":"publish","type":"product","link":"https:\/\/sezona.lv\/en\/products\/leatherman-multitool-signal\/","title":{"rendered":"Leatherman Multitool SIGNAL"},"content":{"rendered":"<p><span class=\"tlid-translation translation\" style=\"margin: 0px;padding: 0px;border: 0px;line-height: inherit;font-family: Ubuntu, sans-serif;font-size: 14px;vertical-align: baseline;color: #222222;letter-spacing: -0.3px\" lang=\"lv\" xml:lang=\"lv\">Daudzfunkcion\u0101ls instruments, kas paredz\u0113ts piedz\u012bvojumiem &#8211;&nbsp; krams, \u0101murs, svilpe un na\u017ea asmens, aks atv\u0101\u017eams ar vienu roku.<\/span><\/p>\n<h4 style=\"margin: 12px 0px;padding: 0px;border: 0px;line-height: 1.2;font-family: Rubik, sans-serif;font-size: 20px;vertical-align: baseline;color: #1358a6;text-transform: uppercase;letter-spacing: -0.3px\">Specifik\u0101cija:<\/h4>\n<table style=\"margin: 0px 0px 24px;padding: 0px;border: 0px;line-height: inherit;font-family: Ubuntu, sans-serif;font-size: 14px;vertical-align: baseline;border-collapse: collapse;border-spacing: 0px;background-color: transparent;width: 768.344px;max-width: 100%;color: #222222;letter-spacing: -0.3px;height: 99px\" border=\"0\" width=\"567\">\n<tbody style=\"margin: 0px;padding: 0px;border: 0px;font-style: inherit;font-variant: inherit;font-weight: inherit;line-height: inherit;font-family: inherit;vertical-align: baseline\">\n<tr style=\"margin: 0px;padding: 0px;border: 0px;font-style: inherit;font-variant: inherit;font-weight: inherit;line-height: inherit;font-family: inherit;vertical-align: baseline;width: 768.344px;background: #f2f2fc\">\n<td style=\"margin: 0px;padding: 8px;border-width: 1px 0px 0px;border-top-style: solid;border-right-style: initial;border-bottom-style: initial;border-left-style: initial;border-top-color: #dddddd;border-right-color: initial;border-bottom-color: initial;border-left-color: initial;font-style: inherit;font-variant: inherit;line-height: 1.5;font-family: inherit;font-size: 14px;vertical-align: middle;background: transparent\"><strong style=\"margin: 0px;padding: 0px;border: 0px;font-style: inherit;font-variant: inherit;line-height: inherit;font-family: inherit;vertical-align: baseline\">Garums aizv\u0113rtam:<\/strong><\/td>\n<td style=\"margin: 0px;padding: 8px;border-width: 1px 0px 0px;border-top-style: solid;border-right-style: initial;border-bottom-style: initial;border-left-style: initial;border-top-color: #dddddd;border-right-color: initial;border-bottom-color: initial;border-left-color: initial;font-style: inherit;font-variant: inherit;line-height: 1.5;font-family: inherit;font-size: 14px;vertical-align: middle\">11.4 cm<\/td>\n<\/tr>\n<tr style=\"margin: 0px;padding: 0px;border: 0px;font-style: inherit;font-variant: inherit;font-weight: inherit;line-height: inherit;font-family: inherit;vertical-align: baseline;width: 768.344px\">\n<td style=\"margin: 0px;padding: 8px;border-width: 1px 0px 0px;border-top-style: solid;border-right-style: initial;border-bottom-style: initial;border-left-style: initial;border-top-color: #dddddd;border-right-color: initial;border-bottom-color: initial;border-left-color: initial;font-style: inherit;font-variant: inherit;line-height: 1.5;font-family: inherit;font-size: 14px;vertical-align: middle;background: transparent\"><strong style=\"margin: 0px;padding: 0px;border: 0px;font-style: inherit;font-variant: inherit;line-height: inherit;font-family: inherit;vertical-align: baseline\">Svars:<\/strong><\/td>\n<td style=\"margin: 0px;padding: 8px;border-width: 1px 0px 0px;border-top-style: solid;border-right-style: initial;border-bottom-style: initial;border-left-style: initial;border-top-color: #dddddd;border-right-color: initial;border-bottom-color: initial;border-left-color: initial;font-style: inherit;font-variant: inherit;line-height: 1.5;font-family: inherit;font-size: 14px;vertical-align: middle\">212.6 g<\/td>\n<\/tr>\n<tr style=\"margin: 0px;padding: 0px;border: 0px;font-style: inherit;font-variant: inherit;font-weight: inherit;line-height: inherit;font-family: inherit;vertical-align: baseline;width: 768.344px;background: #f2f2fc\">\n<td style=\"margin: 0px;padding: 8px;border-width: 1px 0px 0px;border-top-style: solid;border-right-style: initial;border-bottom-style: initial;border-left-style: initial;border-top-color: #dddddd;border-right-color: initial;border-bottom-color: initial;border-left-color: initial;font-style: inherit;font-variant: inherit;line-height: 1.5;font-family: inherit;font-size: 14px;vertical-align: middle;background: transparent\"><strong style=\"margin: 0px;padding: 0px;border: 0px;font-style: inherit;font-variant: inherit;line-height: inherit;font-family: inherit;vertical-align: baseline\">Asmens:<\/strong><\/td>\n<td style=\"margin: 0px;padding: 8px;border-width: 1px 0px 0px;border-top-style: solid;border-right-style: initial;border-bottom-style: initial;border-left-style: initial;border-top-color: #dddddd;border-right-color: initial;border-bottom-color: initial;border-left-color: initial;font-style: inherit;font-variant: inherit;line-height: 1.5;font-family: inherit;font-size: 14px;vertical-align: middle\">6.93 cm<\/td>\n<\/tr>\n<tr style=\"margin: 0px;padding: 0px;border: 0px;font-style: inherit;font-variant: inherit;font-weight: inherit;line-height: inherit;font-family: inherit;vertical-align: baseline;width: 768.344px\">\n<td style=\"margin: 0px;padding: 8px;border-width: 1px 0px 0px;border-top-style: solid;border-right-style: initial;border-bottom-style: initial;border-left-style: initial;border-top-color: #dddddd;border-right-color: initial;border-bottom-color: initial;border-left-color: initial;font-style: inherit;font-variant: inherit;line-height: 1.5;font-family: inherit;font-size: 14px;vertical-align: middle;background: transparent\"><strong style=\"margin: 0px;padding: 0px;border: 0px;font-style: inherit;font-variant: inherit;line-height: inherit;font-family: inherit;vertical-align: baseline\">Materi\u0101ls:<\/strong><\/td>\n<td style=\"margin: 0px;padding: 8px;border-width: 1px 0px 0px;border-top-style: solid;border-right-style: initial;border-bottom-style: initial;border-left-style: initial;border-top-color: #dddddd;border-right-color: initial;border-bottom-color: initial;border-left-color: initial;font-style: inherit;font-variant: inherit;line-height: 1.5;font-family: inherit;font-size: 14px;vertical-align: middle\">420HC Stainless Steel, DLC Coating<\/td>\n<\/tr>\n<tr style=\"margin: 0px;padding: 0px;border: 0px;font-style: inherit;font-variant: inherit;font-weight: inherit;line-height: inherit;font-family: inherit;vertical-align: baseline;width: 768.344px;background: #f2f2fc\">\n<td style=\"margin: 0px;padding: 8px;border-width: 1px 0px 0px;border-top-style: solid;border-right-style: initial;border-bottom-style: initial;border-left-style: initial;border-top-color: #dddddd;border-right-color: initial;border-bottom-color: initial;border-left-color: initial;font-style: inherit;font-variant: inherit;line-height: 1.5;font-family: inherit;font-size: 14px;vertical-align: middle;background: transparent\"><strong style=\"margin: 0px;padding: 0px;border: 0px;font-style: inherit;font-variant: inherit;line-height: inherit;font-family: inherit;vertical-align: baseline\">Komplekt\u0101cij\u0101:<\/strong><\/td>\n<td style=\"margin: 0px;padding: 8px;border-width: 1px 0px 0px;border-top-style: solid;border-right-style: initial;border-bottom-style: initial;border-left-style: initial;border-top-color: #dddddd;border-right-color: initial;border-bottom-color: initial;border-left-color: initial;font-style: inherit;font-variant: inherit;line-height: 1.5;font-family: inherit;font-size: 14px;vertical-align: middle\">maci\u0146&scaron;<\/td>\n<\/tr>\n<\/tbody>\n<\/table>\n<h4 style=\"margin: 12px 0px;padding: 0px;border: 0px;line-height: 1.2;font-family: Rubik, sans-serif;font-size: 20px;vertical-align: baseline;color: #1358a6;text-transform: uppercase;letter-spacing: -0.3px\">Instrumenti:<\/h4>\n<ol style=\"margin: 0px 0px 12px;padding: 0px 0px 0px 15px;border: 0px;line-height: inherit;font-family: Ubuntu, sans-serif;font-size: 14px;vertical-align: baseline;color: #222222;letter-spacing: -0.3px\">\n<li style=\"margin: 0px;padding: 0px;border: 0px;font-style: inherit;font-variant: inherit;font-weight: inherit;line-height: inherit;font-family: inherit;vertical-align: baseline\">Knaibles ar spiciem galiem<\/li>\n<li style=\"margin: 0px;padding: 0px;border: 0px;font-style: inherit;font-variant: inherit;font-weight: inherit;line-height: inherit;font-family: inherit;vertical-align: baseline\">Standarta knaibles<\/li>\n<li style=\"margin: 0px;padding: 0px;border: 0px;font-style: inherit;font-variant: inherit;font-weight: inherit;line-height: inherit;font-family: inherit;vertical-align: baseline\">Premium kvalit\u0101tes, main\u0101mas vadu knaibl\u012btes<\/li>\n<li style=\"margin: 0px;padding: 0px;border: 0px;font-style: inherit;font-variant: inherit;font-weight: inherit;line-height: inherit;font-family: inherit;vertical-align: baseline\">Premium kvalit\u0101tes, main\u0101mas cieto vadu knaibl\u012btes<\/li>\n<li style=\"margin: 0px;padding: 0px;border: 0px;font-style: inherit;font-variant: inherit;font-weight: inherit;line-height: inherit;font-family: inherit;vertical-align: baseline\">Vadu apvalka no\u0146\u0113m\u0113js<\/li>\n<li style=\"margin: 0px;padding: 0px;border: 0px;font-style: inherit;font-variant: inherit;font-weight: inherit;line-height: inherit;font-family: inherit;vertical-align: baseline\">420HC Combo nazis<\/li>\n<li style=\"margin: 0px;padding: 0px;border: 0px;font-style: inherit;font-variant: inherit;font-weight: inherit;line-height: inherit;font-family: inherit;vertical-align: baseline\">Z\u0101\u0123is<\/li>\n<li style=\"margin: 0px;padding: 0px;border: 0px;font-style: inherit;font-variant: inherit;font-weight: inherit;line-height: inherit;font-family: inherit;vertical-align: baseline\">\u0100murs<\/li>\n<li style=\"margin: 0px;padding: 0px;border: 0px;font-style: inherit;font-variant: inherit;font-weight: inherit;line-height: inherit;font-family: inherit;vertical-align: baseline\">\u012al\u0113ns ar caurumu<\/li>\n<li style=\"margin: 0px;padding: 0px;border: 0px;font-style: inherit;font-variant: inherit;font-weight: inherit;line-height: inherit;font-family: inherit;vertical-align: baseline\">Konservu attais\u0101mais<\/li>\n<li style=\"margin: 0px;padding: 0px;border: 0px;font-style: inherit;font-variant: inherit;font-weight: inherit;line-height: inherit;font-family: inherit;vertical-align: baseline\">Pude\u013cu attais\u0101mais<\/li>\n<li style=\"margin: 0px;padding: 0px;border: 0px;font-style: inherit;font-variant: inherit;font-weight: inherit;line-height: inherit;font-family: inherit;vertical-align: baseline\">1\/4 se&scaron;kantis<\/li>\n<li style=\"margin: 0px;padding: 0px;border: 0px;font-style: inherit;font-variant: inherit;font-weight: inherit;line-height: inherit;font-family: inherit;vertical-align: baseline\">Skr\u016bvgriezis<\/li>\n<li style=\"margin: 0px;padding: 0px;border: 0px;font-style: inherit;font-variant: inherit;font-weight: inherit;line-height: inherit;font-family: inherit;vertical-align: baseline\">Karab\u012bne<\/li>\n<li style=\"margin: 0px;padding: 0px;border: 0px;font-style: inherit;font-variant: inherit;font-weight: inherit;line-height: inherit;font-family: inherit;vertical-align: baseline\">Svilpe<\/li>\n<li style=\"margin: 0px;padding: 0px;border: 0px;font-style: inherit;font-variant: inherit;font-weight: inherit;line-height: inherit;font-family: inherit;vertical-align: baseline\">Krams<\/li>\n<li style=\"margin: 0px;padding: 0px;border: 0px;font-style: inherit;font-variant: inherit;font-weight: inherit;line-height: inherit;font-family: inherit;vertical-align: baseline\">V\u012ble ar dimanta p\u0101rkl\u0101jumu<\/li>\n<\/ol>\n<ol style=\"margin: 0px 0px 12px;padding: 0px 0px 0px 15px;border: 0px;line-height: inherit;font-family: Ubuntu, sans-serif;font-size: 14px;vertical-align: baseline;color: #222222;letter-spacing: -0.3px\"> <\/ol>\n<ol style=\"margin: 0px 0px 12px;padding: 0px 0px 0px 15px;border: 0px;line-height: inherit;font-family: Ubuntu, sans-serif;font-size: 14px;vertical-align: baseline;color: #222222;letter-spacing: -0.3px\"> <\/ol>\n<ol style=\"margin: 0px 0px 12px;padding: 0px 0px 0px 15px;border: 0px;line-height: inherit;font-family: Ubuntu, sans-serif;font-size: 14px;vertical-align: baseline;color: #222222;letter-spacing: -0.3px\"> <\/ol>\n","protected":false},"excerpt":{"rendered":"<p>Daudzfunkcion\u0101ls instruments, kas paredz\u0113ts piedz\u012bvojumiem &#8211;&nbsp; krams, \u0101murs, svilpe un na\u017ea asmens, aks atv\u0101\u017eams ar vienu roku. Specifik\u0101cija: Garums aizv\u0113rtam: 11.4 cm Svars: 212.6 g Asmens: 6.93 cm Materi\u0101ls: 420HC Stainless Steel, DLC Coating Komplekt\u0101cij\u0101: maci\u0146&scaron; Instrumenti: Knaibles ar spiciem galiem Standarta knaibles Premium kvalit\u0101tes, main\u0101mas vadu knaibl\u012btes Premium kvalit\u0101tes, main\u0101mas cieto vadu knaibl\u012btes Vadu [&hellip;]<\/p>\n","protected":false},"featured_media":75773,"template":"","meta":[],"product_brand":[3407],"product_cat":[4558,4571,4734],"product_tag":[],"class_list":{"0":"post-80637","1":"product","2":"type-product","3":"status-publish","4":"has-post-thumbnail","6":"product_brand-leatherman","7":"product_cat-for-tourism-recreation","8":"product_cat-dishes-knives-folding-tables-for-tourism-recreation","9":"product_cat-swiss-knives-dishes-knives-folding-tables-for-tourism-recreation","11":"first","12":"instock","13":"shipping-taxable","14":"purchasable","15":"product-type-simple"},"_links":{"self":[{"href":"https:\/\/sezona.lv\/en\/wp-json\/wp\/v2\/product\/80637","targetHints":{"allow":["GET"]}}],"collection":[{"href":"https:\/\/sezona.lv\/en\/wp-json\/wp\/v2\/product"}],"about":[{"href":"https:\/\/sezona.lv\/en\/wp-json\/wp\/v2\/types\/product"}],"wp:featuredmedia":[{"embeddable":true,"href":"https:\/\/sezona.lv\/en\/wp-json\/wp\/v2\/media\/75773"}],"wp:attachment":[{"href":"https:\/\/sezona.lv\/en\/wp-json\/wp\/v2\/media?parent=80637"}],"wp:term":[{"taxonomy":"product_brand","embeddable":true,"href":"https:\/\/sezona.lv\/en\/wp-json\/wp\/v2\/product_brand?post=80637"},{"taxonomy":"product_cat","embeddable":true,"href":"https:\/\/sezona.lv\/en\/wp-json\/wp\/v2\/product_cat?post=80637"},{"taxonomy":"product_tag","embeddable":true,"href":"https:\/\/sezona.lv\/en\/wp-json\/wp\/v2\/product_tag?post=80637"}],"curies":[{"name":"wp","href":"https:\/\/api.w.org\/{rel}","templated":true}]}}