{"id":80638,"date":"2025-07-14T16:01:17","date_gmt":"2025-07-14T13:01:17","guid":{"rendered":"https:\/\/demo8.ecube.lv\/sezona.lv\/products\/feeder-concept-vissezonas-kostims-storm\/"},"modified":"2025-07-14T16:01:17","modified_gmt":"2025-07-14T13:01:17","slug":"feeder-concept-vissezonas-kostims-storm","status":"publish","type":"product","link":"https:\/\/sezona.lv\/en\/products\/feeder-concept-vissezonas-kostims-storm\/","title":{"rendered":"Feeder Concept vissezonas kost\u012bms STORM"},"content":{"rendered":"<p><span style=\"font-size: 19px;text-align: justify\"><span style=\"font-family: mceinline\">\u016adensiztur\u012bgs &#8220;elpojo&scaron;s&#8221; kost\u012bms &#8211; viegls un kompakts salikt\u0101 veid\u0101. Sieti\u0146veida odere nodro&scaron;ina lab\u0101ku gaisa apmai\u0146u. Kost\u012bmam ir \u013coti \u0113rta piegrieztne.<\/span><\/span><\/p>\n<dl style=\"margin-top: 0px;margin-bottom: 20px;font-size: 19px;text-align: justify\">\n<dt style=\"line-height: 1.42857;font-weight: 700\"><span style=\"font-family: mceinline\">JAKA:<\/span><\/dt>\n<li><span style=\"font-family: mceinline\">\u016adensnecaurlaid\u012bgs priek&scaron;\u0113jais r\u0101v\u0113jsl\u0113dz\u0113js<\/span><\/li>\n<li><span style=\"font-family: mceinline\">Kapuce ar fiksatoru un regul\u0113jamu apjomu<\/span><\/li>\n<li><span style=\"font-family: mceinline\">Divas s\u0101nu kabatas ar r\u0101v\u0113jsl\u0113dz\u0113ju<\/span><\/li>\n<li><span style=\"font-family: mceinline\">Kr\u016b&scaron;u kabata ar r\u0101v\u0113jsl\u0113dz\u0113ju<\/span><\/li>\n<li><span style=\"font-family: mceinline\">Neilona odere<\/span><\/li>\n<li><span style=\"font-family: mceinline\">Savelkama jakas lejasda\u013ca<\/span><\/li>\n<li><span style=\"font-family: mceinline\">Regul\u0113jamas Velcro man\u017eetes<\/span><\/li>\n<\/dl>\n<dt style=\"line-height: 1.42857;font-weight: 700;font-size: 19px;text-align: justify\"><span style=\"font-family: mceinline\">BIKSES:<\/span><\/dt>\n<li style=\"font-size: 19px\"><span style=\"font-family: mceinline\">Regul\u0113jamas, elast\u012bgas plecu lences<\/span><\/li>\n<li style=\"font-size: 19px\"><span style=\"font-family: mceinline\">Elast\u012bga josta<\/span><\/li>\n<li style=\"font-size: 19px\"><span style=\"font-family: mceinline\">Neilona odere<\/span><\/li>\n<li style=\"font-size: 19px\"><span style=\"font-family: mceinline\">R\u0101v\u0113jsl\u0113dz\u0113js ar atloku<\/span><\/li>\n<li style=\"font-size: 19px\"><span style=\"font-family: mceinline\">Divas s\u0101nu kabatas bez r\u0101v\u0113jsl\u0113dz\u0113jiem<\/span><\/li>\n<li style=\"font-size: 19px\"><span style=\"font-family: mceinline\">Regul\u0113jams gurnu apjoms<\/span><\/li>\n<li style=\"font-size: 19px\"><span style=\"font-family: mceinline\">Bik&scaron;u gali ar r\u0101v\u0113jsl\u0113dz\u0113ju<\/span>\n<dl style=\"margin-top: 0px;margin-bottom: 20px\">\n<dt style=\"line-height: 1.42857;font-weight: 700\"><span style=\"font-family: mceinline\">MATERI\u0100LS:<\/span><\/dt>\n<li><span style=\"font-family: mceinline\">NORTEX BREATHABLE<\/span><\/li>\n<li><span style=\"font-family: mceinline\">Mitrumiztur\u012bba: 8 000 mm<\/span><\/li>\n<li><span style=\"font-family: mceinline\">Elpotsp\u0113ja: 5 000 g\/m&sup2;\/24h<\/span><\/li>\n<\/dl>\n<\/li>\n","protected":false},"excerpt":{"rendered":"<p>\u016adensiztur\u012bgs &#8220;elpojo&scaron;s&#8221; kost\u012bms &#8211; viegls un kompakts salikt\u0101 veid\u0101. Sieti\u0146veida odere nodro&scaron;ina lab\u0101ku gaisa apmai\u0146u. Kost\u012bmam ir \u013coti \u0113rta piegrieztne. JAKA: \u016adensnecaurlaid\u012bgs priek&scaron;\u0113jais r\u0101v\u0113jsl\u0113dz\u0113js Kapuce ar fiksatoru un regul\u0113jamu apjomu Divas s\u0101nu kabatas ar r\u0101v\u0113jsl\u0113dz\u0113ju Kr\u016b&scaron;u kabata ar r\u0101v\u0113jsl\u0113dz\u0113ju Neilona odere Savelkama jakas lejasda\u013ca Regul\u0113jamas Velcro man\u017eetes BIKSES: Regul\u0113jamas, elast\u012bgas plecu lences Elast\u012bga josta Neilona [&hellip;]<\/p>\n","protected":false},"featured_media":0,"template":"","meta":[],"product_brand":[899],"product_cat":[4538,4559,4560,4640],"product_tag":[],"class_list":{"0":"post-80638","1":"product","2":"type-product","3":"status-publish","5":"product_brand-norfin","6":"product_cat-fishing-equipment-recreation","7":"product_cat-equipment-fishing-equipment-recreation","8":"product_cat-clothes-equipment-fishing-equipment-recreation","9":"product_cat-recreation","11":"first","12":"instock","13":"shipping-taxable","14":"purchasable","15":"product-type-simple"},"_links":{"self":[{"href":"https:\/\/sezona.lv\/en\/wp-json\/wp\/v2\/product\/80638","targetHints":{"allow":["GET"]}}],"collection":[{"href":"https:\/\/sezona.lv\/en\/wp-json\/wp\/v2\/product"}],"about":[{"href":"https:\/\/sezona.lv\/en\/wp-json\/wp\/v2\/types\/product"}],"wp:attachment":[{"href":"https:\/\/sezona.lv\/en\/wp-json\/wp\/v2\/media?parent=80638"}],"wp:term":[{"taxonomy":"product_brand","embeddable":true,"href":"https:\/\/sezona.lv\/en\/wp-json\/wp\/v2\/product_brand?post=80638"},{"taxonomy":"product_cat","embeddable":true,"href":"https:\/\/sezona.lv\/en\/wp-json\/wp\/v2\/product_cat?post=80638"},{"taxonomy":"product_tag","embeddable":true,"href":"https:\/\/sezona.lv\/en\/wp-json\/wp\/v2\/product_tag?post=80638"}],"curies":[{"name":"wp","href":"https:\/\/api.w.org\/{rel}","templated":true}]}}