{"id":80639,"date":"2025-07-11T17:32:14","date_gmt":"2025-07-11T14:32:14","guid":{"rendered":"https:\/\/demo8.ecube.lv\/sezona.lv\/products\/salmo-makskeres-komplekts-blaster-telerod-set-3125-400set\/"},"modified":"2025-07-14T16:01:19","modified_gmt":"2025-07-14T13:01:19","slug":"salmo-makskeres-komplekts-blaster-telerod-set-3125-400set","status":"publish","type":"product","link":"https:\/\/sezona.lv\/en\/products\/salmo-makskeres-komplekts-blaster-telerod-set-3125-400set\/","title":{"rendered":"SALMO mak\u0161\u0137eres komplekts BLASTER TELEROD SET (3125-400SET)"},"content":{"rendered":"<p>Komplekts sast\u0101v no teleskopisk\u0101 mak&scaron;\u0137erk\u0101ta BLASTER TELEROD un spoles BLASTER. Uz bezinerces spoles kasetes ir uzt\u012bta monof\u012bl\u0101 aukla.<\/p>\n<ul>\n<li>&nbsp;Tests (g) 5-20<\/li>\n<li>&nbsp;Svars: 285g<\/li>\n<li>&nbsp;Garums: 4,00m<\/li>\n<li>&nbsp;Transp. garums: 117 cm<\/li>\n<li>&nbsp;4 sekcijas<\/li>\n<\/ul>\n<p>&nbsp;<\/p>\n<p>&nbsp;<\/p>\n<ul>\n<\/ul>\n<ul>\n<\/ul>\n","protected":false},"excerpt":{"rendered":"<p>Komplekts sast\u0101v no teleskopisk\u0101 mak&scaron;\u0137erk\u0101ta BLASTER TELEROD un spoles BLASTER. Uz bezinerces spoles kasetes ir uzt\u012bta monof\u012bl\u0101 aukla. &nbsp;Tests (g) 5-20 &nbsp;Svars: 285g &nbsp;Garums: 4,00m &nbsp;Transp. garums: 117 cm &nbsp;4 sekcijas &nbsp; &nbsp;<\/p>\n","protected":false},"featured_media":75776,"template":"","meta":[],"product_brand":[894],"product_cat":[4538,4563],"product_tag":[],"class_list":{"0":"post-80639","1":"product","2":"type-product","3":"status-publish","4":"has-post-thumbnail","6":"product_brand-salmo","7":"product_cat-fishing-equipment-recreation","8":"product_cat-sets-fishing-equipment-recreation","10":"first","11":"instock","12":"shipping-taxable","13":"purchasable","14":"product-type-simple"},"_links":{"self":[{"href":"https:\/\/sezona.lv\/en\/wp-json\/wp\/v2\/product\/80639","targetHints":{"allow":["GET"]}}],"collection":[{"href":"https:\/\/sezona.lv\/en\/wp-json\/wp\/v2\/product"}],"about":[{"href":"https:\/\/sezona.lv\/en\/wp-json\/wp\/v2\/types\/product"}],"wp:featuredmedia":[{"embeddable":true,"href":"https:\/\/sezona.lv\/en\/wp-json\/wp\/v2\/media\/75776"}],"wp:attachment":[{"href":"https:\/\/sezona.lv\/en\/wp-json\/wp\/v2\/media?parent=80639"}],"wp:term":[{"taxonomy":"product_brand","embeddable":true,"href":"https:\/\/sezona.lv\/en\/wp-json\/wp\/v2\/product_brand?post=80639"},{"taxonomy":"product_cat","embeddable":true,"href":"https:\/\/sezona.lv\/en\/wp-json\/wp\/v2\/product_cat?post=80639"},{"taxonomy":"product_tag","embeddable":true,"href":"https:\/\/sezona.lv\/en\/wp-json\/wp\/v2\/product_tag?post=80639"}],"curies":[{"name":"wp","href":"https:\/\/api.w.org\/{rel}","templated":true}]}}