{"id":80640,"date":"2025-07-14T16:01:20","date_gmt":"2025-07-14T13:01:20","guid":{"rendered":"https:\/\/demo8.ecube.lv\/sezona.lv\/products\/salmo-makskeres-komplekts-blaster-pole-set-3123-300set\/"},"modified":"2025-07-14T16:01:20","modified_gmt":"2025-07-14T13:01:20","slug":"salmo-makskeres-komplekts-blaster-pole-set-3123-300set","status":"publish","type":"product","link":"https:\/\/sezona.lv\/en\/products\/salmo-makskeres-komplekts-blaster-pole-set-3123-300set\/","title":{"rendered":"SALMO mak\u0161\u0137eres komplekts BLASTER POLE SET (3123-300SET)"},"content":{"rendered":"<p><span style=\", sans-serif;font-size: 19px;text-align: justify\">Komplekts sast\u0101v no teleskopiskas bezri\u0146\u0137u mak&scaron;\u0137eres un piln\u012bb\u0101 gatavas pludi\u0146mak&scaron;\u0137er\u0113&scaron;anas mont\u0101\u017eas (aukla, pludi\u0146&scaron;, svini\u0146i un \u0101\u0137is). Atliek tikai piesiet auklu pie k\u0101ta aug&scaron;\u0113j\u0101 posma ri\u0146\u0137\u012b&scaron;a, un j\u016bs esat gatavi \u0137ert zivis. Mak&scaron;\u0137ere ra\u017eota no stikl\u0137iedras.<\/span><\/p>\n<ul>\n<li>&nbsp;Tests (g) 5-20<\/li>\n<li>&nbsp;Svars: 150g<\/li>\n<li>&nbsp;Garums: 3,00m<\/li>\n<li>&nbsp;Transp. garums: 115 cm<\/li>\n<li>&nbsp;3 sekcijas<\/li>\n<\/ul>\n<p>&nbsp;<\/p>\n<p>&nbsp;<\/p>\n<ul>\n<\/ul>\n<ul>\n<\/ul>\n","protected":false},"excerpt":{"rendered":"<p>Komplekts sast\u0101v no teleskopiskas bezri\u0146\u0137u mak&scaron;\u0137eres un piln\u012bb\u0101 gatavas pludi\u0146mak&scaron;\u0137er\u0113&scaron;anas mont\u0101\u017eas (aukla, pludi\u0146&scaron;, svini\u0146i un \u0101\u0137is). Atliek tikai piesiet auklu pie k\u0101ta aug&scaron;\u0113j\u0101 posma ri\u0146\u0137\u012b&scaron;a, un j\u016bs esat gatavi \u0137ert zivis. Mak&scaron;\u0137ere ra\u017eota no stikl\u0137iedras. &nbsp;Tests (g) 5-20 &nbsp;Svars: 150g &nbsp;Garums: 3,00m &nbsp;Transp. garums: 115 cm &nbsp;3 sekcijas &nbsp; &nbsp;<\/p>\n","protected":false},"featured_media":0,"template":"","meta":[],"product_brand":[894],"product_cat":[4538,4563,4640],"product_tag":[],"class_list":{"0":"post-80640","1":"product","2":"type-product","3":"status-publish","5":"product_brand-salmo","6":"product_cat-fishing-equipment-recreation","7":"product_cat-sets-fishing-equipment-recreation","8":"product_cat-recreation","10":"first","11":"instock","12":"shipping-taxable","13":"purchasable","14":"product-type-simple"},"_links":{"self":[{"href":"https:\/\/sezona.lv\/en\/wp-json\/wp\/v2\/product\/80640","targetHints":{"allow":["GET"]}}],"collection":[{"href":"https:\/\/sezona.lv\/en\/wp-json\/wp\/v2\/product"}],"about":[{"href":"https:\/\/sezona.lv\/en\/wp-json\/wp\/v2\/types\/product"}],"wp:attachment":[{"href":"https:\/\/sezona.lv\/en\/wp-json\/wp\/v2\/media?parent=80640"}],"wp:term":[{"taxonomy":"product_brand","embeddable":true,"href":"https:\/\/sezona.lv\/en\/wp-json\/wp\/v2\/product_brand?post=80640"},{"taxonomy":"product_cat","embeddable":true,"href":"https:\/\/sezona.lv\/en\/wp-json\/wp\/v2\/product_cat?post=80640"},{"taxonomy":"product_tag","embeddable":true,"href":"https:\/\/sezona.lv\/en\/wp-json\/wp\/v2\/product_tag?post=80640"}],"curies":[{"name":"wp","href":"https:\/\/api.w.org\/{rel}","templated":true}]}}