{"id":80642,"date":"2025-07-11T17:32:18","date_gmt":"2025-07-11T14:32:18","guid":{"rendered":"https:\/\/demo8.ecube.lv\/sezona.lv\/products\/salmo-spininga-komplekts-blaster-tele-set-2109-210set\/"},"modified":"2025-07-14T16:01:22","modified_gmt":"2025-07-14T13:01:22","slug":"salmo-spininga-komplekts-blaster-tele-set-2109-210set","status":"publish","type":"product","link":"https:\/\/sezona.lv\/en\/products\/salmo-spininga-komplekts-blaster-tele-set-2109-210set\/","title":{"rendered":"SALMO spininga komplekts BLASTER TELE SET (2109-210SET)"},"content":{"rendered":"<p><span style=\", sans-serif;font-size: 19px;text-align: justify\">Univers\u0101ls, teleskopisks spininga komplekts ar spoli un auklu. (M\u0101nek\u013ci un pavadi\u0146a neietilpst komplekt\u0101). Spinings ra\u017eots no stikl&scaron;\u0137iedras materi\u0101la, caurlaides gredzeni no keramikas, rokturis EVA, spoles tur\u0113t\u0101js &#8211; skr\u016bv\u0113jams. Komplekt\u0101 ietilpst somi\u0146a ar r\u0101v\u0113jsl\u0113dz\u0113ju.<\/span><\/p>\n<ul>\n<li>&nbsp;Tests (g) 10-30<\/li>\n<li>&nbsp;Garums: 2,10m<\/li>\n<li>&nbsp;Transp. garums: 47 cm<\/li>\n<li>&nbsp;5 sekcijas<\/li>\n<\/ul>\n<p>&nbsp;<\/p>\n<p>&nbsp;<\/p>\n<ul>\n<\/ul>\n<ul>\n<\/ul>\n","protected":false},"excerpt":{"rendered":"<p>Univers\u0101ls, teleskopisks spininga komplekts ar spoli un auklu. (M\u0101nek\u013ci un pavadi\u0146a neietilpst komplekt\u0101). Spinings ra\u017eots no stikl&scaron;\u0137iedras materi\u0101la, caurlaides gredzeni no keramikas, rokturis EVA, spoles tur\u0113t\u0101js &#8211; skr\u016bv\u0113jams. Komplekt\u0101 ietilpst somi\u0146a ar r\u0101v\u0113jsl\u0113dz\u0113ju. &nbsp;Tests (g) 10-30 &nbsp;Garums: 2,10m &nbsp;Transp. garums: 47 cm &nbsp;5 sekcijas &nbsp; &nbsp;<\/p>\n","protected":false},"featured_media":0,"template":"","meta":[],"product_brand":[894],"product_cat":[4538,4563],"product_tag":[],"class_list":{"0":"post-80642","1":"product","2":"type-product","3":"status-publish","5":"product_brand-salmo","6":"product_cat-fishing-equipment-recreation","7":"product_cat-sets-fishing-equipment-recreation","9":"first","10":"instock","11":"shipping-taxable","12":"purchasable","13":"product-type-simple"},"_links":{"self":[{"href":"https:\/\/sezona.lv\/en\/wp-json\/wp\/v2\/product\/80642","targetHints":{"allow":["GET"]}}],"collection":[{"href":"https:\/\/sezona.lv\/en\/wp-json\/wp\/v2\/product"}],"about":[{"href":"https:\/\/sezona.lv\/en\/wp-json\/wp\/v2\/types\/product"}],"wp:attachment":[{"href":"https:\/\/sezona.lv\/en\/wp-json\/wp\/v2\/media?parent=80642"}],"wp:term":[{"taxonomy":"product_brand","embeddable":true,"href":"https:\/\/sezona.lv\/en\/wp-json\/wp\/v2\/product_brand?post=80642"},{"taxonomy":"product_cat","embeddable":true,"href":"https:\/\/sezona.lv\/en\/wp-json\/wp\/v2\/product_cat?post=80642"},{"taxonomy":"product_tag","embeddable":true,"href":"https:\/\/sezona.lv\/en\/wp-json\/wp\/v2\/product_tag?post=80642"}],"curies":[{"name":"wp","href":"https:\/\/api.w.org\/{rel}","templated":true}]}}