{"id":80644,"date":"2025-07-14T16:01:24","date_gmt":"2025-07-14T13:01:24","guid":{"rendered":"https:\/\/demo8.ecube.lv\/sezona.lv\/products\/busu-makskeresanas-komplekts-baltic\/"},"modified":"2025-07-14T16:01:24","modified_gmt":"2025-07-14T13:01:24","slug":"busu-makskeresanas-komplekts-baltic","status":"publish","type":"product","link":"https:\/\/sezona.lv\/en\/products\/busu-makskeresanas-komplekts-baltic\/","title":{"rendered":"Bu\u0161u mak\u0161\u0137er\u0113\u0161anas komplekts Baltic"},"content":{"rendered":"<p>Bu&scaron;u mak&scaron;\u0137er\u0113&scaron;anas komplekts Baltic.<\/p>\n<p class=\"MsoNormal\">&nbsp;<\/p>\n<p class=\"MsoNormal\">Ieg\u0101d\u0101joties &scaron;o komplektu J\u016bs sa\u0146emsiet:<\/p>\n<p class=\"MsoListParagraphCxSpFirst\">Komplekts BALTIC TELESURF mak&scaron;\u0137ere ir \u012bpa&scaron;i izgatavota butes mak&scaron;\u0137er\u0113&scaron;anai Baltijas j\u016br\u0101 no augstas kvalit\u0101tes karbona. Izm\u0113rs 4,2m, tests: 100-300 grami. salikt\u0101 veid\u0101: 1.2m.<\/p>\n<p class=\"MsoListParagraphCxSpFirst\">TEBEN CPR600 spole, 3 gult\u0146i.<\/p>\n<p class=\"MsoListParagraphCxSpFirst\">Fluoresc\u0113jo&scaron;a mak&scaron;\u0137eraukla &#8211; 0,4 mm, 150 metri.&nbsp;<\/p>\n<p class=\"MsoListParagraphCxSpFirst\">Tr\u012bs \u0101\u0137u sist\u0113ma, kas apr\u012bkota ar fluoresc\u0113jo&scaron;\u0101m bumbi\u0146\u0101m.<\/p>\n<p class=\"MsoListParagraphCxSpFirst\">Piram\u012bdas svins, 100 gr.<\/p>\n","protected":false},"excerpt":{"rendered":"<p>Bu&scaron;u mak&scaron;\u0137er\u0113&scaron;anas komplekts Baltic. &nbsp; Ieg\u0101d\u0101joties &scaron;o komplektu J\u016bs sa\u0146emsiet: Komplekts BALTIC TELESURF mak&scaron;\u0137ere ir \u012bpa&scaron;i izgatavota butes mak&scaron;\u0137er\u0113&scaron;anai Baltijas j\u016br\u0101 no augstas kvalit\u0101tes karbona. Izm\u0113rs 4,2m, tests: 100-300 grami. salikt\u0101 veid\u0101: 1.2m. TEBEN CPR600 spole, 3 gult\u0146i. Fluoresc\u0113jo&scaron;a mak&scaron;\u0137eraukla &#8211; 0,4 mm, 150 metri.&nbsp; Tr\u012bs \u0101\u0137u sist\u0113ma, kas apr\u012bkota ar fluoresc\u0113jo&scaron;\u0101m bumbi\u0146\u0101m. Piram\u012bdas svins, [&hellip;]<\/p>\n","protected":false},"featured_media":0,"template":"","meta":[],"product_brand":[],"product_cat":[4538,4563,4640],"product_tag":[],"class_list":{"0":"post-80644","1":"product","2":"type-product","3":"status-publish","5":"product_cat-fishing-equipment-recreation","6":"product_cat-sets-fishing-equipment-recreation","7":"product_cat-recreation","9":"first","10":"instock","11":"shipping-taxable","12":"purchasable","13":"product-type-simple"},"_links":{"self":[{"href":"https:\/\/sezona.lv\/en\/wp-json\/wp\/v2\/product\/80644","targetHints":{"allow":["GET"]}}],"collection":[{"href":"https:\/\/sezona.lv\/en\/wp-json\/wp\/v2\/product"}],"about":[{"href":"https:\/\/sezona.lv\/en\/wp-json\/wp\/v2\/types\/product"}],"wp:attachment":[{"href":"https:\/\/sezona.lv\/en\/wp-json\/wp\/v2\/media?parent=80644"}],"wp:term":[{"taxonomy":"product_brand","embeddable":true,"href":"https:\/\/sezona.lv\/en\/wp-json\/wp\/v2\/product_brand?post=80644"},{"taxonomy":"product_cat","embeddable":true,"href":"https:\/\/sezona.lv\/en\/wp-json\/wp\/v2\/product_cat?post=80644"},{"taxonomy":"product_tag","embeddable":true,"href":"https:\/\/sezona.lv\/en\/wp-json\/wp\/v2\/product_tag?post=80644"}],"curies":[{"name":"wp","href":"https:\/\/api.w.org\/{rel}","templated":true}]}}