{"id":80651,"date":"2025-07-14T16:01:31","date_gmt":"2025-07-14T13:01:31","guid":{"rendered":"https:\/\/demo8.ecube.lv\/sezona.lv\/products\/ziemas-zabaki-norfin-force\/"},"modified":"2025-07-14T16:01:31","modified_gmt":"2025-07-14T13:01:31","slug":"ziemas-zabaki-norfin-force","status":"publish","type":"product","link":"https:\/\/sezona.lv\/en\/products\/ziemas-zabaki-norfin-force\/","title":{"rendered":"Ziemas z\u0101baki Norfin FORCE"},"content":{"rendered":"<p><span style=\", sans-serif;font-size: 19px;text-align: justify\">Silti un \u0113rti ziemas z\u0101baki ar iztur\u012bgu TPR materi\u0101la zoli. Iz\u0146emam\u0101 tr\u012bssl\u0101\u0146u odere, kas izgatavota ar Thinsulate izol\u0101ciju, nodro&scaron;ina siltumu da\u017e\u0101dos apst\u0101k\u013cos. Odere ir iz\u0146emama un p\u0113c lieto&scaron;anas viegli iz\u017e\u0101v\u0113jama. Z\u0101baku aug&scaron;da\u013ca ir izgatavota no neilona un PU materi\u0101la.<\/span><\/p>\n<ul style=\"margin-top: 0px;margin-bottom: 10px;, sans-serif;font-size: 19px;text-align: justify\">\n<li>Komforta temperat\u016bra l\u012bdz -25&deg;\u0421<\/li>\n<li>TPR zole<\/li>\n<li>Aug&scaron;\u0113j\u0101 da\u013ca &#8211; Neilons + PU<\/li>\n<li>Odere &#8211; filcs + 200 g 3M Thinsulate<\/li>\n<\/ul>\n<ul>\n<\/ul>\n","protected":false},"excerpt":{"rendered":"<p>Silti un \u0113rti ziemas z\u0101baki ar iztur\u012bgu TPR materi\u0101la zoli. Iz\u0146emam\u0101 tr\u012bssl\u0101\u0146u odere, kas izgatavota ar Thinsulate izol\u0101ciju, nodro&scaron;ina siltumu da\u017e\u0101dos apst\u0101k\u013cos. Odere ir iz\u0146emama un p\u0113c lieto&scaron;anas viegli iz\u017e\u0101v\u0113jama. Z\u0101baku aug&scaron;da\u013ca ir izgatavota no neilona un PU materi\u0101la. Komforta temperat\u016bra l\u012bdz -25&deg;\u0421 TPR zole Aug&scaron;\u0113j\u0101 da\u013ca &#8211; Neilons + PU Odere &#8211; filcs + [&hellip;]<\/p>\n","protected":false},"featured_media":0,"template":"","meta":[],"product_brand":[899],"product_cat":[4615,4640],"product_tag":[],"class_list":{"0":"post-80651","1":"product","2":"type-product","3":"status-publish","5":"product_brand-norfin","6":"product_cat-winter-boots-recreation","7":"product_cat-recreation","9":"first","10":"instock","11":"shipping-taxable","12":"purchasable","13":"product-type-simple"},"_links":{"self":[{"href":"https:\/\/sezona.lv\/en\/wp-json\/wp\/v2\/product\/80651","targetHints":{"allow":["GET"]}}],"collection":[{"href":"https:\/\/sezona.lv\/en\/wp-json\/wp\/v2\/product"}],"about":[{"href":"https:\/\/sezona.lv\/en\/wp-json\/wp\/v2\/types\/product"}],"wp:attachment":[{"href":"https:\/\/sezona.lv\/en\/wp-json\/wp\/v2\/media?parent=80651"}],"wp:term":[{"taxonomy":"product_brand","embeddable":true,"href":"https:\/\/sezona.lv\/en\/wp-json\/wp\/v2\/product_brand?post=80651"},{"taxonomy":"product_cat","embeddable":true,"href":"https:\/\/sezona.lv\/en\/wp-json\/wp\/v2\/product_cat?post=80651"},{"taxonomy":"product_tag","embeddable":true,"href":"https:\/\/sezona.lv\/en\/wp-json\/wp\/v2\/product_tag?post=80651"}],"curies":[{"name":"wp","href":"https:\/\/api.w.org\/{rel}","templated":true}]}}