{"id":80653,"date":"2025-07-14T16:01:34","date_gmt":"2025-07-14T13:01:34","guid":{"rendered":"https:\/\/demo8.ecube.lv\/sezona.lv\/products\/ziemas-kostims-norfin-extreme-5-pro\/"},"modified":"2025-07-14T16:01:34","modified_gmt":"2025-07-14T13:01:34","slug":"ziemas-kostims-norfin-extreme-5-pro","status":"publish","type":"product","link":"https:\/\/sezona.lv\/en\/products\/ziemas-kostims-norfin-extreme-5-pro\/","title":{"rendered":"Ziemas kost\u012bms NORFIN EXTREME 5 Pro"},"content":{"rendered":"<p><span style=\", sans-serif;font-size: 19px;text-align: justify\">NORFIN EXTREME 5 PRO, apvieno sev\u012b puskombinzonu un jaku, izgatavotus no elpojo&scaron;a, mitrumiztur\u012bga materi\u0101la NORTEX BREATHABLE, k\u0101 ar\u012b iz\u0146emamu iek&scaron;jaku, kura ir apr\u012bkota ar vieglu, augstas kvalit\u0101tes siltin\u0101juma materi\u0101lu &ndash; HOLLOFIL. Pateicoties m\u016bsdien\u012bgajam dizainam, iek&scaron;jaka lieliski izskat\u0101s ar\u012b kad to valk\u0101 atsevi&scaron;\u0137i. Kost\u012bms nodro&scaron;ina siltumu un komfortu l\u012bdz &ndash; 45&deg;C temperat\u016brai. Univers\u0101ls kost\u012bms da\u017e\u0101d\u0101m temperat\u016br\u0101m. Iz\u0146emama iek&scaron;jaka. \u012apa&scaron;i gari r\u0101v\u0113jsl\u0113dz\u0113ji kombinezona s\u0101nos.<\/span><\/p>\n<p style=\"margin: 0px 0px 10px;, sans-serif;font-size: 19px;text-align: justify\">&nbsp;<\/p>\n<dt style=\"line-height: 1.42857;font-weight: 700;, sans-serif;font-size: 19px;text-align: justify\">JAKA:<\/dt>\n<li style=\", sans-serif;font-size: 19px\">Kapuce ar nagu<\/li>\n<li style=\", sans-serif;font-size: 19px\">Regul\u0113jams kapuces apjoms<\/li>\n<li style=\", sans-serif;font-size: 19px\">Dubultais r\u0101v\u0113jsl\u0113dz\u0113js ar atloku<\/li>\n<li style=\", sans-serif;font-size: 19px\">Kabatas roku sild\u012b&scaron;anai<\/li>\n<li style=\", sans-serif;font-size: 19px\">Divas kabatas uz kr\u016bt\u012bm un viena iek&scaron;kabata<\/li>\n<li style=\", sans-serif;font-size: 19px\">Divas s\u0101nu kabatas ar atlokiem<\/li>\n<li style=\", sans-serif;font-size: 19px\">Elast\u012bgas iek&scaron;\u0113j\u0101s man&scaron;etes<\/li>\n<li style=\", sans-serif;font-size: 19px\">Regul\u0113jamas \u0101r\u0113j\u0101s man&scaron;etes piedurkn\u0113m<\/li>\n<li style=\", sans-serif;font-size: 19px\">Stiprin\u0101ts materi\u0101ls plecu un elko\u0146u rajon\u0101<\/li>\n<li style=\", sans-serif;font-size: 19px\">Gaismu atstarojo&scaron;i elementi dro&scaron;\u012bbai<\/li>\n<p style=\"margin: 0px 0px 10px;, sans-serif;font-size: 19px;text-align: justify\">&nbsp;<\/p>\n<dt style=\"line-height: 1.42857;font-weight: 700;, sans-serif;font-size: 19px;text-align: justify\">IEK&Scaron;JAKA:<\/dt>\n<li style=\", sans-serif;font-size: 19px\">Siltin\u0101juma materi\u0101ls &ndash; HOLLOFIL<\/li>\n<li style=\", sans-serif;font-size: 19px\">Iek&scaron;kabata<\/li>\n<li style=\", sans-serif;font-size: 19px\">Divas s\u0101nu kabatas ar r\u0101v\u0113jsl\u0113dz\u0113jiem<\/li>\n<p style=\"margin: 0px 0px 10px;, sans-serif;font-size: 19px;text-align: justify\">&nbsp;<\/p>\n<dt style=\"line-height: 1.42857;font-weight: 700;, sans-serif;font-size: 19px;text-align: justify\">PUSKOMBINEZONS:<\/dt>\n<li style=\", sans-serif;font-size: 19px\">Regul\u0113jamas, elast\u012bgas lences<\/li>\n<li style=\", sans-serif;font-size: 19px\">Dubultais r\u0101v\u0113jsl\u0113dz\u0113js ar atloku<\/li>\n<li style=\", sans-serif;font-size: 19px\">\u0112rtas s\u0101nu kabatas<\/li>\n<li style=\", sans-serif;font-size: 19px\">Kabata uz kr\u016bt\u012bm ar r\u0101v\u0113jsl\u0113dz\u0113ju<\/li>\n<li style=\", sans-serif;font-size: 19px\">Bik&scaron;u staras attais\u0101mas ar r\u0101v\u0113jsl\u0113dz\u0113ju<\/li>\n<li style=\", sans-serif;font-size: 19px\">Pastiprin\u0101ts materi\u0101ls ce\u013cgalu un s\u0113\u017eamvietas rajonos<\/li>\n<li style=\", sans-serif;font-size: 19px\">Iz\u0146emami ielik\u0146i ce\u013cgalu un s\u0113\u017eamvietas rajon\u0101<\/li>\n<li style=\", sans-serif;font-size: 19px\">R\u016bp\u012bgi nol\u012bm\u0113tas &scaron;uves<\/li>\n<p style=\"margin: 0px 0px 10px;, sans-serif;font-size: 19px;text-align: justify\">Materi\u0101ls: NORTEX BREATHHABLE<br \/>Mitrumiztur\u012bba: 12 000 mm<br \/>Elpotsp\u0113ja: 8 000 g\/m&sup2;\/24h<br \/>Siltin\u0101jums: HOLLOFIL<\/p>\n<p><strong><\/strong><\/p>\n","protected":false},"excerpt":{"rendered":"<p>NORFIN EXTREME 5 PRO, apvieno sev\u012b puskombinzonu un jaku, izgatavotus no elpojo&scaron;a, mitrumiztur\u012bga materi\u0101la NORTEX BREATHABLE, k\u0101 ar\u012b iz\u0146emamu iek&scaron;jaku, kura ir apr\u012bkota ar vieglu, augstas kvalit\u0101tes siltin\u0101juma materi\u0101lu &ndash; HOLLOFIL. Pateicoties m\u016bsdien\u012bgajam dizainam, iek&scaron;jaka lieliski izskat\u0101s ar\u012b kad to valk\u0101 atsevi&scaron;\u0137i. Kost\u012bms nodro&scaron;ina siltumu un komfortu l\u012bdz &ndash; 45&deg;C temperat\u016brai. Univers\u0101ls kost\u012bms da\u017e\u0101d\u0101m temperat\u016br\u0101m. [&hellip;]<\/p>\n","protected":false},"featured_media":0,"template":"","meta":[],"product_brand":[899],"product_cat":[4619,4620,4640,4993],"product_tag":[],"class_list":{"0":"post-80653","1":"product","2":"type-product","3":"status-publish","5":"product_brand-norfin","6":"product_cat-winter-clothes-recreation","7":"product_cat-norfin-suits-winter-suits-for-fishing","8":"product_cat-recreation","9":"product_cat-winter-suits-for-fishing-winter-clothes-recreation","11":"first","12":"instock","13":"shipping-taxable","14":"purchasable","15":"product-type-simple"},"_links":{"self":[{"href":"https:\/\/sezona.lv\/en\/wp-json\/wp\/v2\/product\/80653","targetHints":{"allow":["GET"]}}],"collection":[{"href":"https:\/\/sezona.lv\/en\/wp-json\/wp\/v2\/product"}],"about":[{"href":"https:\/\/sezona.lv\/en\/wp-json\/wp\/v2\/types\/product"}],"wp:attachment":[{"href":"https:\/\/sezona.lv\/en\/wp-json\/wp\/v2\/media?parent=80653"}],"wp:term":[{"taxonomy":"product_brand","embeddable":true,"href":"https:\/\/sezona.lv\/en\/wp-json\/wp\/v2\/product_brand?post=80653"},{"taxonomy":"product_cat","embeddable":true,"href":"https:\/\/sezona.lv\/en\/wp-json\/wp\/v2\/product_cat?post=80653"},{"taxonomy":"product_tag","embeddable":true,"href":"https:\/\/sezona.lv\/en\/wp-json\/wp\/v2\/product_tag?post=80653"}],"curies":[{"name":"wp","href":"https:\/\/api.w.org\/{rel}","templated":true}]}}