{"id":80654,"date":"2025-07-14T16:01:35","date_gmt":"2025-07-14T13:01:35","guid":{"rendered":"https:\/\/demo8.ecube.lv\/sezona.lv\/products\/norfin-arctic-4-ziemas-kostims\/"},"modified":"2025-07-14T16:01:35","modified_gmt":"2025-07-14T13:01:35","slug":"norfin-arctic-4-ziemas-kostims","status":"publish","type":"product","link":"https:\/\/sezona.lv\/en\/products\/norfin-arctic-4-ziemas-kostims\/","title":{"rendered":"Norfin ARCTIC 4 ziemas kost\u012bms"},"content":{"rendered":"<p><span style=\", sans-serif;font-size: 19px;text-align: justify\">\u0112rts ziemas kost\u012bms, izstr\u0101d\u0101ts ziemas mak&scaron;\u0137er\u0113&scaron;anai. Nortex Breathbale materi\u0101ls aizsarg\u0101s no nokri&scaron;\u0146iem un v\u0113ja, saglab\u0101jot komfortu mak&scaron;\u0137er\u0113jot. Paredz\u0113ts izmanto&scaron;anai gaisa temperat\u016br\u0101 l\u012bdz -25&deg;C. V\u0113ja un \u016bdensiztur\u012bgs materi\u0101ls. Pastiprin\u0101ts materi\u0101ls uz ce\u013ciem un aizmugur\u0113. Veidots mak&scaron;\u0137erniekiem.<\/span><\/p>\n<p style=\"margin: 0px 0px 10px;, sans-serif;font-size: 19px;text-align: justify\">&nbsp;<\/p>\n<dt style=\"line-height: 1.42857;font-weight: 700;, sans-serif;font-size: 19px;text-align: justify\">JAKA:<\/dt>\n<li style=\", sans-serif;font-size: 19px\">L\u012bm\u0113tas &scaron;uves<\/li>\n<li style=\", sans-serif;font-size: 19px\">Dubultais r\u0101v\u0113jsl\u0113dz\u0113js ar atloku<\/li>\n<li style=\", sans-serif;font-size: 19px\">Divos l\u012bme\u0146os regul\u0113jama kapuce<\/li>\n<li style=\", sans-serif;font-size: 19px\">Jostas viet\u0101 savelkama jaka<\/li>\n<li style=\", sans-serif;font-size: 19px\">\u0112rtas kabatas jakas iek&scaron;pus\u0113 un \u0101rpus\u0113<\/li>\n<li style=\", sans-serif;font-size: 19px\">Silta kabata mobilajam telefonam<\/li>\n<li style=\", sans-serif;font-size: 19px\">Elast\u012bgas man&scaron;etes<\/li>\n<li style=\", sans-serif;font-size: 19px\">Regul\u0113jamas \u0101r\u0113j\u0101s man&scaron;etes piedurkn\u0113m<\/li>\n<li style=\", sans-serif;font-size: 19px\">Gaismu atstarojo&scaron;i elementi<\/li>\n<p style=\"margin: 0px 0px 10px;, sans-serif;font-size: 19px;text-align: justify\">&nbsp;<\/p>\n<dt style=\"line-height: 1.42857;font-weight: 700;, sans-serif;font-size: 19px;text-align: justify\">PUSKOMBINEZONS:<\/dt>\n<li style=\", sans-serif;font-size: 19px\">Regul\u0113jamas lences<\/li>\n<li style=\", sans-serif;font-size: 19px\">Divas ietilp\u012bgas kabatas ar atlokiem<\/li>\n<li style=\", sans-serif;font-size: 19px\">Pastiprin\u0101ts materi\u0101ls ce\u013cgalu un s\u0113\u017eamvietas zon\u0101s<\/li>\n<li style=\", sans-serif;font-size: 19px\">Artikul\u0113ti ce\u013ci<\/li>\n<li style=\", sans-serif;font-size: 19px\">Iek&scaron;\u0113j\u0101s getras aizsardz\u012bbai pret sniegu<\/li>\n<li style=\", sans-serif;font-size: 19px\">Dubultais r\u0101v\u0113jsl\u0113dz\u0113js ar atloku<\/li>\n<li style=\", sans-serif;font-size: 19px\">Bik&scaron;u staras attais\u0101mas ar r\u0101v\u0113jsl\u0113dz\u0113ju<\/li>\n<li style=\", sans-serif;font-size: 19px\">Paaugstin\u0101ta jostas vieta<\/li>\n<p style=\"margin: 0px 0px 10px;, sans-serif;font-size: 19px;text-align: justify\">Materi\u0101ls: NORTEX BREATHHABLE<br \/>Mitrumiztur\u012bba: 8 000 mm<br \/>Elpotsp\u0113ja: 6 000 g\/m&sup2;\/24h<br \/>Siltin\u0101jums: THERMO GUARD<\/p>\n","protected":false},"excerpt":{"rendered":"<p>\u0112rts ziemas kost\u012bms, izstr\u0101d\u0101ts ziemas mak&scaron;\u0137er\u0113&scaron;anai. Nortex Breathbale materi\u0101ls aizsarg\u0101s no nokri&scaron;\u0146iem un v\u0113ja, saglab\u0101jot komfortu mak&scaron;\u0137er\u0113jot. Paredz\u0113ts izmanto&scaron;anai gaisa temperat\u016br\u0101 l\u012bdz -25&deg;C. V\u0113ja un \u016bdensiztur\u012bgs materi\u0101ls. Pastiprin\u0101ts materi\u0101ls uz ce\u013ciem un aizmugur\u0113. Veidots mak&scaron;\u0137erniekiem. &nbsp; JAKA: L\u012bm\u0113tas &scaron;uves Dubultais r\u0101v\u0113jsl\u0113dz\u0113js ar atloku Divos l\u012bme\u0146os regul\u0113jama kapuce Jostas viet\u0101 savelkama jaka \u0112rtas kabatas jakas iek&scaron;pus\u0113 [&hellip;]<\/p>\n","protected":false},"featured_media":0,"template":"","meta":[],"product_brand":[899],"product_cat":[4619,4620,4640,4993],"product_tag":[],"class_list":{"0":"post-80654","1":"product","2":"type-product","3":"status-publish","5":"product_brand-norfin","6":"product_cat-winter-clothes-recreation","7":"product_cat-norfin-suits-winter-suits-for-fishing","8":"product_cat-recreation","9":"product_cat-winter-suits-for-fishing-winter-clothes-recreation","11":"first","12":"instock","13":"shipping-taxable","14":"purchasable","15":"product-type-simple"},"_links":{"self":[{"href":"https:\/\/sezona.lv\/en\/wp-json\/wp\/v2\/product\/80654","targetHints":{"allow":["GET"]}}],"collection":[{"href":"https:\/\/sezona.lv\/en\/wp-json\/wp\/v2\/product"}],"about":[{"href":"https:\/\/sezona.lv\/en\/wp-json\/wp\/v2\/types\/product"}],"wp:attachment":[{"href":"https:\/\/sezona.lv\/en\/wp-json\/wp\/v2\/media?parent=80654"}],"wp:term":[{"taxonomy":"product_brand","embeddable":true,"href":"https:\/\/sezona.lv\/en\/wp-json\/wp\/v2\/product_brand?post=80654"},{"taxonomy":"product_cat","embeddable":true,"href":"https:\/\/sezona.lv\/en\/wp-json\/wp\/v2\/product_cat?post=80654"},{"taxonomy":"product_tag","embeddable":true,"href":"https:\/\/sezona.lv\/en\/wp-json\/wp\/v2\/product_tag?post=80654"}],"curies":[{"name":"wp","href":"https:\/\/api.w.org\/{rel}","templated":true}]}}